{"id":647,"date":"2021-03-29T02:13:52","date_gmt":"2021-03-29T02:13:52","guid":{"rendered":"http:\/\/localhost\/nuss\/?page_id=647"},"modified":"2025-12-04T10:48:46","modified_gmt":"2025-12-04T10:48:46","slug":"servizi","status":"publish","type":"page","link":"https:\/\/orientalvoguehotel.com\/it\/servizi\/","title":{"rendered":"Servizi"},"content":{"rendered":"<div data-elementor-type=\"wp-page\" data-elementor-id=\"647\" class=\"elementor elementor-647\">\n\t\t\t\t\t\t<section class=\"elementor-section elementor-top-section elementor-element elementor-element-3353bc8 elementor-section-boxed elementor-section-gap-beside-yes elementor-section-height-default elementor-section-height-default elementor-section-column-vertical-align-stretch\" data-id=\"3353bc8\" data-element_type=\"section\" data-e-type=\"section\">\n\t\t\t\t\t\t<div class=\"elementor-container elementor-column-gap-extended\">\n\t\t\t\t\t<div class=\"elementor-column elementor-col-100 elementor-top-column elementor-element elementor-element-0a2bc64\" data-id=\"0a2bc64\" data-element_type=\"column\" data-e-type=\"column\">\n\t\t\t<div class=\"elementor-widget-wrap elementor-element-populated\">\n\t\t\t\t\t\t<div class=\"elementor-element elementor-element-447e3ef elementor-widget__width-initial elementor-invisible elementor-widget elementor-widget-text-editor\" data-id=\"447e3ef\" data-element_type=\"widget\" data-e-type=\"widget\" data-settings=\"{&quot;_animation&quot;:&quot;nussFadeInUp&quot;}\" data-widget_type=\"text-editor.default\">\n\t\t\t\t\t\t\t\t\t<p>Il nostro impegno per l&#039;ospitalit\u00e0 va ben oltre la semplice offerta di sistemazioni eleganti: ci impegniamo a creare un&#039;esperienza impeccabile e arricchente per ogni ospite che varca la nostra soglia. Che siate in viaggio per lavoro, svago o per un&#039;esplorazione culturale, la nostra ampia gamma di <strong>servizi attentamente curati <\/strong> garantisce che il tuo viaggio nel cuore della capitale cinese sia il pi\u00f9 confortevole, pratico e personalizzato possibile.<\/p>\t\t\t\t\t\t\t\t<\/div>\n\t\t\t\t\t<\/div>\n\t\t<\/div>\n\t\t\t\t\t<\/div>\n\t\t<\/section>\n\t\t\t\t<section class=\"elementor-section elementor-top-section elementor-element elementor-element-eb870d9 elementor-section-boxed elementor-section-gap-beside-yes elementor-section-height-default elementor-section-height-default elementor-section-column-vertical-align-stretch\" data-id=\"eb870d9\" data-element_type=\"section\" data-e-type=\"section\">\n\t\t\t\t\t\t<div class=\"elementor-container elementor-column-gap-extended\">\n\t\t\t\t\t<div class=\"elementor-column elementor-col-50 elementor-top-column elementor-element elementor-element-2f5d206\" data-id=\"2f5d206\" data-element_type=\"column\" data-e-type=\"column\">\n\t\t\t<div class=\"elementor-widget-wrap elementor-element-populated\">\n\t\t\t\t\t\t<div class=\"elementor-element elementor-element-a0de317 elementor-invisible nuss-elementor-loading nuss-slide-in-right elementor-widget elementor-widget-image\" data-id=\"a0de317\" data-element_type=\"widget\" data-e-type=\"widget\" data-settings=\"{&quot;_animation&quot;:&quot;nussSlideInRight&quot;}\" data-widget_type=\"image.default\">\n\t\t\t\t\t\t\t\t\t\t\t\t\t\t\t<img fetchpriority=\"high\" decoding=\"async\" width=\"568\" height=\"853\" src=\"https:\/\/orientalvoguehotel.com\/wp-content\/uploads\/2025\/07\/Oriental-Vogue-Hotel-178.webp\" class=\"attachment-full size-full wp-image-5771\" alt=\"\" srcset=\"https:\/\/orientalvoguehotel.com\/wp-content\/uploads\/2025\/07\/Oriental-Vogue-Hotel-178.webp 568w, https:\/\/orientalvoguehotel.com\/wp-content\/uploads\/2025\/07\/Oriental-Vogue-Hotel-178-200x300.webp 200w\" sizes=\"(max-width: 568px) 100vw, 568px\" \/>\t\t\t\t\t\t\t\t\t\t\t\t\t\t\t<\/div>\n\t\t\t\t\t<\/div>\n\t\t<\/div>\n\t\t\t\t<div class=\"elementor-column elementor-col-50 elementor-top-column elementor-element elementor-element-36be69e\" data-id=\"36be69e\" data-element_type=\"column\" data-e-type=\"column\">\n\t\t\t<div class=\"elementor-widget-wrap elementor-element-populated\">\n\t\t\t\t\t\t<div class=\"elementor-element elementor-element-157da33 elementor-invisible elementor-widget elementor-widget-heading\" data-id=\"157da33\" data-element_type=\"widget\" data-e-type=\"widget\" data-settings=\"{&quot;_animation&quot;:&quot;nussFadeInUp&quot;}\" data-widget_type=\"heading.default\">\n\t\t\t\t\t<h3 class=\"elementor-heading-title elementor-size-default\">Un mix perfetto di tradizione ed efficienza moderna <\/h3>\t\t\t\t<\/div>\n\t\t\t\t<div class=\"elementor-element elementor-element-a5c4fb7 elementor-invisible elementor-widget elementor-widget-text-editor\" data-id=\"a5c4fb7\" data-element_type=\"widget\" data-e-type=\"widget\" data-settings=\"{&quot;_animation&quot;:&quot;nussFadeInUp&quot;}\" data-widget_type=\"text-editor.default\">\n\t\t\t\t\t\t\t\t\t<p data-spm-anchor-id=\"a2ty_o01.29997173.0.i66.1dedc921VWRwZn\">Fin dal vostro arrivo, il nostro obiettivo \u00e8 rendere il vostro soggiorno con noi semplice, piacevole e indimenticabile. La filosofia del servizio dell&#039;hotel \u00e8 profondamente radicata nei valori tradizionali cinesi di rispetto, calore e attenzione, pur abbracciando i moderni standard internazionali di efficienza e innovazione. Questa combinazione unica ci permette di soddisfare le diverse esigenze dei viaggiatori globali, mantenendo al contempo un autentico fascino locale.<\/p><p data-spm-anchor-id=\"a2ty_o01.29997173.0.i64.1dedc921VWRwZn\">Ogni membro del nostro team multilingue \u00e8 preparato ad anticipare le vostre esigenze e a fornirvi un&#039;assistenza tempestiva e cortese durante tutto il vostro soggiorno. Che si tratti di aiutarvi con i bagagli, consigliarvi attrazioni nelle vicinanze o soddisfare richieste speciali, il nostro staff si impegna a garantire che la vostra esperienza rifletta il vero significato di <strong>ospitalit\u00e0 cinese <\/strong>\u2014dove gli ospiti vengono trattati come membri onorati della famiglia.<\/p>\t\t\t\t\t\t\t\t<\/div>\n\t\t\t\t\t<\/div>\n\t\t<\/div>\n\t\t\t\t\t<\/div>\n\t\t<\/section>\n\t\t\t\t<section class=\"elementor-section elementor-top-section elementor-element elementor-element-30e46d3 elementor-section-boxed elementor-section-gap-beside-yes elementor-section-height-default elementor-section-height-default elementor-section-column-vertical-align-stretch\" data-id=\"30e46d3\" data-element_type=\"section\" data-e-type=\"section\">\n\t\t\t\t\t\t<div class=\"elementor-container elementor-column-gap-extended\">\n\t\t\t\t\t<div class=\"elementor-column elementor-col-100 elementor-top-column elementor-element elementor-element-5100fae\" data-id=\"5100fae\" data-element_type=\"column\" data-e-type=\"column\">\n\t\t\t<div class=\"elementor-widget-wrap elementor-element-populated\">\n\t\t\t\t\t\t<div class=\"elementor-element elementor-element-e6d67a7 elementor-invisible elementor-widget elementor-widget-heading\" data-id=\"e6d67a7\" data-element_type=\"widget\" data-e-type=\"widget\" data-settings=\"{&quot;_animation&quot;:&quot;nussFadeInUp&quot;}\" data-widget_type=\"heading.default\">\n\t\t\t\t\t<h3 class=\"elementor-heading-title elementor-size-default\">Servizi personalizzati per gli ospiti, pensati per il comfort e la praticit\u00e0 <\/h3>\t\t\t\t<\/div>\n\t\t\t\t<div class=\"elementor-element elementor-element-5b35b86 elementor-invisible elementor-widget elementor-widget-text-editor\" data-id=\"5b35b86\" data-element_type=\"widget\" data-e-type=\"widget\" data-settings=\"{&quot;_animation&quot;:&quot;nussFadeInUp&quot;}\" data-widget_type=\"text-editor.default\">\n\t\t\t\t\t\t\t\t\t<p data-spm-anchor-id=\"a2ty_o01.29997173.0.i69.1dedc921VWRwZn\">Sappiamo che non esistono due viaggiatori uguali, ecco perch\u00e9 offriamo una gamma completa di <strong>servizi personalizzati per gli ospiti <\/strong> su misura per soddisfare diversi stili e preferenze di viaggio:<\/p><h4>\u2705 <strong>Reception 24 ore su 24 e assistenza concierge <\/strong><\/h4><p data-spm-anchor-id=\"a2ty_o01.29997173.0.i68.1dedc921VWRwZn\">La nostra reception \u00e8 aperta 24 ore su 24 per fornire supporto continuo. Gli ospiti possono usufruire di assistenza per prenotazioni, prenotazioni di trasporti e richieste generali a qualsiasi ora. <strong>team di concierge professionisti <\/strong> \u00e8 inoltre a disposizione per aiutarti a pianificare il tuo itinerario, prenotare visite guidate, consigliarti ristoranti e persino assisterti con modifiche dell&#039;ultimo minuto al tuo programma.<\/p><h4>\u2705 <strong>Wi-Fi ad alta velocit\u00e0 gratuito in tutta la struttura <\/strong><\/h4><p>Nell&#039;era digitale odierna, rimanere connessi \u00e8 essenziale. Ecco perch\u00e9 offriamo <strong>Wi-Fi in fibra ottica ad alta velocit\u00e0 gratuito <\/strong> In tutto l&#039;hotel, comprese le camere, le aree comuni e il nostro business center. Che si tratti di videoconferenze, navigazione sul web o streaming di contenuti multimediali, la nostra rete garantisce una connettivit\u00e0 veloce, sicura e senza interruzioni.<\/p><h4>\u2705 <strong>Servizi di lavanderia e lavaggio a secco <\/strong><\/h4><p>Viaggiare leggeri? Nessun problema. Offriamo <strong>servizi di lavanderia e lavaggio a secco in giornata e il giorno successivo <\/strong>, cos\u00ec potrai preparare i bagagli in modo intelligente e goderti comunque abiti puliti durante il tuo viaggio. Lascia i tuoi capi al nostro team addetto alle pulizie e te li restituiremo puliti e stirati meticolosamente.<\/p><h4>\u2705 <strong>Trasferimenti aeroportuali e accordi di trasporto <\/strong><\/h4><p>Per alleviare lo stress dell&#039;arrivo e della partenza, offriamo <strong>servizi di trasferimento aeroportuale <\/strong> Su richiesta. Il nostro team pu\u00f2 organizzare il noleggio di auto private, la prenotazione di taxi o servizi navetta condivisi in base alle vostre preferenze e al vostro budget. Inoltre, forniamo assistenza per la navigazione della metropolitana, il noleggio di biciclette e il supporto tramite app di ride-hailing per garantirvi spostamenti a Pechino in tutta semplicit\u00e0.<\/p><h4>\u2705 <strong>Centro business e supporto per riunioni <\/strong><\/h4><p>Per i viaggiatori d&#039;affari, il nostro <strong>centro business dedicato <\/strong> Fornisce strumenti essenziali, tra cui servizi di stampa, scansione, fax e rilegatura di documenti. Offriamo inoltre l&#039;allestimento di sale riunioni, il catering e il supporto tecnico per le presentazioni, garantendo che i vostri impegni professionali siano gestiti con precisione e professionalit\u00e0.<\/p><h4>\u2705 <strong>Servizio in camera e opzioni di ristorazione in camera <\/strong><\/h4><p>A volte, il modo migliore per rilassarsi dopo una lunga giornata trascorsa ad esplorare Pechino \u00e8 dal comfort della propria camera. Il nostro <strong>men\u00f9 del servizio in camera <\/strong> offre una selezione di specialit\u00e0 locali e piatti internazionali, disponibili con orari prolungati per adattarsi a diverse esigenze.<\/p><h4>\u2705 <strong>Deposito bagagli e check-in anticipato \/ check-out posticipato <\/strong><\/h4><p>Se i tuoi piani non coincidono con gli orari standard di check-in, saremo lieti di custodire i tuoi bagagli in modo sicuro prima o dopo il tuo soggiorno. A seconda della disponibilit\u00e0, <strong>check-in anticipato e check-out posticipato <\/strong> possono anche essere organizzati su richiesta, dandoti la flessibilit\u00e0 di viaggiare al tuo ritmo.<\/p><h4>\u2705 <strong>Prenotazione di esperienze culturali <\/strong><\/h4><p>Pechino \u00e8 una citt\u00e0 ricca di storia, arte e tradizione, e vogliamo aiutarti a scoprirla tutta. Il nostro hotel offre <strong>pacchetti turistici culturali <\/strong>, tra cui visite alla Citt\u00e0 Proibita, al Tempio del Cielo, al Palazzo d&#039;Estate ed esperienze immersive come cerimonie del t\u00e8, corsi di calligrafia e tour a piedi degli hutong. Lasciate che vi portiamo a vivere l&#039;essenza di Pechino.<\/p><h4>\u2705 <strong>Servizi di salute e benessere <\/strong><\/h4><p data-spm-anchor-id=\"a2ty_o01.29997173.0.i70.1dedc921VWRwZn\">Riconoscendo l&#039;importanza del benessere, offriamo <strong>sedute di massoterapia <\/strong>, <strong>consigli sullo yoga <\/strong>e accesso ai centri fitness nelle vicinanze per gli ospiti che desiderano ringiovanire corpo e mente durante il soggiorno.<\/p>\t\t\t\t\t\t\t\t<\/div>\n\t\t\t\t\t<\/div>\n\t\t<\/div>\n\t\t\t\t\t<\/div>\n\t\t<\/section>\n\t\t\t\t<section class=\"elementor-section elementor-top-section elementor-element elementor-element-57e1072 elementor-section-boxed elementor-section-gap-beside-yes elementor-section-height-default elementor-section-height-default elementor-section-column-vertical-align-stretch\" data-id=\"57e1072\" data-element_type=\"section\" data-e-type=\"section\">\n\t\t\t\t\t\t<div class=\"elementor-container elementor-column-gap-extended\">\n\t\t\t\t\t<div class=\"elementor-column elementor-col-50 elementor-top-column elementor-element elementor-element-ae65b33\" data-id=\"ae65b33\" data-element_type=\"column\" data-e-type=\"column\">\n\t\t\t<div class=\"elementor-widget-wrap elementor-element-populated\">\n\t\t\t\t\t\t<div class=\"elementor-element elementor-element-3a0dcad elementor-invisible nuss-elementor-loading nuss-slide-in-right elementor-widget elementor-widget-image\" data-id=\"3a0dcad\" data-element_type=\"widget\" data-e-type=\"widget\" data-settings=\"{&quot;_animation&quot;:&quot;nussSlideInRight&quot;}\" data-widget_type=\"image.default\">\n\t\t\t\t\t\t\t\t\t\t\t\t\t\t\t<img decoding=\"async\" width=\"1280\" height=\"853\" src=\"https:\/\/orientalvoguehotel.com\/wp-content\/uploads\/2025\/07\/Oriental-Vogue-Hotel-77.webp\" class=\"attachment-full size-full wp-image-5670\" alt=\"\" srcset=\"https:\/\/orientalvoguehotel.com\/wp-content\/uploads\/2025\/07\/Oriental-Vogue-Hotel-77.webp 1280w, https:\/\/orientalvoguehotel.com\/wp-content\/uploads\/2025\/07\/Oriental-Vogue-Hotel-77-300x200.webp 300w, https:\/\/orientalvoguehotel.com\/wp-content\/uploads\/2025\/07\/Oriental-Vogue-Hotel-77-1024x682.webp 1024w, https:\/\/orientalvoguehotel.com\/wp-content\/uploads\/2025\/07\/Oriental-Vogue-Hotel-77-768x512.webp 768w\" sizes=\"(max-width: 1280px) 100vw, 1280px\" \/>\t\t\t\t\t\t\t\t\t\t\t\t\t\t\t<\/div>\n\t\t\t\t\t<\/div>\n\t\t<\/div>\n\t\t\t\t<div class=\"elementor-column elementor-col-50 elementor-top-column elementor-element elementor-element-ecff995\" data-id=\"ecff995\" data-element_type=\"column\" data-e-type=\"column\">\n\t\t\t<div class=\"elementor-widget-wrap elementor-element-populated\">\n\t\t\t\t\t\t<div class=\"elementor-element elementor-element-d2e16ee elementor-invisible elementor-widget elementor-widget-heading\" data-id=\"d2e16ee\" data-element_type=\"widget\" data-e-type=\"widget\" data-settings=\"{&quot;_animation&quot;:&quot;nussFadeInUp&quot;}\" data-widget_type=\"heading.default\">\n\t\t\t\t\t<h3 class=\"elementor-heading-title elementor-size-default\">Tocchi premurosi che fanno la differenza <\/h3>\t\t\t\t<\/div>\n\t\t\t\t<div class=\"elementor-element elementor-element-4543a9b elementor-invisible elementor-widget elementor-widget-text-editor\" data-id=\"4543a9b\" data-element_type=\"widget\" data-e-type=\"widget\" data-settings=\"{&quot;_animation&quot;:&quot;nussFadeInUp&quot;}\" data-widget_type=\"text-editor.default\">\n\t\t\t\t\t\t\t\t\t<p data-spm-anchor-id=\"a2ty_o01.29997173.0.i73.1dedc921VWRwZn\">Oltre alle offerte standard, siamo orgogliosi di andare oltre con <strong>piccoli ma significativi tocchi <\/strong> che arricchiscono il tuo soggiorno:<\/p><div class=\"my-2\">\u00a0<\/div><ul data-spm-anchor-id=\"a2ty_o01.29997173.0.i61.1dedc921VWRwZn\"><li><strong>T\u00e8 di benvenuto all&#039;arrivo <\/strong> \u2013 un gesto caloroso e tradizionale per salutarti dopo i tuoi viaggi<\/li><li data-spm-anchor-id=\"a2ty_o01.29997173.0.i72.1dedc921VWRwZn\"><strong>Acqua in bottiglia gratuita ogni giorno <\/strong> \u2013 rifornito ogni mattina<\/li><li><strong>Pantofole e accappatoi forniti in ogni camera <\/strong> \u2013 per un maggiore comfort<\/li><li><strong>Set per la preparazione del t\u00e8 <\/strong> \u2013 permettendoti di goderti un momento di tranquilla riflessione<\/li><li><strong>Accordi speciali per anniversari, compleanni e occasioni romantiche <\/strong> \u2013 fatecelo sapere in anticipo e vi aiuteremo a creare l&#039;atmosfera giusta<\/li><\/ul>\t\t\t\t\t\t\t\t<\/div>\n\t\t\t\t\t<\/div>\n\t\t<\/div>\n\t\t\t\t\t<\/div>\n\t\t<\/section>\n\t\t\t\t<section class=\"elementor-section elementor-top-section elementor-element elementor-element-515005f elementor-section-boxed elementor-section-gap-beside-yes elementor-section-height-default elementor-section-height-default elementor-section-column-vertical-align-stretch\" data-id=\"515005f\" data-element_type=\"section\" data-e-type=\"section\">\n\t\t\t\t\t\t<div class=\"elementor-container elementor-column-gap-extended\">\n\t\t\t\t\t<div class=\"elementor-column elementor-col-50 elementor-top-column elementor-element elementor-element-b8bc943\" data-id=\"b8bc943\" data-element_type=\"column\" data-e-type=\"column\">\n\t\t\t<div class=\"elementor-widget-wrap elementor-element-populated\">\n\t\t\t\t\t\t<div class=\"elementor-element elementor-element-b61074b elementor-invisible elementor-widget elementor-widget-heading\" data-id=\"b61074b\" data-element_type=\"widget\" data-e-type=\"widget\" data-settings=\"{&quot;_animation&quot;:&quot;nussFadeInUp&quot;}\" data-widget_type=\"heading.default\">\n\t\t\t\t\t<h3 class=\"elementor-heading-title elementor-size-default\">Iniziative di sostenibilit\u00e0 e turismo responsabile <\/h3>\t\t\t\t<\/div>\n\t\t\t\t<div class=\"elementor-element elementor-element-0415e9c elementor-invisible elementor-widget elementor-widget-text-editor\" data-id=\"0415e9c\" data-element_type=\"widget\" data-e-type=\"widget\" data-settings=\"{&quot;_animation&quot;:&quot;nussFadeInUp&quot;}\" data-widget_type=\"text-editor.default\">\n\t\t\t\t\t\t\t\t\t<p>Nell&#039;ambito del nostro impegno per un turismo responsabile, abbiamo implementato diverse pratiche ecocompatibili in tutte le nostre attivit\u00e0, tra cui:<\/p><ul><li><strong>Sistemi di illuminazione e climatizzazione a risparmio energetico <\/strong><\/li><li><strong>Servizi riutilizzabili e riduzione della plastica monouso <\/strong><\/li><li><strong>Programmi di conservazione dell&#039;acqua <\/strong><\/li><li data-spm-anchor-id=\"a2ty_o01.29997173.0.i76.1dedc921VWRwZn\"><strong>Sostegno agli artigiani locali e alle iniziative turistiche basate sulla comunit\u00e0 <\/strong><\/li><\/ul><p>Siamo convinti che il lusso non debba andare a discapito dell&#039;ambiente o della cultura locale e ci impegniamo a creare un impatto positivo con ogni ospite che accogliamo.<\/p>\t\t\t\t\t\t\t\t<\/div>\n\t\t\t\t\t<\/div>\n\t\t<\/div>\n\t\t\t\t<div class=\"elementor-column elementor-col-50 elementor-top-column elementor-element elementor-element-74f1a85\" data-id=\"74f1a85\" data-element_type=\"column\" data-e-type=\"column\">\n\t\t\t<div class=\"elementor-widget-wrap elementor-element-populated\">\n\t\t\t\t\t\t<div class=\"elementor-element elementor-element-bf2d78c elementor-widget elementor-widget-image\" data-id=\"bf2d78c\" data-element_type=\"widget\" data-e-type=\"widget\" data-widget_type=\"image.default\">\n\t\t\t\t\t\t\t\t\t\t\t\t\t\t\t<img decoding=\"async\" width=\"568\" height=\"853\" src=\"https:\/\/orientalvoguehotel.com\/wp-content\/uploads\/2025\/07\/Oriental-Vogue-Hotel-61.webp\" class=\"attachment-large size-large wp-image-5654\" alt=\"\" srcset=\"https:\/\/orientalvoguehotel.com\/wp-content\/uploads\/2025\/07\/Oriental-Vogue-Hotel-61.webp 568w, https:\/\/orientalvoguehotel.com\/wp-content\/uploads\/2025\/07\/Oriental-Vogue-Hotel-61-200x300.webp 200w\" sizes=\"(max-width: 568px) 100vw, 568px\" \/>\t\t\t\t\t\t\t\t\t\t\t\t\t\t\t<\/div>\n\t\t\t\t\t<\/div>\n\t\t<\/div>\n\t\t\t\t\t<\/div>\n\t\t<\/section>\n\t\t<div class=\"elementor-element elementor-element-199e0fb e-flex e-con-boxed e-con e-parent\" data-id=\"199e0fb\" data-element_type=\"container\" data-e-type=\"container\">\n\t\t\t\t\t<div class=\"e-con-inner\">\n\t\t\t\t<div class=\"elementor-element elementor-element-5a68b2a elementor-widget elementor-widget-nuss-heading\" data-id=\"5a68b2a\" data-element_type=\"widget\" data-e-type=\"widget\" data-widget_type=\"nuss-heading.default\">\n\t\t\t\t<div class=\"elementor-widget-container\">\n\t\t\t\t\t\t\t<div class=\"nuss-modern-heading\">\r\n\t\t\t\t\t\t<div class=\"heading-secondary-wrap\">\r\n\t\t\t\t<h3 class=\"heading-secondary elementor-heading-title\">Perch\u00e9 i viaggiatori amano i nostri servizi <\/h3>\t\t\t<\/div>\r\n\t\t\r\n\t\t\t\r\n\t\t\t\r\n\t\t\t\t\t<\/div>\r\n\t\t\t\t\t<\/div>\n\t\t\t\t<\/div>\n\t\t\t\t<div class=\"elementor-element elementor-element-802b7aa elementor-widget elementor-widget-text-editor\" data-id=\"802b7aa\" data-element_type=\"widget\" data-e-type=\"widget\" data-widget_type=\"text-editor.default\">\n\t\t\t\t\t\t\t\t\t<p data-spm-anchor-id=\"a2ty_o01.29997173.0.i79.1dedc921VWRwZn\">Gli ospiti elogiano costantemente la qualit\u00e0 del nostro servizio nelle recensioni su piattaforme come <strong>TripAdvisor, recensioni di Google e Booking.com <\/strong>, evidenziando il nostro <strong data-spm-anchor-id=\"a2ty_o01.29997173.0.i77.1dedc921VWRwZn\">personale attento, pronta risposta e cura personalizzata <\/strong>Molti sottolineano che non \u00e8 solo ci\u00f2 che offriamo, ma anche il modo in cui lo offriamo, a distinguerci dagli altri hotel della zona.<\/p><div class=\"my-2\">\u00a0<\/div><blockquote><p>&quot;Il livello di servizio qui \u00e8 stato ineguagliabile. Ogni membro del personale ci ha accolto con un sorriso e ha fatto di tutto per aiutarci. Sembrava pi\u00f9 di stare a casa di amici che in un hotel.&quot; \u2013 <em>Recensore di TripAdvisor <\/em><\/p><\/blockquote><div class=\"py-2 my-3\"><hr \/><\/div><p><strong>Scopri la differenza di Oriental Vogue <\/strong><\/p><p>A <strong>Oriental Vogue Hotel <\/strong>Crediamo che un servizio eccellente non consista solo nel soddisfare le aspettative, ma nel superarle. Dal momento della prenotazione fino al saluto finale, il nostro team si impegna a rendere il vostro soggiorno indimenticabile. <strong>Distretto di Dongcheng, Pechino <\/strong> il pi\u00f9 possibile scorrevole, arricchente e memorabile.<\/p><p>Lascia che siamo noi a occuparci dei dettagli, cos\u00ec potrai concentrarti su ci\u00f2 che conta di pi\u00f9: il tuo viaggio, le tue conoscenze e la tua storia personale che si svolge in una delle citt\u00e0 pi\u00f9 affascinanti del mondo.<\/p><p data-spm-anchor-id=\"a2ty_o01.29997173.0.i60.1dedc921VWRwZn\">Prenota oggi stesso il tuo soggiorno e scopri l&#039;intera gamma di servizi pensati appositamente per te.<\/p>\t\t\t\t\t\t\t\t<\/div>\n\t\t\t\t\t<\/div>\n\t\t\t\t<\/div>\n\t\t\t\t<\/div>","protected":false},"excerpt":{"rendered":"<p>Our commitment to hospitality extends far beyond providing elegant accommodations\u2014we strive to create a seamless and enriching experience for every guest who walks through our doors. Whether you&#8217;re visiting for business, leisure, or cultural exploration, our wide array of thoughtfully curated services ensures that your journey in the heart of China\u2019s capital is as comfortable, [&hellip;]<\/p>\n","protected":false},"author":1,"featured_media":0,"parent":0,"menu_order":0,"comment_status":"closed","ping_status":"closed","template":"","meta":{"footnotes":""},"class_list":["post-647","page","type-page","status-publish","hentry","post-no-thumbnail"],"_links":{"self":[{"href":"https:\/\/orientalvoguehotel.com\/it\/wp-json\/wp\/v2\/pages\/647","targetHints":{"allow":["GET"]}}],"collection":[{"href":"https:\/\/orientalvoguehotel.com\/it\/wp-json\/wp\/v2\/pages"}],"about":[{"href":"https:\/\/orientalvoguehotel.com\/it\/wp-json\/wp\/v2\/types\/page"}],"author":[{"embeddable":true,"href":"https:\/\/orientalvoguehotel.com\/it\/wp-json\/wp\/v2\/users\/1"}],"replies":[{"embeddable":true,"href":"https:\/\/orientalvoguehotel.com\/it\/wp-json\/wp\/v2\/comments?post=647"}],"version-history":[{"count":0,"href":"https:\/\/orientalvoguehotel.com\/it\/wp-json\/wp\/v2\/pages\/647\/revisions"}],"wp:attachment":[{"href":"https:\/\/orientalvoguehotel.com\/it\/wp-json\/wp\/v2\/media?parent=647"}],"curies":[{"name":"parola chiave","href":"https:\/\/api.w.org\/{rel}","templated":true}]}}