{"id":612,"date":"2021-03-26T10:04:13","date_gmt":"2021-03-26T10:04:13","guid":{"rendered":"http:\/\/localhost\/nuss\/?page_id=612"},"modified":"2025-07-05T08:40:56","modified_gmt":"2025-07-05T08:40:56","slug":"ristorante","status":"publish","type":"page","link":"https:\/\/orientalvoguehotel.com\/it\/ristorante\/","title":{"rendered":"Ristorante"},"content":{"rendered":"<div data-elementor-type=\"wp-page\" data-elementor-id=\"612\" class=\"elementor elementor-612\">\n\t\t\t\t\t\t<section class=\"elementor-section elementor-top-section elementor-element elementor-element-e2effe8 elementor-section-boxed elementor-section-gap-beside-yes elementor-section-height-default elementor-section-height-default elementor-section-column-vertical-align-stretch\" data-id=\"e2effe8\" data-element_type=\"section\" data-e-type=\"section\">\n\t\t\t\t\t\t<div class=\"elementor-container elementor-column-gap-extended\">\n\t\t\t\t\t<div class=\"elementor-column elementor-col-100 elementor-top-column elementor-element elementor-element-e18f688\" data-id=\"e18f688\" data-element_type=\"column\" data-e-type=\"column\">\n\t\t\t<div class=\"elementor-widget-wrap elementor-element-populated\">\n\t\t\t\t\t\t<div class=\"elementor-element elementor-element-6db146d elementor-widget__width-initial elementor-invisible elementor-widget elementor-widget-text-editor\" data-id=\"6db146d\" data-element_type=\"widget\" data-e-type=\"widget\" data-settings=\"{&quot;_animation&quot;:&quot;nussFadeInUp&quot;}\" data-widget_type=\"text-editor.default\">\n\t\t\t\t\t\t\t\t\t<p>Nostro <strong>ristorante in loco <\/strong>, progettato con cura e curato nei minimi dettagli, si erge come un gioiello culinario in uno dei quartieri pi\u00f9 ricchi di cultura di Pechino, fondendo sapori tradizionali con presentazioni moderne per creare un&#039;esperienza gastronomica indimenticabile.<\/p>\t\t\t\t\t\t\t\t<\/div>\n\t\t\t\t\t<\/div>\n\t\t<\/div>\n\t\t\t\t\t<\/div>\n\t\t<\/section>\n\t\t<div class=\"elementor-element elementor-element-bc8075d e-flex e-con-boxed e-con e-parent\" data-id=\"bc8075d\" data-element_type=\"container\" data-e-type=\"container\">\n\t\t\t\t\t<div class=\"e-con-inner\">\n\t\t\t\t<div class=\"elementor-element elementor-element-61a5276 elementor-widget elementor-widget-text-editor\" data-id=\"61a5276\" data-element_type=\"widget\" data-e-type=\"widget\" data-widget_type=\"text-editor.default\">\n\t\t\t\t\t\t\t\t\t<h3 data-spm-anchor-id=\"a2ty_o01.29997173.0.i53.1dedc921VWRwZn\">Una fusione di sapori radicata nella tradizione<\/h3><p data-spm-anchor-id=\"a2ty_o01.29997173.0.i52.1dedc921VWRwZn\">Nel cuore di <strong>Il ristorante dell&#039;Oriental Vogue Hotel <\/strong> \u00e8 un profondo rispetto per le diverse tradizioni culinarie cinesi. I nostri chef si impegnano a preservare l&#039;autenticit\u00e0 dei piatti regionali, introducendo al contempo sottili innovazioni che riflettono l&#039;evoluzione dei gusti odierni. Che abbiate voglia del sapore affumicato dell&#039;anatra alla pechinese, del delicato equilibrio del dim sum cantonese o delle spezie piccanti della cucina del Sichuan, ogni piatto \u00e8 preparato con tecniche collaudate e con gli ingredienti locali pi\u00f9 freschi, provenienti da fornitori di fiducia in tutta la regione.<\/p><p>Crediamo che il cibo non sia solo nutrimento, ma anche narrazione: ogni boccone porta con s\u00e9 l&#039;eredit\u00e0 delle generazioni passate, servito su piatti che rendono omaggio sia alla storia che all&#039;artigianalit\u00e0.<\/p><h3>Un ambiente elegante pensato per ogni occasione<\/h3><p>Ospitato all&#039;interno dell&#039;edificio in stile cortile splendidamente restaurato dell&#039;hotel, il nostro ristorante coniuga perfettamente l&#039;estetica tradizionale con un design moderno ed elegante. L&#039;atmosfera \u00e8 calda e accogliente, con luci soffuse, arredi in legno lavorati a mano e raffinati dettagli decorativi ispirati all&#039;arte e alla calligrafia classica cinese.<\/p><p>Che si tratti di una tranquilla colazione prima di una giornata trascorsa ad esplorare i monumenti imperiali di Pechino, di un pranzo di lavoro con i colleghi o di una cena romantica alla luce soffusa delle lanterne, la nostra sala da pranzo \u00e8 adatta a ogni stato d&#039;animo e occasione.<\/p><h3>Men\u00f9 diversificati che soddisfano i palati di tutto il mondo<\/h3><p>Sebbene le nostre radici siano saldamente ancorate alla tradizione culinaria cinese, comprendiamo le esigenze del viaggiatore globale di oggi. Ecco perch\u00e9 il nostro menu si estende oltre le specialit\u00e0 locali per includere una selezione di <strong>piatti internazionali <\/strong>, garantendo che anche il palato pi\u00f9 avventuroso o in cerca di comfort trovi qualcosa di cui deliziarsi. Dalle sostanziose colazioni occidentali al sushi di ispirazione giapponese, dalle creazioni di pasta italiana ai piatti fusion di ispirazione globale, la nostra cucina \u00e8 attrezzata per servire un mondo di sapori, il tutto mantenendo lo stesso livello di cura e qualit\u00e0 che definisce il nostro marchio.<\/p><p>Per gli ospiti attenti alla salute offriamo anche una variet\u00e0 di <strong>opzioni vegetariane, vegane e ipocaloriche <\/strong>, realizzati con cura per preservare il sapore senza compromessi.<\/p><h3>Un assaggio della cultura locale attraverso le offerte stagionali<\/h3><p>Il nostro men\u00f9 si evolve con le stagioni, riflettendo i ritmi naturali dell&#039;agricoltura e le mutevoli preferenze dei commensali pi\u00f9 esigenti. Durante i mesi invernali, gli ospiti possono concedersi zuppe calde e stufati a cottura lenta, mentre l&#039;estate porta piatti pi\u00f9 leggeri e rinfrescanti, arricchiti da erbe e verdure di stagione. Ospitiamo anche <strong>men\u00f9 degustazione stagionali <\/strong> e festival culturali che mettono in risalto le specialit\u00e0 regionali, consentendo agli ospiti di immergersi nel panorama in continua evoluzione della cucina cinese.<\/p><h3>Un servizio eccezionale che migliora l&#039;esperienza<\/h3><p>Ci\u00f2 che distingue davvero il nostro ristorante non \u00e8 solo ci\u00f2 che c&#039;\u00e8 nel piatto, ma anche il modo in cui viene servito. Il nostro personale attento e multilingue \u00e8 preparato per anticipare le vostre esigenze, offrendo consigli personalizzati e garantendo che ogni aspetto della vostra esperienza culinaria sia impeccabile e memorabile. Che stiate festeggiando un&#039;occasione speciale, cercando una cena privata o semplicemente un posto dove rilassarvi dopo una lunga giornata di visite turistiche, il nostro team si impegna a rendere la vostra visita eccezionale.<\/p><h3>Posizionato perfettamente per l&#039;esplorazione<\/h3><p>Essendo situato in <strong>Distretto di Dongcheng <\/strong>, il nostro ristorante \u00e8 situato in posizione ideale vicino ad alcune delle attrazioni pi\u00f9 iconiche di Pechino, tra cui <strong>Citt\u00e0 Proibita <\/strong>, <strong>Piazza Tienanmen <\/strong>, e l&#039;affascinante <strong>hutong <\/strong> della vecchia Pechino. Molti dei nostri ospiti scelgono di cenare da noi prima o dopo le loro esplorazioni, apprezzando la comodit\u00e0 di tornare in un ambiente familiare e accogliente dove rilassarsi e ricaricarsi.<\/p><p>Inoltre, la nostra posizione centrale ci rende una scelta popolare tra <strong>viaggiatori d&#039;affari, turisti internazionali e residenti locali <\/strong>, tutti attratti dalla promessa di sapori autentici serviti in un ambiente elegante ma intimo.<\/p><h3>Servizi gratuiti per una maggiore comodit\u00e0<\/h3><p>Per garantire che la tua esperienza culinaria sia il pi\u00f9 semplice possibile, offriamo:<\/p><ul><li><strong>Servizio in camera <\/strong> per chi preferisce cenare nella privacy della propria camera elegantemente arredata<\/li><li><strong>Sale da pranzo private <\/strong> per piccoli gruppi, riunioni di lavoro o feste di famiglia<\/li><li><strong>Men\u00f9 per banchetti personalizzabili <\/strong> per eventi speciali e grandi raduni<\/li><li><strong>Esperienze di abbinamento del t\u00e8 <\/strong> con t\u00e8 cinesi pregiati provenienti da regioni rinomate come lo Yunnan e il Fujian<\/li><\/ul><h3>Perch\u00e9 gli ospiti amano cenare all&#039;Oriental Vogue Hotel<\/h3><p>I viaggiatori elogiano costantemente il nostro ristorante nelle recensioni su piattaforme come <strong>TripAdvisor, recensioni di Google e Booking.com <\/strong>, sottolineando il &quot;perfetto mix di tradizione e modernit\u00e0&quot;, il &quot;servizio eccezionale&quot; e &quot;una delle migliori anatre alla pechinese della citt\u00e0&quot;. Molti ospiti abituali considerano il nostro ristorante il momento clou del loro soggiorno: non solo un luogo dove mangiare, ma una vera e propria destinazione.<\/p><div class=\"py-2 my-3\"><hr \/><\/div><p><strong>Vieni a provare la differenza al ristorante dell&#039;Oriental Vogue Hotel <\/strong><\/p><p data-spm-anchor-id=\"a2ty_o01.29997173.0.i55.1dedc921VWRwZn\">Che tu sia un ospite dell&#039;hotel o che tu stia semplicemente esplorando le vivaci strade di <strong>Distretto di Dongcheng <\/strong>, vi invitiamo a vivere un viaggio culinario che onora il passato abbracciando il futuro. A <strong>Il ristorante dell&#039;Oriental Vogue Hotel <\/strong>, ogni pasto \u00e8 una storia raccontata attraverso il sapore, ogni piatto un omaggio alla terra che lo ispira e ogni visita un ricordo da creare.<\/p>\t\t\t\t\t\t\t\t<\/div>\n\t\t\t\t\t<\/div>\n\t\t\t\t<\/div>\n\t\t<div class=\"elementor-element elementor-element-7a1a2d5 e-flex e-con-boxed e-con e-parent\" data-id=\"7a1a2d5\" data-element_type=\"container\" data-e-type=\"container\">\n\t\t\t\t\t<div class=\"e-con-inner\">\n\t\t\t\t<div class=\"elementor-element elementor-element-9a23609 elementor-widget elementor-widget-nuss-image-gallery\" data-id=\"9a23609\" data-element_type=\"widget\" data-e-type=\"widget\" data-widget_type=\"nuss-image-gallery.default\">\n\t\t\t\t<div class=\"elementor-widget-container\">\n\t\t\t\t\t\t\t<div class=\"nuss-grid-wrapper\" data-grid=\"{&quot;type&quot;:&quot;grid&quot;,&quot;ratio&quot;:null,&quot;columns&quot;:3,&quot;gutter&quot;:30}\">\r\n\t\t\t<div class=\"nuss-grid lazy-grid\">\r\n\t\t\t\t<div class=\"grid-sizer\"><\/div>\r\n\r\n\t\t\t\t\t\t\t\t\t\t\t\t<div class=\"grid-item\">\r\n\t\t\t\t\t\t<div class=\"nuss-box\">\t\t<div class=\"nuss-image image\">\r\n\t\t\t<img decoding=\"async\"  src=\"https:\/\/orientalvoguehotel.com\/wp-content\/uploads\/2025\/07\/Oriental-Vogue-Hotel-94.webp\" alt=\"Hotel Oriental Vogue (94)\" \/>\t\t<\/div>\r\n\t\t\t\t<\/div>\t\t\t\t\t<\/div>\r\n\t\t\t\t\t\t<div class=\"grid-item\">\r\n\t\t\t\t\t\t<div class=\"nuss-box\">\t\t<div class=\"nuss-image image\">\r\n\t\t\t<img decoding=\"async\"  src=\"https:\/\/orientalvoguehotel.com\/wp-content\/uploads\/2025\/07\/Oriental-Vogue-Hotel-93.webp\" alt=\"Hotel Vogue Orientale (93)\" \/>\t\t<\/div>\r\n\t\t\t\t<\/div>\t\t\t\t\t<\/div>\r\n\t\t\t\t\t\t<div class=\"grid-item\">\r\n\t\t\t\t\t\t<div class=\"nuss-box\">\t\t<div class=\"nuss-image image\">\r\n\t\t\t<img decoding=\"async\"  src=\"https:\/\/orientalvoguehotel.com\/wp-content\/uploads\/2025\/07\/Oriental-Vogue-Hotel-92.webp\" alt=\"Hotel Oriental Vogue (92)\" \/>\t\t<\/div>\r\n\t\t\t\t<\/div>\t\t\t\t\t<\/div>\r\n\t\t\t\t\t\t<div class=\"grid-item\">\r\n\t\t\t\t\t\t<div class=\"nuss-box\">\t\t<div class=\"nuss-image image\">\r\n\t\t\t<img decoding=\"async\"  src=\"https:\/\/orientalvoguehotel.com\/wp-content\/uploads\/2025\/07\/Oriental-Vogue-Hotel-90.webp\" alt=\"Hotel Oriental Vogue (90)\" \/>\t\t<\/div>\r\n\t\t\t\t<\/div>\t\t\t\t\t<\/div>\r\n\t\t\t\t\t\t<div class=\"grid-item\">\r\n\t\t\t\t\t\t<div class=\"nuss-box\">\t\t<div class=\"nuss-image image\">\r\n\t\t\t<img decoding=\"async\"  src=\"https:\/\/orientalvoguehotel.com\/wp-content\/uploads\/2025\/07\/Oriental-Vogue-Hotel-89.webp\" alt=\"Hotel Oriental Vogue (89)\" \/>\t\t<\/div>\r\n\t\t\t\t<\/div>\t\t\t\t\t<\/div>\r\n\t\t\t\t\t\t<div class=\"grid-item\">\r\n\t\t\t\t\t\t<div class=\"nuss-box\">\t\t<div class=\"nuss-image image\">\r\n\t\t\t<img decoding=\"async\"  src=\"https:\/\/orientalvoguehotel.com\/wp-content\/uploads\/2025\/07\/Oriental-Vogue-Hotel-88.webp\" alt=\"Hotel Oriental Vogue (88)\" \/>\t\t<\/div>\r\n\t\t\t\t<\/div>\t\t\t\t\t<\/div>\r\n\t\t\t\t\t\t<div class=\"grid-item\">\r\n\t\t\t\t\t\t<div class=\"nuss-box\">\t\t<div class=\"nuss-image image\">\r\n\t\t\t<img decoding=\"async\"  src=\"https:\/\/orientalvoguehotel.com\/wp-content\/uploads\/2025\/07\/Oriental-Vogue-Hotel-85.webp\" alt=\"Hotel Vogue Orientale (85)\" \/>\t\t<\/div>\r\n\t\t\t\t<\/div>\t\t\t\t\t<\/div>\r\n\t\t\t\t\t\t<div class=\"grid-item\">\r\n\t\t\t\t\t\t<div class=\"nuss-box\">\t\t<div class=\"nuss-image image\">\r\n\t\t\t<img decoding=\"async\"  src=\"https:\/\/orientalvoguehotel.com\/wp-content\/uploads\/2025\/07\/Oriental-Vogue-Hotel-82.webp\" alt=\"Hotel Oriental Vogue (82)\" \/>\t\t<\/div>\r\n\t\t\t\t<\/div>\t\t\t\t\t<\/div>\r\n\t\t\t\t\t\t<div class=\"grid-item\">\r\n\t\t\t\t\t\t<div class=\"nuss-box\">\t\t<div class=\"nuss-image image\">\r\n\t\t\t<img decoding=\"async\"  src=\"https:\/\/orientalvoguehotel.com\/wp-content\/uploads\/2025\/07\/Oriental-Vogue-Hotel-83.webp\" alt=\"Hotel Oriental Vogue (83)\" \/>\t\t<\/div>\r\n\t\t\t\t<\/div>\t\t\t\t\t<\/div>\r\n\t\t\t\t\t\t<div class=\"grid-item\">\r\n\t\t\t\t\t\t<div class=\"nuss-box\">\t\t<div class=\"nuss-image image\">\r\n\t\t\t<img decoding=\"async\"  src=\"https:\/\/orientalvoguehotel.com\/wp-content\/uploads\/2025\/07\/Oriental-Vogue-Hotel-95.webp\" alt=\"Hotel Oriental Vogue (95)\" \/>\t\t<\/div>\r\n\t\t\t\t<\/div>\t\t\t\t\t<\/div>\r\n\t\t\t\t\t\t<div class=\"grid-item\">\r\n\t\t\t\t\t\t<div class=\"nuss-box\">\t\t<div class=\"nuss-image image\">\r\n\t\t\t<img decoding=\"async\"  src=\"https:\/\/orientalvoguehotel.com\/wp-content\/uploads\/2025\/07\/Oriental-Vogue-Hotel-107.webp\" alt=\"Hotel Oriental Vogue (107)\" \/>\t\t<\/div>\r\n\t\t\t\t<\/div>\t\t\t\t\t<\/div>\r\n\t\t\t\t\t\t<div class=\"grid-item\">\r\n\t\t\t\t\t\t<div class=\"nuss-box\">\t\t<div class=\"nuss-image image\">\r\n\t\t\t<img decoding=\"async\"  src=\"https:\/\/orientalvoguehotel.com\/wp-content\/uploads\/2025\/07\/Oriental-Vogue-Hotel-91.webp\" alt=\"Hotel Oriental Vogue (91)\" \/>\t\t<\/div>\r\n\t\t\t\t<\/div>\t\t\t\t\t<\/div>\r\n\t\t\t\t\t\t\t\r\n\t\t\t<\/div>\r\n\t\t<\/div>\r\n\t\t\t\t\t\t<\/div>\n\t\t\t\t<\/div>\n\t\t\t\t\t<\/div>\n\t\t\t\t<\/div>\n\t\t\t\t<\/div>","protected":false},"excerpt":{"rendered":"<p>Our on-site restaurant , thoughtfully designed and meticulously curated, stands as a culinary gem in one of Beijing\u2019s most culturally rich neighborhoods, blending time-honored flavors with modern presentation to create an unforgettable gastronomic experience. A Fusion of Flavors Rooted in Tradition At the heart of Oriental Vogue Hotel\u2019s restaurant is a deep respect for China\u2019s [&hellip;]<\/p>\n","protected":false},"author":1,"featured_media":0,"parent":0,"menu_order":0,"comment_status":"closed","ping_status":"closed","template":"elementor_header_footer","meta":{"footnotes":""},"class_list":["post-612","page","type-page","status-publish","hentry","post-no-thumbnail"],"_links":{"self":[{"href":"https:\/\/orientalvoguehotel.com\/it\/wp-json\/wp\/v2\/pages\/612","targetHints":{"allow":["GET"]}}],"collection":[{"href":"https:\/\/orientalvoguehotel.com\/it\/wp-json\/wp\/v2\/pages"}],"about":[{"href":"https:\/\/orientalvoguehotel.com\/it\/wp-json\/wp\/v2\/types\/page"}],"author":[{"embeddable":true,"href":"https:\/\/orientalvoguehotel.com\/it\/wp-json\/wp\/v2\/users\/1"}],"replies":[{"embeddable":true,"href":"https:\/\/orientalvoguehotel.com\/it\/wp-json\/wp\/v2\/comments?post=612"}],"version-history":[{"count":0,"href":"https:\/\/orientalvoguehotel.com\/it\/wp-json\/wp\/v2\/pages\/612\/revisions"}],"wp:attachment":[{"href":"https:\/\/orientalvoguehotel.com\/it\/wp-json\/wp\/v2\/media?parent=612"}],"curies":[{"name":"parola chiave","href":"https:\/\/api.w.org\/{rel}","templated":true}]}}