{"id":2106,"date":"2021-03-25T04:08:26","date_gmt":"2021-03-25T04:08:26","guid":{"rendered":"http:\/\/localhost\/nuss\/?page_id=298"},"modified":"2025-07-05T07:43:50","modified_gmt":"2025-07-05T07:43:50","slug":"esperienze","status":"publish","type":"page","link":"https:\/\/orientalvoguehotel.com\/it\/esperienze\/","title":{"rendered":"Esperienze"},"content":{"rendered":"<div data-elementor-type=\"wp-page\" data-elementor-id=\"2106\" class=\"elementor elementor-2106\">\n\t\t\t\t\t\t<section class=\"elementor-section elementor-top-section elementor-element elementor-element-1954ffc elementor-section-boxed elementor-section-gap-beside-yes elementor-section-height-default elementor-section-height-default elementor-section-column-vertical-align-stretch\" data-id=\"1954ffc\" data-element_type=\"section\" data-e-type=\"section\">\n\t\t\t\t\t\t<div class=\"elementor-container elementor-column-gap-extended\">\n\t\t\t\t\t<div class=\"elementor-column elementor-col-100 elementor-top-column elementor-element elementor-element-86aebc5\" data-id=\"86aebc5\" data-element_type=\"column\" data-e-type=\"column\">\n\t\t\t<div class=\"elementor-widget-wrap elementor-element-populated\">\n\t\t\t\t\t\t<div class=\"elementor-element elementor-element-11803d1 elementor-widget__width-initial elementor-invisible elementor-widget elementor-widget-text-editor\" data-id=\"11803d1\" data-element_type=\"widget\" data-e-type=\"widget\" data-settings=\"{&quot;_animation&quot;:&quot;nussFadeInUp&quot;}\" data-widget_type=\"text-editor.default\">\n\t\t\t\t\t\t\t\t\t<p>Scopri cosa dicono gli ospiti dell&#039;Oriental Vogue Hotel: una raccolta di esperienze e recensioni reali dei clienti<\/p>\t\t\t\t\t\t\t\t<\/div>\n\t\t\t\t\t<\/div>\n\t\t<\/div>\n\t\t\t\t\t<\/div>\n\t\t<\/section>\n\t\t<div class=\"elementor-element elementor-element-b76bace e-flex e-con-boxed e-con e-parent\" data-id=\"b76bace\" data-element_type=\"container\" data-e-type=\"container\">\n\t\t\t\t\t<div class=\"e-con-inner\">\n\t\t\t\t<div class=\"elementor-element elementor-element-90ef6c3 elementor-widget elementor-widget-text-editor\" data-id=\"90ef6c3\" data-element_type=\"widget\" data-e-type=\"widget\" data-widget_type=\"text-editor.default\">\n\t\t\t\t\t\t\t\t\t<p data-spm-anchor-id=\"a2ty_o01.29997173.0.i7.1dedc921VWRwZn\">A <strong>Oriental Vogue Hotel <\/strong>, situato a <strong>No. 36 Dongsi South Street, distretto di Dongcheng, Pechino <\/strong>Crediamo che la vera misura della nostra eccellenza risieda nelle esperienze e nella soddisfazione dei nostri ospiti. Immerso in uno dei quartieri pi\u00f9 storici e culturalmente ricchi di Pechino, il nostro boutique hotel offre molto pi\u00f9 di un semplice alloggio elegante: offre un viaggio caloroso e indimenticabile nel cuore della capitale cinese.<\/p><div class=\"my-2\">\u00a0<\/div><p>Nel corso degli anni, viaggiatori da tutto il mondo hanno condiviso le loro entusiastiche testimonianze sulle principali piattaforme di viaggio come <strong>TripAdvisor.com <\/strong>, <strong>Prenotazione.com <\/strong>, <strong>Expedia <\/strong>e altri importanti <strong>Agenzie di viaggio online (OTA) <\/strong>, elogiando non solo il nostro design elegante e la posizione privilegiata, ma anche il servizio eccezionale e l&#039;attenzione ai dettagli che definiscono l&#039;esperienza Oriental Vogue.<\/p><div class=\"my-2\">\u00a0<\/div><h3><strong>Una scelta preferita dai viaggiatori pi\u00f9 esigenti <\/strong><\/h3><p>Con valutazioni costantemente elevate e un numero crescente di recensioni positive, <strong>Oriental Vogue Hotel <\/strong> si \u00e8 guadagnato la reputazione di essere uno dei preferiti sia dai viaggiatori di piacere che da quelli d&#039;affari. <strong>TripAdvisor <\/strong>, l&#039;hotel \u00e8 celebrato per la sua &quot;perfetta combinazione tra lusso moderno e fascino tradizionale&quot;, e molti ospiti sottolineano come la struttura integri perfettamente i comfort contemporanei con l&#039;estetica classica cinese.<\/p><div class=\"my-2\">\u00a0<\/div><p>Un recensore di TripAdvisor ha commentato con entusiasmo:<\/p><blockquote><p><em>La posizione \u00e8 perfetta: proprio nel cuore della vecchia Pechino, ma a pochi minuti dalle principali attrazioni come la Citt\u00e0 Proibita e Piazza Tienanmen. Le camere erano impeccabili, eleganti e incredibilmente confortevoli. Il personale ha fatto di tutto per assicurarsi che il nostro soggiorno fosse perfetto. <\/em><\/p><\/blockquote><h3><strong>Un servizio eccezionale che lascia un&#039;impressione duratura <\/strong><\/h3><p>Gli ospiti apprezzano spesso il servizio attento e cortese che ricevono durante il loro soggiorno. Il nostro personale multilingue, disponibile 24 ore su 24, 7 giorni su 7, \u00e8 noto per offrire assistenza personalizzata, dall&#039;organizzazione di trasferimenti aeroportuali e visite guidate ai consigli sui migliori ristoranti locali nascosti negli hutong circostanti.<\/p><div class=\"my-2\">\u00a0<\/div><p>SU <strong>Prenotazione.com <\/strong>, una recensione a cinque stelle recita:<\/p><blockquote><p><em>Questo hotel ha superato tutte le mie aspettative. Il personale della reception \u00e8 stato incredibilmente disponibile, sempre sorridente e pronto ad assistermi. Mi sono sentito davvero accolto fin dal mio arrivo. La colazione era deliziosa e offriva sia opzioni occidentali che cinesi: ce n&#039;era per tutti i gusti! <\/em><\/p><\/blockquote><p>Un altro ospite su <strong>Agoda <\/strong> aggiunto:<\/p><blockquote><p><em>&quot;Un servizio clienti eccezionale! Mi hanno persino aiutato a recuperare un oggetto smarrito dopo il check-out. Ormai non ci sono pi\u00f9 molti hotel che si impegnano cos\u00ec tanto.&quot; <\/em><\/p><\/blockquote><h3><strong>La comodit\u00e0 incontra la cultura nel cuore di Pechino <\/strong><\/h3><p>La nostra posizione strategica in <strong>Distretto di Dongcheng <\/strong> continua a essere un punto di riferimento per i viaggiatori che desiderano immergersi nella vivace cultura di Pechino, godendo al contempo di un facile accesso ai comfort moderni. Molte recensioni delle OTA apprezzano la vicinanza a piedi ai principali luoghi di interesse. <strong>quartieri hutong <\/strong>, <strong>templi antichi <\/strong>e mercati locali, pur rimanendo vicini alle stazioni della metropolitana e alle fermate dei taxi.<\/p><div class=\"my-2\">\u00a0<\/div><p>Un entusiasta recensore di Google ha osservato:<\/p><blockquote><p><em>&quot;Non si potrebbe desiderare una posizione migliore. Abbiamo visitato diversi siti storici ogni giorno e siamo tornati per rilassarci in un hotel tranquillo e dal design splendido. \u00c8 il mix perfetto di autenticit\u00e0 e comfort.&quot; <\/em><\/p><\/blockquote><h3><strong>Lusso, comfort e servizi pensati <\/strong><\/h3><p>Dalle camere elegantemente arredate con biancheria da letto di lusso e bagni moderni, al Wi-Fi gratuito ad alta velocit\u00e0, all&#039;aria condizionata e al set per la preparazione del t\u00e8, i nostri servizi sono pensati per il viaggiatore moderno. Gli ospiti spesso apprezzano la tranquillit\u00e0 dell&#039;hotel, nonostante la sua posizione centrale, rendendolo un rifugio ideale dopo un&#039;intera giornata trascorsa a esplorare Pechino.<\/p><div class=\"my-2\">\u00a0<\/div><p>Un ospite recente su <strong>Hotels.com <\/strong> ha scritto:<\/p><blockquote><p><em>La camera era spaziosa, pulita e arredata con gusto. Ho apprezzato molto l&#039;illuminazione soffusa e i tocchi tradizionali nell&#039;arredamento. Ho apprezzato anche l&#039;acqua in bottiglia gratuita, le pantofole e la connessione internet superveloce, perfetta per lavorare e divertirsi. <\/em><\/p><\/blockquote><h3><strong>Perch\u00e9 i viaggiatori continuano a tornare <\/strong><\/h3><p>Che si tratti del <strong>pulizia impeccabile <\/strong>, IL <strong>posizione centrale ma tranquilla <\/strong>, o il <strong>rapporto qualit\u00e0-prezzo eccezionale <\/strong>, i visitatori abituali e gli ospiti fedeli continuano a scegliere <strong>Oriental Vogue Hotel <\/strong> per i loro soggiorni a Pechino. Il nostro impegno nel mantenere standard elevati e nel creare esperienze memorabili \u00e8 evidente in ogni recensione che riceviamo.<\/p><div class=\"my-2\">\u00a0<\/div><p>Ti invitiamo a leggere cosa hanno detto di noi su <strong>TripAdvisor <\/strong>, <strong>Recensioni di Google <\/strong>e altre piattaforme OTA, e poi vieni a scoprire di persona la differenza di Oriental Vogue. Lascia che trasformiamo la tua visita a Pechino in qualcosa di straordinario.<\/p><div class=\"my-2\">\u00a0<\/div><p data-spm-anchor-id=\"a2ty_o01.29997173.0.i8.1dedc921VWRwZn\">Prenota oggi stesso il tuo soggiorno e diventa parte della nostra famiglia in continua crescita di ospiti soddisfatti che tornano a casa non solo con dei souvenir, ma anche con preziosi ricordi di un&#039;esperienza di ospitalit\u00e0 davvero straordinaria nel cuore di Pechino.<\/p>\t\t\t\t\t\t\t\t<\/div>\n\t\t\t\t\t<\/div>\n\t\t\t\t<\/div>\n\t\t\t\t<section class=\"elementor-section elementor-top-section elementor-element elementor-element-4d363e5d elementor-section-stretched elementor-section-boxed elementor-section-gap-beside-yes elementor-section-height-default elementor-section-height-default elementor-section-column-vertical-align-stretch\" data-id=\"4d363e5d\" data-element_type=\"section\" data-e-type=\"section\" data-settings=\"{&quot;background_background&quot;:&quot;classic&quot;,&quot;stretch_section&quot;:&quot;section-stretched&quot;}\">\n\t\t\t\t\t\t<div class=\"elementor-container elementor-column-gap-extended\">\n\t\t\t\t\t<div class=\"elementor-column elementor-col-100 elementor-top-column elementor-element elementor-element-534d7b08\" data-id=\"534d7b08\" data-element_type=\"column\" data-e-type=\"column\">\n\t\t\t<div class=\"elementor-widget-wrap elementor-element-populated\">\n\t\t\t\t\t\t<div class=\"elementor-element elementor-element-70c47e30 elementor-widget elementor-widget-heading\" data-id=\"70c47e30\" data-element_type=\"widget\" data-e-type=\"widget\" data-widget_type=\"heading.default\">\n\t\t\t\t\t<h2 class=\"elementor-heading-title elementor-size-default\">Controlla disponibile <\/h2>\t\t\t\t<\/div>\n\t\t\t\t<div class=\"elementor-element elementor-element-3a38f6fc elementor-widget elementor-widget-text-editor\" data-id=\"3a38f6fc\" data-element_type=\"widget\" data-e-type=\"widget\" data-widget_type=\"text-editor.default\">\n\t\t\t\t\t\t\t\t\t<iframe border=\"0\" src=\"https:\/\/www.trip.com\/partners\/ad\/S4304456?Allianceid=5415915&#038;SID=231907929&#038;trip_sub1=\" style=\"width:900px;height:200px\" frameborder=\"0\" scrolling=\"no\" id=\"S4304456\"><\/iframe>\t\t\t\t\t\t\t\t<\/div>\n\t\t\t\t\t<\/div>\n\t\t<\/div>\n\t\t\t\t\t<\/div>\n\t\t<\/section>\n\t\t\t\t<\/div>","protected":false},"excerpt":{"rendered":"<p>Discover What Guests Are Saying About Oriental Vogue Hotel \u2013 A Collection of Real Customer Experiences &amp; Reviews At Oriental Vogue Hotel , located at No. 36 Dongsi South Street, Dongcheng District, Beijing , we believe that the true measure of our excellence lies in the experiences and satisfaction of our guests. Nestled in one [&hellip;]<\/p>\n","protected":false},"author":1,"featured_media":0,"parent":0,"menu_order":0,"comment_status":"closed","ping_status":"closed","template":"","meta":{"footnotes":""},"class_list":["post-2106","page","type-page","status-publish","hentry","post-no-thumbnail"],"_links":{"self":[{"href":"https:\/\/orientalvoguehotel.com\/it\/wp-json\/wp\/v2\/pages\/2106","targetHints":{"allow":["GET"]}}],"collection":[{"href":"https:\/\/orientalvoguehotel.com\/it\/wp-json\/wp\/v2\/pages"}],"about":[{"href":"https:\/\/orientalvoguehotel.com\/it\/wp-json\/wp\/v2\/types\/page"}],"author":[{"embeddable":true,"href":"https:\/\/orientalvoguehotel.com\/it\/wp-json\/wp\/v2\/users\/1"}],"replies":[{"embeddable":true,"href":"https:\/\/orientalvoguehotel.com\/it\/wp-json\/wp\/v2\/comments?post=2106"}],"version-history":[{"count":0,"href":"https:\/\/orientalvoguehotel.com\/it\/wp-json\/wp\/v2\/pages\/2106\/revisions"}],"wp:attachment":[{"href":"https:\/\/orientalvoguehotel.com\/it\/wp-json\/wp\/v2\/media?parent=2106"}],"curies":[{"name":"parola chiave","href":"https:\/\/api.w.org\/{rel}","templated":true}]}}