{"id":2104,"date":"2021-03-23T09:33:48","date_gmt":"2021-03-23T09:33:48","guid":{"rendered":"http:\/\/localhost\/nuss\/?page_id=167"},"modified":"2025-07-05T08:34:50","modified_gmt":"2025-07-05T08:34:50","slug":"la-nostra-storia","status":"publish","type":"page","link":"https:\/\/orientalvoguehotel.com\/it\/la-nostra-storia\/","title":{"rendered":"La nostra storia"},"content":{"rendered":"<div data-elementor-type=\"wp-page\" data-elementor-id=\"2104\" class=\"elementor elementor-2104\">\n\t\t\t\t\t\t<section class=\"elementor-section elementor-top-section elementor-element elementor-element-8f5bb9d elementor-section-boxed elementor-section-gap-beside-yes elementor-section-height-default elementor-section-height-default elementor-section-column-vertical-align-stretch\" data-id=\"8f5bb9d\" data-element_type=\"section\" data-e-type=\"section\">\n\t\t\t\t\t\t<div class=\"elementor-container elementor-column-gap-extended\">\n\t\t\t\t\t<div class=\"elementor-column elementor-col-100 elementor-top-column elementor-element elementor-element-7ec4215\" data-id=\"7ec4215\" data-element_type=\"column\" data-e-type=\"column\">\n\t\t\t<div class=\"elementor-widget-wrap elementor-element-populated\">\n\t\t\t\t\t\t<div class=\"elementor-element elementor-element-edd9d03 elementor-widget__width-initial elementor-invisible elementor-widget elementor-widget-text-editor\" data-id=\"edd9d03\" data-element_type=\"widget\" data-e-type=\"widget\" data-settings=\"{&quot;_animation&quot;:&quot;nussFadeInUp&quot;}\" data-widget_type=\"text-editor.default\">\n\t\t\t\t\t\t\t\t\t<p>L&#039;hotel \u00e8 una serie di alberghi open-house ispirati alla diversit\u00e0 e all&#039;originalit\u00e0 delle strade e degli scenari che ci circondano.<\/p>\t\t\t\t\t\t\t\t<\/div>\n\t\t\t\t\t<\/div>\n\t\t<\/div>\n\t\t\t\t\t<\/div>\n\t\t<\/section>\n\t\t<div class=\"elementor-element elementor-element-5f16acb e-flex e-con-boxed e-con e-parent\" data-id=\"5f16acb\" data-element_type=\"container\" data-e-type=\"container\">\n\t\t\t\t\t<div class=\"e-con-inner\">\n\t\t\t\t<div class=\"elementor-element elementor-element-922b179 elementor-widget elementor-widget-text-editor\" data-id=\"922b179\" data-element_type=\"widget\" data-e-type=\"widget\" data-widget_type=\"text-editor.default\">\n\t\t\t\t\t\t\t\t\t<p data-spm-anchor-id=\"a2ty_o01.29997173.0.i44.1dedc921VWRwZn\">A <strong>Oriental Vogue Hotel <\/strong>, situato a <strong>No. 36 Dongsi South Street, distretto di Dongcheng, Pechino <\/strong>La nostra storia \u00e8 intrecciata con tradizione, visione e un profondo apprezzamento per il patrimonio culturale e l&#039;eleganza moderna. Non siamo solo un hotel: siamo una narrazione vivente dell&#039;incontro tra Oriente e Occidente, dove ogni corridoio racconta una storia e ogni camera riflette l&#039;anima di una citt\u00e0 antica che abbraccia il futuro.<\/p><h3>Umili inizi radicati nella cultura<\/h3><p>L&#039;idea per <strong>Oriental Vogue Hotel <\/strong> nasce dalla passione di creare qualcosa di pi\u00f9 di un semplice posto dove soggiornare. Immerso in uno dei quartieri pi\u00f9 ricchi di storia di Pechino,<strong>Distretto di Dongcheng <\/strong>, noto per i suoi hutong secolari, i templi confuciani e l&#039;eredit\u00e0 imperiale, l&#039;hotel \u00e8 stato concepito come un santuario in cui i viaggiatori possono immergersi nell&#039;autentica cultura cinese, godendo al contempo dei comfort dell&#039;ospitalit\u00e0 contemporanea.<\/p><p>Nei primi giorni, i nostri fondatori videro il potenziale nel fascino silenzioso di <strong>Via Dongsi Sud <\/strong>, un luogo che era stato a lungo un&#039;arteria culturale di Pechino, ma che era rimasto relativamente incontaminato dal turismo di massa. Con un&#039;attenta pianificazione e nel rispetto dell&#039;integrit\u00e0 architettonica del quartiere, hanno intrapreso un percorso per trasformare un tradizionale edificio in stile cortile in un boutique hotel che rendesse omaggio al passato, soddisfacendo al contempo le esigenze del viaggiatore globale di oggi.<\/p><h3>Un nome che riflette la nostra identit\u00e0<\/h3><p>Il nome <strong>\u201cOriental Vogue\u201d <\/strong> Cattura l&#039;essenza di ci\u00f2 che siamo: un mix di estetica orientale senza tempo e raffinatezza del design moderno. &quot;Oriental&quot; richiama le nostre profonde radici nella tradizione cinese, mentre &quot;Vogue&quot; rappresenta il nostro impegno per lo stile, l&#039;innovazione e un servizio di tendenza. \u00c8 questa dualit\u00e0 unica che definisce la nostra identit\u00e0: non solo come hotel, ma come destinazione dove storia e modernit\u00e0 coesistono in armonia.<\/p><p>Ogni dettaglio dell&#039;hotel, dalle intricate lavorazioni in legno e dagli arredi ispirati alla calligrafia, agli arredi eleganti e ai comfort all&#039;avanguardia, \u00e8 stato attentamente curato per riflettere questa filosofia. Volevamo creare uno spazio in cui gli ospiti potessero percepire il calore della tradizione senza rinunciare al comfort e alla praticit\u00e0.<\/p><h3>Progettare una casa lontano da casa<\/h3><p>Fin dall&#039;inizio, la nostra missione \u00e8 stata chiara: offrire un&#039;esperienza davvero immersiva e personalizzata, che vada oltre le aspettative di un tipico soggiorno in hotel. Piuttosto che seguire le tendenze del mercato di massa, abbiamo scelto di concentrarci su <strong>autenticit\u00e0, artigianalit\u00e0 e sostenibilit\u00e0 <\/strong>.<\/p><p>Le nostre camere e suite sono state progettate non solo per dormire, ma per vivere un&#039;esperienza unica. Artigiani locali sono stati impiegati per realizzare a mano molti degli elementi interni, tra cui mobili su misura, tessuti ricamati e dettagli decorativi ispirati ai motivi delle dinastie Ming e Qing. Anche la disposizione dell&#039;hotel segue la tradizione. <strong>Siheyuan (casa con cortile) <\/strong> concetto, creando un senso di privacy, tranquillit\u00e0 e comunit\u00e0.<\/p><p>Questo approccio attento al design ha reso l&#039;Oriental Vogue Hotel uno dei preferiti dai viaggiatori che cercano connessioni significative con i luoghi che visitano, non solo come turisti, ma come esploratori della cultura.<\/p><h3>Costruire un&#039;eredit\u00e0 di ospitalit\u00e0<\/h3><p>Nel corso degli anni, abbiamo accolto ospiti da ogni angolo del mondo: professionisti, avventurieri curiosi, amanti dell&#039;arte, storici e famiglie in cerca di una conoscenza pi\u00f9 approfondita della capitale cinese. Ogni ospite porta con s\u00e9 la propria storia e siamo orgogliosi di essere parte integrante del racconto del loro viaggio.<\/p><p>Il nostro team, formato sia negli standard di servizio internazionali che nell&#039;etichetta tradizionale cinese, si impegna a far sentire ogni ospite non solo accolto, ma anche genuinamente curato. Che si tratti di consigliarvi una perla nascosta in una sala da t\u00e8 nelle vicinanze, di aiutarvi a orientarvi nella metropolitana o semplicemente di offrirvi un caloroso sorriso all&#039;arrivo, il nostro staff incarna lo spirito di <strong>ospitalit\u00e0 con cuore <\/strong>.<\/p><h3>Crescere con uno scopo<\/h3><p>Con la crescita dell&#039;hotel, \u00e8 cresciuto anche il nostro impegno per un turismo responsabile e per il coinvolgimento della comunit\u00e0. Crediamo nel dare qualcosa in cambio al quartiere che ci ha accolto fin dall&#039;inizio. Attraverso partnership con aziende locali, il sostegno a progetti di conservazione culturale e gli sforzi per ridurre il nostro impatto ambientale, continuiamo a evolverci in modi in linea con i nostri valori.<\/p><p>Abbiamo inoltre ampliato la nostra offerta per includere strutture aziendali migliorate, esperienze culturali curate e servizi incentrati sul benessere, il tutto rimanendo fedeli alla visione originale che ha dato inizio a tutto.<\/p><h3>Guardando avanti<\/h3><p>Oggi, <strong>Oriental Vogue Hotel <\/strong> \u00c8 il simbolo di come tradizione e innovazione possano fondersi per ridefinire il significato del lusso nel settore turistico. Siamo orgogliosi di far parte della storia in continua evoluzione di Pechino e non vediamo l&#039;ora di accogliere generazioni di nuovi ospiti che cercano non solo un posto dove dormire, ma un luogo in cui entrare in contatto con la citt\u00e0, con la storia e con se stessi.<\/p><p data-spm-anchor-id=\"a2ty_o01.29997173.0.i45.1dedc921VWRwZn\">La nostra storia continua a svolgersi, un capitolo alla volta, proprio qui nel cuore di <strong>Distretto di Dongcheng <\/strong>, dove ogni alba sui tetti degli hutong ci ricorda da dove veniamo e ogni ospite soddisfatto ci ispira a scegliere la nostra prossima meta.<\/p>\t\t\t\t\t\t\t\t<\/div>\n\t\t\t\t\t<\/div>\n\t\t\t\t<\/div>\n\t\t\t\t<\/div>","protected":false},"excerpt":{"rendered":"<p>The hotel is a series of open-house hotels inspired by the diversity and originality of the streets and scenes that surround us. At Oriental Vogue Hotel , located at No. 36 Dongsi South Street, Dongcheng District, Beijing , our story is one woven from tradition, vision, and a deep appreciation for both cultural heritage and [&hellip;]<\/p>\n","protected":false},"author":1,"featured_media":0,"parent":0,"menu_order":0,"comment_status":"closed","ping_status":"closed","template":"elementor_header_footer","meta":{"footnotes":""},"class_list":["post-2104","page","type-page","status-publish","hentry","post-no-thumbnail"],"_links":{"self":[{"href":"https:\/\/orientalvoguehotel.com\/it\/wp-json\/wp\/v2\/pages\/2104","targetHints":{"allow":["GET"]}}],"collection":[{"href":"https:\/\/orientalvoguehotel.com\/it\/wp-json\/wp\/v2\/pages"}],"about":[{"href":"https:\/\/orientalvoguehotel.com\/it\/wp-json\/wp\/v2\/types\/page"}],"author":[{"embeddable":true,"href":"https:\/\/orientalvoguehotel.com\/it\/wp-json\/wp\/v2\/users\/1"}],"replies":[{"embeddable":true,"href":"https:\/\/orientalvoguehotel.com\/it\/wp-json\/wp\/v2\/comments?post=2104"}],"version-history":[{"count":0,"href":"https:\/\/orientalvoguehotel.com\/it\/wp-json\/wp\/v2\/pages\/2104\/revisions"}],"wp:attachment":[{"href":"https:\/\/orientalvoguehotel.com\/it\/wp-json\/wp\/v2\/media?parent=2104"}],"curies":[{"name":"parola chiave","href":"https:\/\/api.w.org\/{rel}","templated":true}]}}