{"id":612,"date":"2021-03-26T10:04:13","date_gmt":"2021-03-26T10:04:13","guid":{"rendered":"http:\/\/localhost\/nuss\/?page_id=612"},"modified":"2025-07-05T08:40:56","modified_gmt":"2025-07-05T08:40:56","slug":"restaurant","status":"publish","type":"page","link":"https:\/\/orientalvoguehotel.com\/fr\/restaurant\/","title":{"rendered":"Restaurant"},"content":{"rendered":"<div data-elementor-type=\"wp-page\" data-elementor-id=\"612\" class=\"elementor elementor-612\">\n\t\t\t\t\t\t<section class=\"elementor-section elementor-top-section elementor-element elementor-element-e2effe8 elementor-section-boxed elementor-section-gap-beside-yes elementor-section-height-default elementor-section-height-default elementor-section-column-vertical-align-stretch\" data-id=\"e2effe8\" data-element_type=\"section\" data-e-type=\"section\">\n\t\t\t\t\t\t<div class=\"elementor-container elementor-column-gap-extended\">\n\t\t\t\t\t<div class=\"elementor-column elementor-col-100 elementor-top-column elementor-element elementor-element-e18f688\" data-id=\"e18f688\" data-element_type=\"column\" data-e-type=\"column\">\n\t\t\t<div class=\"elementor-widget-wrap elementor-element-populated\">\n\t\t\t\t\t\t<div class=\"elementor-element elementor-element-6db146d elementor-widget__width-initial elementor-invisible elementor-widget elementor-widget-text-editor\" data-id=\"6db146d\" data-element_type=\"widget\" data-e-type=\"widget\" data-settings=\"{&quot;_animation&quot;:&quot;nussFadeInUp&quot;}\" data-widget_type=\"text-editor.default\">\n\t\t\t\t\t\t\t\t\t<p>Notre <strong>restaurant sur place <\/strong>, soigneusement con\u00e7u et m\u00e9ticuleusement organis\u00e9, se pr\u00e9sente comme un joyau culinaire dans l&#039;un des quartiers les plus riches culturellement de P\u00e9kin, m\u00e9langeant des saveurs ancestrales avec une pr\u00e9sentation moderne pour cr\u00e9er une exp\u00e9rience gastronomique inoubliable.<\/p>\t\t\t\t\t\t\t\t<\/div>\n\t\t\t\t\t<\/div>\n\t\t<\/div>\n\t\t\t\t\t<\/div>\n\t\t<\/section>\n\t\t<div class=\"elementor-element elementor-element-bc8075d e-flex e-con-boxed e-con e-parent\" data-id=\"bc8075d\" data-element_type=\"container\" data-e-type=\"container\">\n\t\t\t\t\t<div class=\"e-con-inner\">\n\t\t\t\t<div class=\"elementor-element elementor-element-61a5276 elementor-widget elementor-widget-text-editor\" data-id=\"61a5276\" data-element_type=\"widget\" data-e-type=\"widget\" data-widget_type=\"text-editor.default\">\n\t\t\t\t\t\t\t\t\t<h3 data-spm-anchor-id=\"a2ty_o01.29997173.0.i53.1dedc921VWRwZn\">Une fusion de saveurs ancr\u00e9es dans la tradition<\/h3><p data-spm-anchor-id=\"a2ty_o01.29997173.0.i52.1dedc921VWRwZn\">Au c\u0153ur de <strong>Restaurant de l&#039;h\u00f4tel Oriental Vogue <\/strong> est un profond respect pour la diversit\u00e9 des traditions culinaires chinoises. Nos chefs s&#039;attachent \u00e0 pr\u00e9server l&#039;authenticit\u00e9 des plats r\u00e9gionaux tout en introduisant de subtiles innovations qui refl\u00e8tent l&#039;\u00e9volution des go\u00fbts. Que vous ayez envie de la richesse fum\u00e9e du canard laqu\u00e9, de l&#039;\u00e9quilibre d\u00e9licat des dim sum cantonais ou des \u00e9pices piquantes de la cuisine du Sichuan, chaque plat est pr\u00e9par\u00e9 selon des techniques \u00e9prouv\u00e9es et avec les ingr\u00e9dients locaux les plus frais, provenant de fournisseurs de confiance de la r\u00e9gion.<\/p><p>Nous pensons que la nourriture n\u2019est pas seulement un aliment, mais aussi une source d\u2019histoire : chaque bouch\u00e9e porte l\u2019h\u00e9ritage des g\u00e9n\u00e9rations pass\u00e9es, servie dans des assiettes qui honorent \u00e0 la fois l\u2019histoire et l\u2019artisanat.<\/p><h3>Un cadre \u00e9l\u00e9gant con\u00e7u pour chaque occasion<\/h3><p>Situ\u00e9 dans le magnifique b\u00e2timent restaur\u00e9 de l&#039;h\u00f4tel, avec sa cour int\u00e9rieure, notre restaurant allie harmonieusement esth\u00e9tique traditionnelle et design moderne et \u00e9pur\u00e9. L&#039;ambiance est chaleureuse et accueillante, avec un \u00e9clairage tamis\u00e9, un mobilier en bois artisanal et des touches d\u00e9coratives subtiles inspir\u00e9es de l&#039;art et de la calligraphie classiques chinois.<\/p><p>Que vous profitiez d&#039;un petit-d\u00e9jeuner tranquille avant une journ\u00e9e d&#039;exploration des monuments imp\u00e9riaux de P\u00e9kin, que vous organisiez un d\u00e9jeuner d&#039;affaires avec des coll\u00e8gues ou que vous savouriez un d\u00eener romantique sous la douce lueur des lanternes, notre espace de restauration s&#039;adapte \u00e0 toutes les humeurs et \u00e0 toutes les occasions.<\/p><h3>Des menus vari\u00e9s qui s&#039;adressent aux palais du monde entier<\/h3><p>Bien que nos racines soient profond\u00e9ment ancr\u00e9es dans la tradition culinaire chinoise, nous comprenons les besoins des voyageurs internationaux d&#039;aujourd&#039;hui. C&#039;est pourquoi notre carte s&#039;\u00e9tend au-del\u00e0 des sp\u00e9cialit\u00e9s locales et propose une s\u00e9lection de plats. <strong>plats internationaux <\/strong>, garantissant que m\u00eame les palais les plus aventureux ou en qu\u00eate de confort trouvent de quoi se r\u00e9galer. Des copieux petits-d\u00e9jeuners occidentaux aux sushis d&#039;inspiration japonaise, en passant par les cr\u00e9ations de p\u00e2tes italiennes et les plats fusion d&#039;inspiration mondiale, notre cuisine est \u00e9quip\u00e9e pour servir un monde de saveurs, tout en maintenant le m\u00eame niveau de soin et de qualit\u00e9 qui d\u00e9finit notre marque.<\/p><p>Pour les clients soucieux de leur sant\u00e9, nous proposons \u00e9galement une vari\u00e9t\u00e9 de <strong>options v\u00e9g\u00e9tariennes, v\u00e9g\u00e9taliennes et hypocaloriques <\/strong>, soigneusement con\u00e7u pour conserver la saveur sans compromis.<\/p><h3>Un avant-go\u00fbt de la culture locale \u00e0 travers des offres saisonni\u00e8res<\/h3><p>Notre carte \u00e9volue au fil des saisons, refl\u00e9tant les rythmes naturels de l&#039;agriculture et les go\u00fbts changeants des gourmets. En hiver, nos clients peuvent savourer des soupes r\u00e9confortantes et des rago\u00fbts mijot\u00e9s, tandis qu&#039;en \u00e9t\u00e9, des plats plus l\u00e9gers et rafra\u00eechissants, agr\u00e9ment\u00e9s d&#039;herbes et de l\u00e9gumes de saison, sont propos\u00e9s. Nous accueillons \u00e9galement des invit\u00e9s. <strong>menus d\u00e9gustation de saison <\/strong> et des festivals culturels qui mettent en valeur les sp\u00e9cialit\u00e9s r\u00e9gionales, permettant aux clients de s&#039;immerger dans la tapisserie en constante \u00e9volution de la cuisine chinoise.<\/p><h3>Un service exceptionnel qui rehausse l&#039;exp\u00e9rience<\/h3><p>Ce qui distingue v\u00e9ritablement notre restaurant, ce n&#039;est pas seulement le contenu de l&#039;assiette, mais aussi la fa\u00e7on dont il est servi. Notre personnel attentionn\u00e9 et multilingue est form\u00e9 pour anticiper vos besoins, vous proposer des recommandations personnalis\u00e9es et veiller \u00e0 ce que chaque \u00e9tape de votre exp\u00e9rience culinaire soit fluide et m\u00e9morable. Que vous c\u00e9l\u00e9briez une occasion sp\u00e9ciale, recherchiez un d\u00eener priv\u00e9 ou simplement un endroit pour vous d\u00e9tendre apr\u00e8s une longue journ\u00e9e de visites, notre \u00e9quipe s&#039;engage \u00e0 rendre votre visite exceptionnelle.<\/p><h3>Id\u00e9alement positionn\u00e9 pour l&#039;exploration<\/h3><p>\u00c9tant situ\u00e9 dans <strong>District de Dongcheng <\/strong>, notre restaurant est id\u00e9alement situ\u00e9 \u00e0 proximit\u00e9 de certaines des attractions les plus embl\u00e9matiques de P\u00e9kin, notamment le <strong>Cit\u00e9 interdite <\/strong>, <strong>Place Tiananmen <\/strong>, et le charmant <strong>hutongs <\/strong> du vieux P\u00e9kin. Nombre de nos clients choisissent de d\u00eener chez nous avant ou apr\u00e8s leurs explorations, appr\u00e9ciant le confort d&#039;un environnement familier et accueillant o\u00f9 ils peuvent se d\u00e9tendre et se ressourcer.<\/p><p>De plus, notre emplacement central fait de nous un choix populaire parmi <strong>voyageurs d&#039;affaires, touristes internationaux et r\u00e9sidents locaux <\/strong>, tous attir\u00e9s par la promesse de saveurs authentiques servies dans un cadre \u00e9l\u00e9gant mais intime.<\/p><h3>Services gratuits pour plus de commodit\u00e9<\/h3><p>Pour que votre exp\u00e9rience culinaire soit la plus simple possible, nous vous proposons :<\/p><ul><li><strong>Service de chambre <\/strong> pour ceux qui pr\u00e9f\u00e8rent d\u00eener dans l&#039;intimit\u00e9 de leur salle \u00e9l\u00e9gamment am\u00e9nag\u00e9e<\/li><li><strong>Salles \u00e0 manger priv\u00e9es <\/strong> pour les petits groupes, les r\u00e9unions d&#039;affaires ou les f\u00eates de famille<\/li><li><strong>Menus de banquet personnalisables <\/strong> pour les \u00e9v\u00e9nements sp\u00e9ciaux et les grands rassemblements<\/li><li><strong>Exp\u00e9riences d&#039;association de th\u00e9s <\/strong> proposant des th\u00e9s chinois haut de gamme provenant de r\u00e9gions renomm\u00e9es comme le Yunnan et le Fujian<\/li><\/ul><h3>Pourquoi les clients adorent d\u00eener \u00e0 l&#039;Oriental Vogue Hotel<\/h3><p>Les voyageurs font r\u00e9guli\u00e8rement l&#039;\u00e9loge de notre restaurant dans les avis sur des plateformes comme <strong>TripAdvisor, Google Avis et Booking.com <\/strong>, soulignant le \u00ab\u00a0m\u00e9lange parfait de tradition et de modernit\u00e9\u00a0\u00bb, le \u00ab\u00a0service exceptionnel\u00a0\u00bb et \u00ab\u00a0l&#039;un des meilleurs canards laqu\u00e9s de la ville\u00a0\u00bb. Nombre de nos clients fid\u00e8les consid\u00e8rent notre restaurant comme un moment fort de leur s\u00e9jour\u00a0; pas seulement un lieu o\u00f9 manger, mais une destination \u00e0 part enti\u00e8re.<\/p><div class=\"py-2 my-3\"><hr \/><\/div><p><strong>Venez go\u00fbter la diff\u00e9rence au restaurant de l&#039;h\u00f4tel Oriental Vogue <\/strong><\/p><p data-spm-anchor-id=\"a2ty_o01.29997173.0.i55.1dedc921VWRwZn\">Que vous soyez un client de l&#039;h\u00f4tel ou que vous exploriez simplement les rues anim\u00e9es de <strong>District de Dongcheng <\/strong>, nous vous invitons \u00e0 vivre une exp\u00e9rience culinaire qui honore le pass\u00e9 tout en embrassant l&#039;avenir. <strong>Restaurant de l&#039;h\u00f4tel Oriental Vogue <\/strong>, chaque repas est une histoire racont\u00e9e \u00e0 travers la saveur, chaque plat un hommage \u00e0 la terre qui l&#039;inspire et chaque visite un souvenir qui attend d&#039;\u00eatre cr\u00e9\u00e9.<\/p>\t\t\t\t\t\t\t\t<\/div>\n\t\t\t\t\t<\/div>\n\t\t\t\t<\/div>\n\t\t<div class=\"elementor-element elementor-element-7a1a2d5 e-flex e-con-boxed e-con e-parent\" data-id=\"7a1a2d5\" data-element_type=\"container\" data-e-type=\"container\">\n\t\t\t\t\t<div class=\"e-con-inner\">\n\t\t\t\t<div class=\"elementor-element elementor-element-9a23609 elementor-widget elementor-widget-nuss-image-gallery\" data-id=\"9a23609\" data-element_type=\"widget\" data-e-type=\"widget\" data-widget_type=\"nuss-image-gallery.default\">\n\t\t\t\t<div class=\"elementor-widget-container\">\n\t\t\t\t\t\t\t<div class=\"nuss-grid-wrapper\" data-grid=\"{&quot;type&quot;:&quot;grid&quot;,&quot;ratio&quot;:null,&quot;columns&quot;:3,&quot;gutter&quot;:30}\">\r\n\t\t\t<div class=\"nuss-grid lazy-grid\">\r\n\t\t\t\t<div class=\"grid-sizer\"><\/div>\r\n\r\n\t\t\t\t\t\t\t\t\t\t\t\t<div class=\"grid-item\">\r\n\t\t\t\t\t\t<div class=\"nuss-box\">\t\t<div class=\"nuss-image image\">\r\n\t\t\t<img decoding=\"async\"  src=\"https:\/\/orientalvoguehotel.com\/wp-content\/uploads\/2025\/07\/Oriental-Vogue-Hotel-94.webp\" alt=\"H\u00f4tel Oriental Vogue (94)\" \/>\t\t<\/div>\r\n\t\t\t\t<\/div>\t\t\t\t\t<\/div>\r\n\t\t\t\t\t\t<div class=\"grid-item\">\r\n\t\t\t\t\t\t<div class=\"nuss-box\">\t\t<div class=\"nuss-image image\">\r\n\t\t\t<img decoding=\"async\"  src=\"https:\/\/orientalvoguehotel.com\/wp-content\/uploads\/2025\/07\/Oriental-Vogue-Hotel-93.webp\" alt=\"H\u00f4tel Oriental Vogue (93)\" \/>\t\t<\/div>\r\n\t\t\t\t<\/div>\t\t\t\t\t<\/div>\r\n\t\t\t\t\t\t<div class=\"grid-item\">\r\n\t\t\t\t\t\t<div class=\"nuss-box\">\t\t<div class=\"nuss-image image\">\r\n\t\t\t<img decoding=\"async\"  src=\"https:\/\/orientalvoguehotel.com\/wp-content\/uploads\/2025\/07\/Oriental-Vogue-Hotel-92.webp\" alt=\"H\u00f4tel Oriental Vogue (92)\" \/>\t\t<\/div>\r\n\t\t\t\t<\/div>\t\t\t\t\t<\/div>\r\n\t\t\t\t\t\t<div class=\"grid-item\">\r\n\t\t\t\t\t\t<div class=\"nuss-box\">\t\t<div class=\"nuss-image image\">\r\n\t\t\t<img decoding=\"async\"  src=\"https:\/\/orientalvoguehotel.com\/wp-content\/uploads\/2025\/07\/Oriental-Vogue-Hotel-90.webp\" alt=\"H\u00f4tel Oriental Vogue (90)\" \/>\t\t<\/div>\r\n\t\t\t\t<\/div>\t\t\t\t\t<\/div>\r\n\t\t\t\t\t\t<div class=\"grid-item\">\r\n\t\t\t\t\t\t<div class=\"nuss-box\">\t\t<div class=\"nuss-image image\">\r\n\t\t\t<img decoding=\"async\"  src=\"https:\/\/orientalvoguehotel.com\/wp-content\/uploads\/2025\/07\/Oriental-Vogue-Hotel-89.webp\" alt=\"H\u00f4tel Oriental Vogue (89)\" \/>\t\t<\/div>\r\n\t\t\t\t<\/div>\t\t\t\t\t<\/div>\r\n\t\t\t\t\t\t<div class=\"grid-item\">\r\n\t\t\t\t\t\t<div class=\"nuss-box\">\t\t<div class=\"nuss-image image\">\r\n\t\t\t<img decoding=\"async\"  src=\"https:\/\/orientalvoguehotel.com\/wp-content\/uploads\/2025\/07\/Oriental-Vogue-Hotel-88.webp\" alt=\"H\u00f4tel Oriental Vogue (88)\" \/>\t\t<\/div>\r\n\t\t\t\t<\/div>\t\t\t\t\t<\/div>\r\n\t\t\t\t\t\t<div class=\"grid-item\">\r\n\t\t\t\t\t\t<div class=\"nuss-box\">\t\t<div class=\"nuss-image image\">\r\n\t\t\t<img decoding=\"async\"  src=\"https:\/\/orientalvoguehotel.com\/wp-content\/uploads\/2025\/07\/Oriental-Vogue-Hotel-85.webp\" alt=\"H\u00f4tel Oriental Vogue (85)\" \/>\t\t<\/div>\r\n\t\t\t\t<\/div>\t\t\t\t\t<\/div>\r\n\t\t\t\t\t\t<div class=\"grid-item\">\r\n\t\t\t\t\t\t<div class=\"nuss-box\">\t\t<div class=\"nuss-image image\">\r\n\t\t\t<img decoding=\"async\"  src=\"https:\/\/orientalvoguehotel.com\/wp-content\/uploads\/2025\/07\/Oriental-Vogue-Hotel-82.webp\" alt=\"H\u00f4tel Oriental Vogue (82)\" \/>\t\t<\/div>\r\n\t\t\t\t<\/div>\t\t\t\t\t<\/div>\r\n\t\t\t\t\t\t<div class=\"grid-item\">\r\n\t\t\t\t\t\t<div class=\"nuss-box\">\t\t<div class=\"nuss-image image\">\r\n\t\t\t<img decoding=\"async\"  src=\"https:\/\/orientalvoguehotel.com\/wp-content\/uploads\/2025\/07\/Oriental-Vogue-Hotel-83.webp\" alt=\"H\u00f4tel Oriental Vogue (83)\" \/>\t\t<\/div>\r\n\t\t\t\t<\/div>\t\t\t\t\t<\/div>\r\n\t\t\t\t\t\t<div class=\"grid-item\">\r\n\t\t\t\t\t\t<div class=\"nuss-box\">\t\t<div class=\"nuss-image image\">\r\n\t\t\t<img decoding=\"async\"  src=\"https:\/\/orientalvoguehotel.com\/wp-content\/uploads\/2025\/07\/Oriental-Vogue-Hotel-95.webp\" alt=\"H\u00f4tel Oriental Vogue (95)\" \/>\t\t<\/div>\r\n\t\t\t\t<\/div>\t\t\t\t\t<\/div>\r\n\t\t\t\t\t\t<div class=\"grid-item\">\r\n\t\t\t\t\t\t<div class=\"nuss-box\">\t\t<div class=\"nuss-image image\">\r\n\t\t\t<img decoding=\"async\"  src=\"https:\/\/orientalvoguehotel.com\/wp-content\/uploads\/2025\/07\/Oriental-Vogue-Hotel-107.webp\" alt=\"H\u00f4tel Oriental Vogue (107)\" \/>\t\t<\/div>\r\n\t\t\t\t<\/div>\t\t\t\t\t<\/div>\r\n\t\t\t\t\t\t<div class=\"grid-item\">\r\n\t\t\t\t\t\t<div class=\"nuss-box\">\t\t<div class=\"nuss-image image\">\r\n\t\t\t<img decoding=\"async\"  src=\"https:\/\/orientalvoguehotel.com\/wp-content\/uploads\/2025\/07\/Oriental-Vogue-Hotel-91.webp\" alt=\"H\u00f4tel Oriental Vogue (91)\" \/>\t\t<\/div>\r\n\t\t\t\t<\/div>\t\t\t\t\t<\/div>\r\n\t\t\t\t\t\t\t\r\n\t\t\t<\/div>\r\n\t\t<\/div>\r\n\t\t\t\t\t\t<\/div>\n\t\t\t\t<\/div>\n\t\t\t\t\t<\/div>\n\t\t\t\t<\/div>\n\t\t\t\t<\/div>","protected":false},"excerpt":{"rendered":"<p>Our on-site restaurant , thoughtfully designed and meticulously curated, stands as a culinary gem in one of Beijing\u2019s most culturally rich neighborhoods, blending time-honored flavors with modern presentation to create an unforgettable gastronomic experience. A Fusion of Flavors Rooted in Tradition At the heart of Oriental Vogue Hotel\u2019s restaurant is a deep respect for China\u2019s [&hellip;]<\/p>\n","protected":false},"author":1,"featured_media":0,"parent":0,"menu_order":0,"comment_status":"closed","ping_status":"closed","template":"elementor_header_footer","meta":{"footnotes":""},"class_list":["post-612","page","type-page","status-publish","hentry","post-no-thumbnail"],"_links":{"self":[{"href":"https:\/\/orientalvoguehotel.com\/fr\/wp-json\/wp\/v2\/pages\/612","targetHints":{"allow":["GET"]}}],"collection":[{"href":"https:\/\/orientalvoguehotel.com\/fr\/wp-json\/wp\/v2\/pages"}],"about":[{"href":"https:\/\/orientalvoguehotel.com\/fr\/wp-json\/wp\/v2\/types\/page"}],"author":[{"embeddable":true,"href":"https:\/\/orientalvoguehotel.com\/fr\/wp-json\/wp\/v2\/users\/1"}],"replies":[{"embeddable":true,"href":"https:\/\/orientalvoguehotel.com\/fr\/wp-json\/wp\/v2\/comments?post=612"}],"version-history":[{"count":0,"href":"https:\/\/orientalvoguehotel.com\/fr\/wp-json\/wp\/v2\/pages\/612\/revisions"}],"wp:attachment":[{"href":"https:\/\/orientalvoguehotel.com\/fr\/wp-json\/wp\/v2\/media?parent=612"}],"curies":[{"name":"wp","href":"https:\/\/api.w.org\/{rel}","templated":true}]}}