{"id":2106,"date":"2021-03-25T04:08:26","date_gmt":"2021-03-25T04:08:26","guid":{"rendered":"http:\/\/localhost\/nuss\/?page_id=298"},"modified":"2025-07-05T07:43:50","modified_gmt":"2025-07-05T07:43:50","slug":"experiences","status":"publish","type":"page","link":"https:\/\/orientalvoguehotel.com\/fr\/experiences\/","title":{"rendered":"Exp\u00e9riences"},"content":{"rendered":"<div data-elementor-type=\"wp-page\" data-elementor-id=\"2106\" class=\"elementor elementor-2106\">\n\t\t\t\t\t\t<section class=\"elementor-section elementor-top-section elementor-element elementor-element-1954ffc elementor-section-boxed elementor-section-gap-beside-yes elementor-section-height-default elementor-section-height-default elementor-section-column-vertical-align-stretch\" data-id=\"1954ffc\" data-element_type=\"section\" data-e-type=\"section\">\n\t\t\t\t\t\t<div class=\"elementor-container elementor-column-gap-extended\">\n\t\t\t\t\t<div class=\"elementor-column elementor-col-100 elementor-top-column elementor-element elementor-element-86aebc5\" data-id=\"86aebc5\" data-element_type=\"column\" data-e-type=\"column\">\n\t\t\t<div class=\"elementor-widget-wrap elementor-element-populated\">\n\t\t\t\t\t\t<div class=\"elementor-element elementor-element-11803d1 elementor-widget__width-initial elementor-invisible elementor-widget elementor-widget-text-editor\" data-id=\"11803d1\" data-element_type=\"widget\" data-e-type=\"widget\" data-settings=\"{&quot;_animation&quot;:&quot;nussFadeInUp&quot;}\" data-widget_type=\"text-editor.default\">\n\t\t\t\t\t\t\t\t\t<p>D\u00e9couvrez ce que disent les clients de l&#039;Oriental Vogue Hotel\u00a0: une collection d&#039;exp\u00e9riences et d&#039;avis clients r\u00e9els<\/p>\t\t\t\t\t\t\t\t<\/div>\n\t\t\t\t\t<\/div>\n\t\t<\/div>\n\t\t\t\t\t<\/div>\n\t\t<\/section>\n\t\t<div class=\"elementor-element elementor-element-b76bace e-flex e-con-boxed e-con e-parent\" data-id=\"b76bace\" data-element_type=\"container\" data-e-type=\"container\">\n\t\t\t\t\t<div class=\"e-con-inner\">\n\t\t\t\t<div class=\"elementor-element elementor-element-90ef6c3 elementor-widget elementor-widget-text-editor\" data-id=\"90ef6c3\" data-element_type=\"widget\" data-e-type=\"widget\" data-widget_type=\"text-editor.default\">\n\t\t\t\t\t\t\t\t\t<p data-spm-anchor-id=\"a2ty_o01.29997173.0.i7.1dedc921VWRwZn\">\u00c0 <strong>H\u00f4tel Oriental Vogue <\/strong>, situ\u00e9 \u00e0 <strong>N\u00b0 36, rue Dongsi Sud, district de Dongcheng, P\u00e9kin <\/strong>Nous sommes convaincus que la v\u00e9ritable mesure de notre excellence r\u00e9side dans l&#039;exp\u00e9rience et la satisfaction de nos clients. Nich\u00e9 dans l&#039;un des quartiers les plus historiques et culturellement riches de P\u00e9kin, notre h\u00f4tel-boutique offre bien plus qu&#039;un h\u00e9bergement \u00e9l\u00e9gant\u00a0: il vous offre un voyage chaleureux et inoubliable au c\u0153ur de la capitale chinoise.<\/p><div class=\"my-2\">\u00a0<\/div><p>Au fil des ann\u00e9es, des voyageurs du monde entier ont partag\u00e9 leurs t\u00e9moignages \u00e9logieux sur les principales plateformes de voyage telles que <strong>TripAdvisor.com <\/strong>, <strong>Booking.com <\/strong>, <strong>Expedia <\/strong>, et d&#039;autres grands <strong>Agences de voyages en ligne (OTA) <\/strong>, louant non seulement notre design \u00e9l\u00e9gant et notre emplacement privil\u00e9gi\u00e9, mais \u00e9galement le service exceptionnel et l&#039;attention aux d\u00e9tails qui d\u00e9finissent l&#039;exp\u00e9rience Oriental Vogue.<\/p><div class=\"my-2\">\u00a0<\/div><h3><strong>Un choix privil\u00e9gi\u00e9 parmi les voyageurs exigeants <\/strong><\/h3><p>Avec des notes constamment \u00e9lev\u00e9es et un nombre croissant d&#039;avis positifs, <strong>H\u00f4tel Oriental Vogue <\/strong> a acquis sa r\u00e9putation de favori aupr\u00e8s des voyageurs d&#039;agr\u00e9ment et d&#039;affaires. <strong>TripAdvisor <\/strong>, l&#039;h\u00f4tel est c\u00e9l\u00e8bre pour son \u00ab m\u00e9lange parfait de luxe moderne et de charme traditionnel \u00bb, de nombreux clients soulignant la fa\u00e7on dont la propri\u00e9t\u00e9 int\u00e8gre parfaitement le confort contemporain \u00e0 l&#039;esth\u00e9tique chinoise classique.<\/p><div class=\"my-2\">\u00a0<\/div><p>Un critique de TripAdvisor a d\u00e9clar\u00e9 avec enthousiasme :<\/p><blockquote><p><em>L&#039;emplacement est id\u00e9al\u00a0: en plein c\u0153ur du vieux P\u00e9kin, \u00e0 quelques minutes seulement des principaux sites touristiques comme la Cit\u00e9 interdite et la place Tian&#039;anmen. Les chambres \u00e9taient impeccables, \u00e9l\u00e9gantes et incroyablement confortables. Le personnel a fait tout son possible pour que notre s\u00e9jour soit parfait. <\/em><\/p><\/blockquote><h3><strong>Un service exceptionnel qui laisse une impression durable <\/strong><\/h3><p>Nos clients appr\u00e9cient particuli\u00e8rement le service attentionn\u00e9 et courtois qu&#039;ils re\u00e7oivent tout au long de leur s\u00e9jour. Notre personnel multilingue, disponible 24h\/24 et 7j\/7, est r\u00e9put\u00e9 pour son assistance personnalis\u00e9e, qu&#039;il s&#039;agisse d&#039;organiser des transferts a\u00e9roport, des visites guid\u00e9es ou de recommander les meilleurs restaurants locaux nich\u00e9s dans les hutongs voisins.<\/p><div class=\"my-2\">\u00a0<\/div><p>Sur <strong>Booking.com <\/strong>, une critique cinq \u00e9toiles dit :<\/p><blockquote><p><em>Cet h\u00f4tel a d\u00e9pass\u00e9 toutes mes attentes. L&#039;\u00e9quipe de la r\u00e9ception \u00e9tait incroyablement serviable, toujours souriante et toujours pr\u00eate \u00e0 aider. Je me suis sentie vraiment bien accueillie d\u00e8s mon arriv\u00e9e. Le petit-d\u00e9jeuner \u00e9tait d\u00e9licieux et proposait des plats occidentaux et chinois\u00a0: il y en avait pour tous les go\u00fbts\u00a0! <\/em><\/p><\/blockquote><p>Un autre invit\u00e9 sur <strong>Agoda <\/strong> ajout\u00e9:<\/p><blockquote><p><em>\u00ab Un service client exceptionnel ! Ils m&#039;ont m\u00eame aid\u00e9 \u00e0 r\u00e9cup\u00e9rer un objet perdu apr\u00e8s mon d\u00e9part. Rares sont les h\u00f4tels qui font ce petit effort suppl\u00e9mentaire de nos jours. \u00bb <\/em><\/p><\/blockquote><h3><strong>Au c\u0153ur de P\u00e9kin, la commodit\u00e9 rencontre la culture <\/strong><\/h3><p>Notre emplacement strat\u00e9gique \u00e0 <strong>District de Dongcheng <\/strong> L&#039;h\u00f4tel reste un incontournable pour les voyageurs souhaitant s&#039;immerger dans la culture vibrante de P\u00e9kin tout en b\u00e9n\u00e9ficiant d&#039;un acc\u00e8s facile aux commodit\u00e9s modernes. De nombreux utilisateurs d&#039;OTA appr\u00e9cient la proximit\u00e9 des transports traditionnels. <strong>quartiers de hutong <\/strong>, <strong>temples antiques <\/strong>, et des march\u00e9s locaux, tout en \u00e9tant \u00e0 proximit\u00e9 des stations de m\u00e9tro et des stations de taxis.<\/p><div class=\"my-2\">\u00a0<\/div><p>Un critique enthousiaste de Google a not\u00e9 :<\/p><blockquote><p><em>Impossible de r\u00eaver meilleur emplacement. Nous avons visit\u00e9 plusieurs sites historiques chaque jour et sommes revenus nous d\u00e9tendre dans un h\u00f4tel paisible et magnifiquement con\u00e7u. C&#039;est le parfait m\u00e9lange d&#039;authenticit\u00e9 et de confort. <\/em><\/p><\/blockquote><h3><strong>Luxe, confort et \u00e9quipements bien pens\u00e9s <\/strong><\/h3><p>Des chambres \u00e9l\u00e9gantes avec literie moelleuse et salles de bains modernes au Wi-Fi haut d\u00e9bit gratuit, \u00e0 la climatisation et au n\u00e9cessaire \u00e0 th\u00e9, nos \u00e9quipements sont pens\u00e9s pour le voyageur moderne. Malgr\u00e9 sa situation centrale, nos clients soulignent souvent la tranquillit\u00e9 de l&#039;h\u00f4tel, id\u00e9al pour se ressourcer apr\u00e8s une journ\u00e9e de d\u00e9couverte de P\u00e9kin.<\/p><div class=\"my-2\">\u00a0<\/div><p>Un invit\u00e9 r\u00e9cent sur <strong>Hotels.com <\/strong> a \u00e9crit:<\/p><blockquote><p><em>La chambre \u00e9tait spacieuse, propre et d\u00e9cor\u00e9e avec go\u00fbt. J&#039;ai ador\u00e9 l&#039;\u00e9clairage tamis\u00e9 et les touches traditionnelles de la d\u00e9coration. J&#039;ai \u00e9galement appr\u00e9ci\u00e9 les bouteilles d&#039;eau gratuites, les chaussons et l&#039;internet ultra-rapide\u00a0: parfait pour travailler et se d\u00e9tendre. <\/em><\/p><\/blockquote><h3><strong>Pourquoi les voyageurs reviennent sans cesse <\/strong><\/h3><p>Que ce soit le <strong>propret\u00e9 irr\u00e9prochable <\/strong>, le <strong>cadre central mais serein <\/strong>, ou le <strong>rapport qualit\u00e9\/prix exceptionnel <\/strong>, les visiteurs r\u00e9guliers et les clients fid\u00e8les continuent de choisir <strong>H\u00f4tel Oriental Vogue <\/strong> pour leurs s\u00e9jours \u00e0 P\u00e9kin. Notre engagement \u00e0 maintenir des standards \u00e9lev\u00e9s et \u00e0 cr\u00e9er des exp\u00e9riences m\u00e9morables se refl\u00e8te dans chaque avis client que nous recevons.<\/p><div class=\"my-2\">\u00a0<\/div><p>Nous vous invitons \u00e0 lire ce que les autres ont dit de nous sur <strong>TripAdvisor <\/strong>, <strong>Avis Google <\/strong>et d&#039;autres plateformes de voyages en ligne, et venez d\u00e9couvrir par vous-m\u00eame la diff\u00e9rence Oriental Vogue. Laissez-nous transformer votre visite \u00e0 P\u00e9kin en un moment extraordinaire.<\/p><div class=\"my-2\">\u00a0<\/div><p data-spm-anchor-id=\"a2ty_o01.29997173.0.i8.1dedc921VWRwZn\">R\u00e9servez votre s\u00e9jour d\u00e8s aujourd&#039;hui et faites partie de notre famille grandissante de clients satisfaits qui rentrent chez eux non seulement avec des souvenirs, mais avec des souvenirs pr\u00e9cieux d&#039;une exp\u00e9rience d&#039;hospitalit\u00e9 vraiment remarquable au c\u0153ur de P\u00e9kin.<\/p>\t\t\t\t\t\t\t\t<\/div>\n\t\t\t\t\t<\/div>\n\t\t\t\t<\/div>\n\t\t\t\t<section class=\"elementor-section elementor-top-section elementor-element elementor-element-4d363e5d elementor-section-stretched elementor-section-boxed elementor-section-gap-beside-yes elementor-section-height-default elementor-section-height-default elementor-section-column-vertical-align-stretch\" data-id=\"4d363e5d\" data-element_type=\"section\" data-e-type=\"section\" data-settings=\"{&quot;background_background&quot;:&quot;classic&quot;,&quot;stretch_section&quot;:&quot;section-stretched&quot;}\">\n\t\t\t\t\t\t<div class=\"elementor-container elementor-column-gap-extended\">\n\t\t\t\t\t<div class=\"elementor-column elementor-col-100 elementor-top-column elementor-element elementor-element-534d7b08\" data-id=\"534d7b08\" data-element_type=\"column\" data-e-type=\"column\">\n\t\t\t<div class=\"elementor-widget-wrap elementor-element-populated\">\n\t\t\t\t\t\t<div class=\"elementor-element elementor-element-70c47e30 elementor-widget elementor-widget-heading\" data-id=\"70c47e30\" data-element_type=\"widget\" data-e-type=\"widget\" data-widget_type=\"heading.default\">\n\t\t\t\t\t<h2 class=\"elementor-heading-title elementor-size-default\">Ch\u00e8que disponible <\/h2>\t\t\t\t<\/div>\n\t\t\t\t<div class=\"elementor-element elementor-element-3a38f6fc elementor-widget elementor-widget-text-editor\" data-id=\"3a38f6fc\" data-element_type=\"widget\" data-e-type=\"widget\" data-widget_type=\"text-editor.default\">\n\t\t\t\t\t\t\t\t\t<iframe border=\"0\" src=\"https:\/\/www.trip.com\/partners\/ad\/S4304456?Allianceid=5415915&#038;SID=231907929&#038;trip_sub1=\" style=\"width:900px;height:200px\" frameborder=\"0\" scrolling=\"no\" id=\"S4304456\"><\/iframe>\t\t\t\t\t\t\t\t<\/div>\n\t\t\t\t\t<\/div>\n\t\t<\/div>\n\t\t\t\t\t<\/div>\n\t\t<\/section>\n\t\t\t\t<\/div>","protected":false},"excerpt":{"rendered":"<p>Discover What Guests Are Saying About Oriental Vogue Hotel \u2013 A Collection of Real Customer Experiences &amp; Reviews At Oriental Vogue Hotel , located at No. 36 Dongsi South Street, Dongcheng District, Beijing , we believe that the true measure of our excellence lies in the experiences and satisfaction of our guests. Nestled in one [&hellip;]<\/p>\n","protected":false},"author":1,"featured_media":0,"parent":0,"menu_order":0,"comment_status":"closed","ping_status":"closed","template":"","meta":{"footnotes":""},"class_list":["post-2106","page","type-page","status-publish","hentry","post-no-thumbnail"],"_links":{"self":[{"href":"https:\/\/orientalvoguehotel.com\/fr\/wp-json\/wp\/v2\/pages\/2106","targetHints":{"allow":["GET"]}}],"collection":[{"href":"https:\/\/orientalvoguehotel.com\/fr\/wp-json\/wp\/v2\/pages"}],"about":[{"href":"https:\/\/orientalvoguehotel.com\/fr\/wp-json\/wp\/v2\/types\/page"}],"author":[{"embeddable":true,"href":"https:\/\/orientalvoguehotel.com\/fr\/wp-json\/wp\/v2\/users\/1"}],"replies":[{"embeddable":true,"href":"https:\/\/orientalvoguehotel.com\/fr\/wp-json\/wp\/v2\/comments?post=2106"}],"version-history":[{"count":0,"href":"https:\/\/orientalvoguehotel.com\/fr\/wp-json\/wp\/v2\/pages\/2106\/revisions"}],"wp:attachment":[{"href":"https:\/\/orientalvoguehotel.com\/fr\/wp-json\/wp\/v2\/media?parent=2106"}],"curies":[{"name":"wp","href":"https:\/\/api.w.org\/{rel}","templated":true}]}}