{"id":647,"date":"2021-03-29T02:13:52","date_gmt":"2021-03-29T02:13:52","guid":{"rendered":"http:\/\/localhost\/nuss\/?page_id=647"},"modified":"2025-12-04T10:48:46","modified_gmt":"2025-12-04T10:48:46","slug":"servicios","status":"publish","type":"page","link":"https:\/\/orientalvoguehotel.com\/es\/servicios\/","title":{"rendered":"Servicios"},"content":{"rendered":"<div data-elementor-type=\"wp-page\" data-elementor-id=\"647\" class=\"elementor elementor-647\">\n\t\t\t\t\t\t<section class=\"elementor-section elementor-top-section elementor-element elementor-element-3353bc8 elementor-section-boxed elementor-section-gap-beside-yes elementor-section-height-default elementor-section-height-default elementor-section-column-vertical-align-stretch\" data-id=\"3353bc8\" data-element_type=\"section\" data-e-type=\"section\">\n\t\t\t\t\t\t<div class=\"elementor-container elementor-column-gap-extended\">\n\t\t\t\t\t<div class=\"elementor-column elementor-col-100 elementor-top-column elementor-element elementor-element-0a2bc64\" data-id=\"0a2bc64\" data-element_type=\"column\" data-e-type=\"column\">\n\t\t\t<div class=\"elementor-widget-wrap elementor-element-populated\">\n\t\t\t\t\t\t<div class=\"elementor-element elementor-element-447e3ef elementor-widget__width-initial elementor-invisible elementor-widget elementor-widget-text-editor\" data-id=\"447e3ef\" data-element_type=\"widget\" data-e-type=\"widget\" data-settings=\"{&quot;_animation&quot;:&quot;nussFadeInUp&quot;}\" data-widget_type=\"text-editor.default\">\n\t\t\t\t\t\t\t\t\t<p>Nuestro compromiso con la hospitalidad va mucho m\u00e1s all\u00e1 de ofrecer alojamiento elegante: nos esforzamos por crear una experiencia perfecta y enriquecedora para cada hu\u00e9sped que nos visita. Ya sea que nos visite por negocios, placer o por exploraci\u00f3n cultural, nuestra amplia gama de... <strong>Servicios cuidadosamente seleccionados <\/strong> garantiza que su viaje al coraz\u00f3n de la capital de China sea lo m\u00e1s c\u00f3modo, conveniente y personalizado posible.<\/p>\t\t\t\t\t\t\t\t<\/div>\n\t\t\t\t\t<\/div>\n\t\t<\/div>\n\t\t\t\t\t<\/div>\n\t\t<\/section>\n\t\t\t\t<section class=\"elementor-section elementor-top-section elementor-element elementor-element-eb870d9 elementor-section-boxed elementor-section-gap-beside-yes elementor-section-height-default elementor-section-height-default elementor-section-column-vertical-align-stretch\" data-id=\"eb870d9\" data-element_type=\"section\" data-e-type=\"section\">\n\t\t\t\t\t\t<div class=\"elementor-container elementor-column-gap-extended\">\n\t\t\t\t\t<div class=\"elementor-column elementor-col-50 elementor-top-column elementor-element elementor-element-2f5d206\" data-id=\"2f5d206\" data-element_type=\"column\" data-e-type=\"column\">\n\t\t\t<div class=\"elementor-widget-wrap elementor-element-populated\">\n\t\t\t\t\t\t<div class=\"elementor-element elementor-element-a0de317 elementor-invisible nuss-elementor-loading nuss-slide-in-right elementor-widget elementor-widget-image\" data-id=\"a0de317\" data-element_type=\"widget\" data-e-type=\"widget\" data-settings=\"{&quot;_animation&quot;:&quot;nussSlideInRight&quot;}\" data-widget_type=\"image.default\">\n\t\t\t\t\t\t\t\t\t\t\t\t\t\t\t<img fetchpriority=\"high\" decoding=\"async\" width=\"568\" height=\"853\" src=\"https:\/\/orientalvoguehotel.com\/wp-content\/uploads\/2025\/07\/Oriental-Vogue-Hotel-178.webp\" class=\"attachment-full size-full wp-image-5771\" alt=\"\" srcset=\"https:\/\/orientalvoguehotel.com\/wp-content\/uploads\/2025\/07\/Oriental-Vogue-Hotel-178.webp 568w, https:\/\/orientalvoguehotel.com\/wp-content\/uploads\/2025\/07\/Oriental-Vogue-Hotel-178-200x300.webp 200w\" sizes=\"(max-width: 568px) 100vw, 568px\" \/>\t\t\t\t\t\t\t\t\t\t\t\t\t\t\t<\/div>\n\t\t\t\t\t<\/div>\n\t\t<\/div>\n\t\t\t\t<div class=\"elementor-column elementor-col-50 elementor-top-column elementor-element elementor-element-36be69e\" data-id=\"36be69e\" data-element_type=\"column\" data-e-type=\"column\">\n\t\t\t<div class=\"elementor-widget-wrap elementor-element-populated\">\n\t\t\t\t\t\t<div class=\"elementor-element elementor-element-157da33 elementor-invisible elementor-widget elementor-widget-heading\" data-id=\"157da33\" data-element_type=\"widget\" data-e-type=\"widget\" data-settings=\"{&quot;_animation&quot;:&quot;nussFadeInUp&quot;}\" data-widget_type=\"heading.default\">\n\t\t\t\t\t<h3 class=\"elementor-heading-title elementor-size-default\">Una combinaci\u00f3n perfecta de tradici\u00f3n y eficiencia moderna <\/h3>\t\t\t\t<\/div>\n\t\t\t\t<div class=\"elementor-element elementor-element-a5c4fb7 elementor-invisible elementor-widget elementor-widget-text-editor\" data-id=\"a5c4fb7\" data-element_type=\"widget\" data-e-type=\"widget\" data-settings=\"{&quot;_animation&quot;:&quot;nussFadeInUp&quot;}\" data-widget_type=\"text-editor.default\">\n\t\t\t\t\t\t\t\t\t<p data-spm-anchor-id=\"a2ty_o01.29997173.0.i66.1dedc921VWRwZn\">Desde su llegada, nuestro objetivo es que su estancia con nosotros sea sencilla, agradable e inolvidable. La filosof\u00eda de servicio del hotel est\u00e1 profundamente arraigada en los valores tradicionales chinos de respeto, calidez y atenci\u00f3n, a la vez que adopta los est\u00e1ndares internacionales modernos de eficiencia e innovaci\u00f3n. Esta combinaci\u00f3n \u00fanica nos permite satisfacer las diversas necesidades de los viajeros internacionales, manteniendo al mismo tiempo el aut\u00e9ntico encanto local.<\/p><p data-spm-anchor-id=\"a2ty_o01.29997173.0.i64.1dedc921VWRwZn\">Cada miembro de nuestro equipo multiling\u00fce est\u00e1 capacitado para anticipar sus necesidades y brindarle asistencia r\u00e1pida y cort\u00e9s durante su estancia. Ya sea para ayudarle con el equipaje, recomendarle atracciones cercanas o gestionar sus solicitudes especiales, nuestro personal se dedica a garantizar que su experiencia refleje el verdadero significado de... <strong>hospitalidad china <\/strong>\u2014donde los hu\u00e9spedes son tratados como familia honrada.<\/p>\t\t\t\t\t\t\t\t<\/div>\n\t\t\t\t\t<\/div>\n\t\t<\/div>\n\t\t\t\t\t<\/div>\n\t\t<\/section>\n\t\t\t\t<section class=\"elementor-section elementor-top-section elementor-element elementor-element-30e46d3 elementor-section-boxed elementor-section-gap-beside-yes elementor-section-height-default elementor-section-height-default elementor-section-column-vertical-align-stretch\" data-id=\"30e46d3\" data-element_type=\"section\" data-e-type=\"section\">\n\t\t\t\t\t\t<div class=\"elementor-container elementor-column-gap-extended\">\n\t\t\t\t\t<div class=\"elementor-column elementor-col-100 elementor-top-column elementor-element elementor-element-5100fae\" data-id=\"5100fae\" data-element_type=\"column\" data-e-type=\"column\">\n\t\t\t<div class=\"elementor-widget-wrap elementor-element-populated\">\n\t\t\t\t\t\t<div class=\"elementor-element elementor-element-e6d67a7 elementor-invisible elementor-widget elementor-widget-heading\" data-id=\"e6d67a7\" data-element_type=\"widget\" data-e-type=\"widget\" data-settings=\"{&quot;_animation&quot;:&quot;nussFadeInUp&quot;}\" data-widget_type=\"heading.default\">\n\t\t\t\t\t<h3 class=\"elementor-heading-title elementor-size-default\">Servicios personalizados para hu\u00e9spedes dise\u00f1ados para su comodidad y conveniencia <\/h3>\t\t\t\t<\/div>\n\t\t\t\t<div class=\"elementor-element elementor-element-5b35b86 elementor-invisible elementor-widget elementor-widget-text-editor\" data-id=\"5b35b86\" data-element_type=\"widget\" data-e-type=\"widget\" data-settings=\"{&quot;_animation&quot;:&quot;nussFadeInUp&quot;}\" data-widget_type=\"text-editor.default\">\n\t\t\t\t\t\t\t\t\t<p data-spm-anchor-id=\"a2ty_o01.29997173.0.i69.1dedc921VWRwZn\">Entendemos que no hay dos viajeros iguales, por eso ofrecemos una amplia gama de <strong>servicios personalizados para hu\u00e9spedes <\/strong> Adaptado a diferentes estilos y preferencias de viaje:<\/p><h4>\u2705 <strong>Recepci\u00f3n y conserjer\u00eda las 24 horas <\/strong><\/h4><p data-spm-anchor-id=\"a2ty_o01.29997173.0.i68.1dedc921VWRwZn\">Nuestra recepci\u00f3n est\u00e1 disponible las 24 horas para brindar asistencia continua. Los hu\u00e9spedes pueden acceder a asistencia con reservas, transporte y consultas generales a cualquier hora. <strong>equipo de conserjer\u00eda profesional <\/strong> Tambi\u00e9n est\u00e1 disponible para ayudarle a planificar su itinerario, reservar visitas guiadas, recomendar lugares para comer e incluso ayudarle con cambios de \u00faltimo momento en su agenda.<\/p><h4>\u2705 <strong>Wi-Fi de alta velocidad gratuito en toda la propiedad <\/strong><\/h4><p>En la era digital actual, mantenerse conectado es esencial. Por eso ofrecemos <strong>Wi-Fi de fibra \u00f3ptica de alta velocidad gratuito <\/strong> En todo el hotel, incluyendo las habitaciones, las \u00e1reas p\u00fablicas y nuestro centro de negocios. Ya sea que est\u00e9 realizando videoconferencias, navegando por internet o viendo contenido en streaming, nuestra red garantiza una conectividad r\u00e1pida, segura e ininterrumpida.<\/p><h4>\u2705 <strong>Servicios de lavander\u00eda y limpieza en seco <\/strong><\/h4><p>\u00bfViajas ligero? No hay problema. Ofrecemos <strong>Servicios de lavander\u00eda y limpieza en seco el mismo d\u00eda y al d\u00eda siguiente <\/strong>Para que puedas empacar con inteligencia y disfrutar de ropa fresca durante todo tu viaje. Simplemente deja tu ropa con nuestro equipo de limpieza y te la devolveremos limpia y planchada meticulosamente.<\/p><h4>\u2705 <strong>Traslados al aeropuerto y organizaci\u00f3n del transporte <\/strong><\/h4><p>Para aliviar el estr\u00e9s de la llegada y la salida, ofrecemos <strong>servicios de traslado al aeropuerto <\/strong> A petici\u00f3n. Nuestro equipo puede organizar el alquiler de coches privados, reservas de taxis o servicios de transporte compartido seg\u00fan sus preferencias y presupuesto. Adem\u00e1s, le ofrecemos asistencia con la navegaci\u00f3n en metro, alquiler de bicicletas y asistencia con aplicaciones de transporte para que se desplace por Pek\u00edn con facilidad.<\/p><h4>\u2705 <strong>Centro de negocios y asistencia para reuniones <\/strong><\/h4><p>Para viajeros de negocios, nuestro <strong>centro de negocios dedicado <\/strong> Ofrecemos herramientas esenciales, como servicios de impresi\u00f3n, escaneo, fax y encuadernaci\u00f3n de documentos. Tambi\u00e9n ofrecemos servicios de montaje de salas de reuniones, catering y soporte t\u00e9cnico para presentaciones, garantizando as\u00ed una gesti\u00f3n precisa y profesional de sus compromisos profesionales.<\/p><h4>\u2705 <strong>Servicio de habitaciones y opciones de comida en la habitaci\u00f3n <\/strong><\/h4><p>A veces, la mejor manera de relajarse despu\u00e9s de un largo d\u00eda explorando Pek\u00edn es desde la comodidad de su propia habitaci\u00f3n. Nuestro <strong>men\u00fa del servicio de habitaciones <\/strong> ofrece una selecci\u00f3n de especialidades locales y platos internacionales, disponibles durante horarios extendidos para adaptarse a diferentes horarios.<\/p><h4>\u2705 <strong>Consigna de equipaje y check-in temprano \/ check-out tard\u00edo <\/strong><\/h4><p>Si sus planes no coinciden con el horario habitual de llegada, con gusto guardaremos su equipaje de forma segura antes o despu\u00e9s de su estancia. Sujeto a disponibilidad. <strong>check-in temprano y check-out tard\u00edo <\/strong> Tambi\u00e9n se puede organizar a pedido, lo que le brinda la flexibilidad de viajar a su propio ritmo.<\/p><h4>\u2705 <strong>Reserva de experiencias culturales <\/strong><\/h4><p>Pek\u00edn es una ciudad rica en historia, arte y tradici\u00f3n, y queremos ayudarte a descubrirlo todo. Nuestro hotel ofrece <strong>paquetes tur\u00edsticos culturales <\/strong>Incluye visitas a la Ciudad Prohibida, el Templo del Cielo, el Palacio de Verano y experiencias inmersivas como ceremonias del t\u00e9, clases de caligraf\u00eda y recorridos a pie por los hutongs. Perm\u00edtanos revivir la esencia de Pek\u00edn.<\/p><h4>\u2705 <strong>Servicios de salud y bienestar <\/strong><\/h4><p data-spm-anchor-id=\"a2ty_o01.29997173.0.i70.1dedc921VWRwZn\">Reconociendo la importancia del bienestar, ofrecemos <strong>sesiones de terapia de masaje <\/strong>, <strong>recomendaciones de yoga <\/strong>y acceso a gimnasios cercanos para los hu\u00e9spedes que buscan rejuvenecer su cuerpo y mente durante su estad\u00eda.<\/p>\t\t\t\t\t\t\t\t<\/div>\n\t\t\t\t\t<\/div>\n\t\t<\/div>\n\t\t\t\t\t<\/div>\n\t\t<\/section>\n\t\t\t\t<section class=\"elementor-section elementor-top-section elementor-element elementor-element-57e1072 elementor-section-boxed elementor-section-gap-beside-yes elementor-section-height-default elementor-section-height-default elementor-section-column-vertical-align-stretch\" data-id=\"57e1072\" data-element_type=\"section\" data-e-type=\"section\">\n\t\t\t\t\t\t<div class=\"elementor-container elementor-column-gap-extended\">\n\t\t\t\t\t<div class=\"elementor-column elementor-col-50 elementor-top-column elementor-element elementor-element-ae65b33\" data-id=\"ae65b33\" data-element_type=\"column\" data-e-type=\"column\">\n\t\t\t<div class=\"elementor-widget-wrap elementor-element-populated\">\n\t\t\t\t\t\t<div class=\"elementor-element elementor-element-3a0dcad elementor-invisible nuss-elementor-loading nuss-slide-in-right elementor-widget elementor-widget-image\" data-id=\"3a0dcad\" data-element_type=\"widget\" data-e-type=\"widget\" data-settings=\"{&quot;_animation&quot;:&quot;nussSlideInRight&quot;}\" data-widget_type=\"image.default\">\n\t\t\t\t\t\t\t\t\t\t\t\t\t\t\t<img decoding=\"async\" width=\"1280\" height=\"853\" src=\"https:\/\/orientalvoguehotel.com\/wp-content\/uploads\/2025\/07\/Oriental-Vogue-Hotel-77.webp\" class=\"attachment-full size-full wp-image-5670\" alt=\"\" srcset=\"https:\/\/orientalvoguehotel.com\/wp-content\/uploads\/2025\/07\/Oriental-Vogue-Hotel-77.webp 1280w, https:\/\/orientalvoguehotel.com\/wp-content\/uploads\/2025\/07\/Oriental-Vogue-Hotel-77-300x200.webp 300w, https:\/\/orientalvoguehotel.com\/wp-content\/uploads\/2025\/07\/Oriental-Vogue-Hotel-77-1024x682.webp 1024w, https:\/\/orientalvoguehotel.com\/wp-content\/uploads\/2025\/07\/Oriental-Vogue-Hotel-77-768x512.webp 768w\" sizes=\"(max-width: 1280px) 100vw, 1280px\" \/>\t\t\t\t\t\t\t\t\t\t\t\t\t\t\t<\/div>\n\t\t\t\t\t<\/div>\n\t\t<\/div>\n\t\t\t\t<div class=\"elementor-column elementor-col-50 elementor-top-column elementor-element elementor-element-ecff995\" data-id=\"ecff995\" data-element_type=\"column\" data-e-type=\"column\">\n\t\t\t<div class=\"elementor-widget-wrap elementor-element-populated\">\n\t\t\t\t\t\t<div class=\"elementor-element elementor-element-d2e16ee elementor-invisible elementor-widget elementor-widget-heading\" data-id=\"d2e16ee\" data-element_type=\"widget\" data-e-type=\"widget\" data-settings=\"{&quot;_animation&quot;:&quot;nussFadeInUp&quot;}\" data-widget_type=\"heading.default\">\n\t\t\t\t\t<h3 class=\"elementor-heading-title elementor-size-default\">Detalles considerados que marcan la diferencia <\/h3>\t\t\t\t<\/div>\n\t\t\t\t<div class=\"elementor-element elementor-element-4543a9b elementor-invisible elementor-widget elementor-widget-text-editor\" data-id=\"4543a9b\" data-element_type=\"widget\" data-e-type=\"widget\" data-settings=\"{&quot;_animation&quot;:&quot;nussFadeInUp&quot;}\" data-widget_type=\"text-editor.default\">\n\t\t\t\t\t\t\t\t\t<p data-spm-anchor-id=\"a2ty_o01.29997173.0.i73.1dedc921VWRwZn\">M\u00e1s all\u00e1 de las ofertas est\u00e1ndar, nos enorgullecemos de ir m\u00e1s all\u00e1 con <strong>peque\u00f1os pero significativos toques <\/strong> que elevan tu estancia:<\/p><div class=\"my-2\">\u00a0<\/div><ul data-spm-anchor-id=\"a2ty_o01.29997173.0.i61.1dedc921VWRwZn\"><li><strong>T\u00e9 de bienvenida a la llegada <\/strong> \u2013 un gesto c\u00e1lido y tradicional para saludarte despu\u00e9s de tus viajes<\/li><li data-spm-anchor-id=\"a2ty_o01.29997173.0.i72.1dedc921VWRwZn\"><strong>Agua embotellada gratuita todos los d\u00edas <\/strong> \u2013 se repone cada ma\u00f1ana<\/li><li><strong>Zapatillas y batas disponibles en cada habitaci\u00f3n. <\/strong> \u2013 para mayor comodidad<\/li><li><strong>Instalaciones para preparar t\u00e9 <\/strong> \u2013 permiti\u00e9ndole disfrutar de un momento tranquilo de reflexi\u00f3n<\/li><li><strong>Arreglos especiales para aniversarios, cumplea\u00f1os y ocasiones rom\u00e1nticas. <\/strong> \u2013 H\u00e1ganoslo saber con antelaci\u00f3n y le ayudaremos a crear el ambiente.<\/li><\/ul>\t\t\t\t\t\t\t\t<\/div>\n\t\t\t\t\t<\/div>\n\t\t<\/div>\n\t\t\t\t\t<\/div>\n\t\t<\/section>\n\t\t\t\t<section class=\"elementor-section elementor-top-section elementor-element elementor-element-515005f elementor-section-boxed elementor-section-gap-beside-yes elementor-section-height-default elementor-section-height-default elementor-section-column-vertical-align-stretch\" data-id=\"515005f\" data-element_type=\"section\" data-e-type=\"section\">\n\t\t\t\t\t\t<div class=\"elementor-container elementor-column-gap-extended\">\n\t\t\t\t\t<div class=\"elementor-column elementor-col-50 elementor-top-column elementor-element elementor-element-b8bc943\" data-id=\"b8bc943\" data-element_type=\"column\" data-e-type=\"column\">\n\t\t\t<div class=\"elementor-widget-wrap elementor-element-populated\">\n\t\t\t\t\t\t<div class=\"elementor-element elementor-element-b61074b elementor-invisible elementor-widget elementor-widget-heading\" data-id=\"b61074b\" data-element_type=\"widget\" data-e-type=\"widget\" data-settings=\"{&quot;_animation&quot;:&quot;nussFadeInUp&quot;}\" data-widget_type=\"heading.default\">\n\t\t\t\t\t<h3 class=\"elementor-heading-title elementor-size-default\">Iniciativas de sostenibilidad y turismo responsable <\/h3>\t\t\t\t<\/div>\n\t\t\t\t<div class=\"elementor-element elementor-element-0415e9c elementor-invisible elementor-widget elementor-widget-text-editor\" data-id=\"0415e9c\" data-element_type=\"widget\" data-e-type=\"widget\" data-settings=\"{&quot;_animation&quot;:&quot;nussFadeInUp&quot;}\" data-widget_type=\"text-editor.default\">\n\t\t\t\t\t\t\t\t\t<p>Como parte de nuestro compromiso con el turismo responsable, hemos implementado varias pr\u00e1cticas ecol\u00f3gicas en todas nuestras operaciones, entre ellas:<\/p><ul><li><strong>Sistemas de iluminaci\u00f3n y climatizaci\u00f3n energ\u00e9ticamente eficientes <\/strong><\/li><li><strong>Art\u00edculos de tocador reutilizables y reducci\u00f3n de pl\u00e1sticos de un solo uso <\/strong><\/li><li><strong>Programas de conservaci\u00f3n de agua <\/strong><\/li><li data-spm-anchor-id=\"a2ty_o01.29997173.0.i76.1dedc921VWRwZn\"><strong>Apoyo a artesanos locales e iniciativas de turismo comunitario <\/strong><\/li><\/ul><p>Creemos que el lujo no debe ir en detrimento del medio ambiente ni de la cultura local, y nos esforzamos por generar un impacto positivo en cada hu\u00e9sped que recibimos.<\/p>\t\t\t\t\t\t\t\t<\/div>\n\t\t\t\t\t<\/div>\n\t\t<\/div>\n\t\t\t\t<div class=\"elementor-column elementor-col-50 elementor-top-column elementor-element elementor-element-74f1a85\" data-id=\"74f1a85\" data-element_type=\"column\" data-e-type=\"column\">\n\t\t\t<div class=\"elementor-widget-wrap elementor-element-populated\">\n\t\t\t\t\t\t<div class=\"elementor-element elementor-element-bf2d78c elementor-widget elementor-widget-image\" data-id=\"bf2d78c\" data-element_type=\"widget\" data-e-type=\"widget\" data-widget_type=\"image.default\">\n\t\t\t\t\t\t\t\t\t\t\t\t\t\t\t<img decoding=\"async\" width=\"568\" height=\"853\" src=\"https:\/\/orientalvoguehotel.com\/wp-content\/uploads\/2025\/07\/Oriental-Vogue-Hotel-61.webp\" class=\"attachment-large size-large wp-image-5654\" alt=\"\" srcset=\"https:\/\/orientalvoguehotel.com\/wp-content\/uploads\/2025\/07\/Oriental-Vogue-Hotel-61.webp 568w, https:\/\/orientalvoguehotel.com\/wp-content\/uploads\/2025\/07\/Oriental-Vogue-Hotel-61-200x300.webp 200w\" sizes=\"(max-width: 568px) 100vw, 568px\" \/>\t\t\t\t\t\t\t\t\t\t\t\t\t\t\t<\/div>\n\t\t\t\t\t<\/div>\n\t\t<\/div>\n\t\t\t\t\t<\/div>\n\t\t<\/section>\n\t\t<div class=\"elementor-element elementor-element-199e0fb e-flex e-con-boxed e-con e-parent\" data-id=\"199e0fb\" data-element_type=\"container\" data-e-type=\"container\">\n\t\t\t\t\t<div class=\"e-con-inner\">\n\t\t\t\t<div class=\"elementor-element elementor-element-5a68b2a elementor-widget elementor-widget-nuss-heading\" data-id=\"5a68b2a\" data-element_type=\"widget\" data-e-type=\"widget\" data-widget_type=\"nuss-heading.default\">\n\t\t\t\t<div class=\"elementor-widget-container\">\n\t\t\t\t\t\t\t<div class=\"nuss-modern-heading\">\r\n\t\t\t\t\t\t<div class=\"heading-secondary-wrap\">\r\n\t\t\t\t<h3 class=\"heading-secondary elementor-heading-title\">Por qu\u00e9 los viajeros aman nuestros servicios <\/h3>\t\t\t<\/div>\r\n\t\t\r\n\t\t\t\r\n\t\t\t\r\n\t\t\t\t\t<\/div>\r\n\t\t\t\t\t<\/div>\n\t\t\t\t<\/div>\n\t\t\t\t<div class=\"elementor-element elementor-element-802b7aa elementor-widget elementor-widget-text-editor\" data-id=\"802b7aa\" data-element_type=\"widget\" data-e-type=\"widget\" data-widget_type=\"text-editor.default\">\n\t\t\t\t\t\t\t\t\t<p data-spm-anchor-id=\"a2ty_o01.29997173.0.i79.1dedc921VWRwZn\">Los hu\u00e9spedes elogian constantemente la calidad de nuestro servicio en rese\u00f1as en plataformas como <strong>TripAdvisor, Google Reviews y Booking.com <\/strong>, destacando nuestra <strong data-spm-anchor-id=\"a2ty_o01.29997173.0.i77.1dedc921VWRwZn\">Personal atento, capacidad de respuesta r\u00e1pida y atenci\u00f3n personalizada. <\/strong>Muchos se\u00f1alan que no es solo lo que ofrecemos, sino c\u00f3mo lo ofrecemos, lo que nos distingue de otros hoteles de la zona.<\/p><div class=\"my-2\">\u00a0<\/div><blockquote><p>El nivel de servicio aqu\u00ed fue inigualable. Todos los miembros del personal nos recibieron con una sonrisa y se desvivieron por ayudarnos. Nos sentimos menos como en un hotel y m\u00e1s como en casa de amigos. <em>Revisor de TripAdvisor <\/em><\/p><\/blockquote><div class=\"py-2 my-3\"><hr \/><\/div><p><strong>Experimente la diferencia de Oriental Vogue <\/strong><\/p><p>En <strong>Hotel Oriental Vogue <\/strong>Creemos que un excelente servicio no se trata solo de cumplir expectativas, sino de superarlas. Desde el momento de su reserva hasta la despedida, nuestro equipo se dedica a hacer de su estancia una experiencia inolvidable. <strong>Distrito de Dongcheng, Pek\u00edn <\/strong> Tan suave, enriquecedor y memorable como sea posible.<\/p><p>Perm\u00edtanos ocuparnos de los detalles para que usted pueda concentrarse en lo que m\u00e1s importa: su viaje, sus conexiones y su historia personal que se desarrolla en una de las ciudades m\u00e1s cautivadoras del mundo.<\/p><p data-spm-anchor-id=\"a2ty_o01.29997173.0.i60.1dedc921VWRwZn\">Reserve su estancia hoy y descubra el espectro completo de servicios dise\u00f1ados pensando en usted.<\/p>\t\t\t\t\t\t\t\t<\/div>\n\t\t\t\t\t<\/div>\n\t\t\t\t<\/div>\n\t\t\t\t<\/div>","protected":false},"excerpt":{"rendered":"<p>Our commitment to hospitality extends far beyond providing elegant accommodations\u2014we strive to create a seamless and enriching experience for every guest who walks through our doors. Whether you&#8217;re visiting for business, leisure, or cultural exploration, our wide array of thoughtfully curated services ensures that your journey in the heart of China\u2019s capital is as comfortable, [&hellip;]<\/p>\n","protected":false},"author":1,"featured_media":0,"parent":0,"menu_order":0,"comment_status":"closed","ping_status":"closed","template":"","meta":{"footnotes":""},"class_list":["post-647","page","type-page","status-publish","hentry","post-no-thumbnail"],"_links":{"self":[{"href":"https:\/\/orientalvoguehotel.com\/es\/wp-json\/wp\/v2\/pages\/647","targetHints":{"allow":["GET"]}}],"collection":[{"href":"https:\/\/orientalvoguehotel.com\/es\/wp-json\/wp\/v2\/pages"}],"about":[{"href":"https:\/\/orientalvoguehotel.com\/es\/wp-json\/wp\/v2\/types\/page"}],"author":[{"embeddable":true,"href":"https:\/\/orientalvoguehotel.com\/es\/wp-json\/wp\/v2\/users\/1"}],"replies":[{"embeddable":true,"href":"https:\/\/orientalvoguehotel.com\/es\/wp-json\/wp\/v2\/comments?post=647"}],"version-history":[{"count":0,"href":"https:\/\/orientalvoguehotel.com\/es\/wp-json\/wp\/v2\/pages\/647\/revisions"}],"wp:attachment":[{"href":"https:\/\/orientalvoguehotel.com\/es\/wp-json\/wp\/v2\/media?parent=647"}],"curies":[{"name":"gracias","href":"https:\/\/api.w.org\/{rel}","templated":true}]}}