{"id":612,"date":"2021-03-26T10:04:13","date_gmt":"2021-03-26T10:04:13","guid":{"rendered":"http:\/\/localhost\/nuss\/?page_id=612"},"modified":"2025-07-05T08:40:56","modified_gmt":"2025-07-05T08:40:56","slug":"restaurante","status":"publish","type":"page","link":"https:\/\/orientalvoguehotel.com\/es\/restaurante\/","title":{"rendered":"Restaurante"},"content":{"rendered":"<div data-elementor-type=\"wp-page\" data-elementor-id=\"612\" class=\"elementor elementor-612\">\n\t\t\t\t\t\t<section class=\"elementor-section elementor-top-section elementor-element elementor-element-e2effe8 elementor-section-boxed elementor-section-gap-beside-yes elementor-section-height-default elementor-section-height-default elementor-section-column-vertical-align-stretch\" data-id=\"e2effe8\" data-element_type=\"section\" data-e-type=\"section\">\n\t\t\t\t\t\t<div class=\"elementor-container elementor-column-gap-extended\">\n\t\t\t\t\t<div class=\"elementor-column elementor-col-100 elementor-top-column elementor-element elementor-element-e18f688\" data-id=\"e18f688\" data-element_type=\"column\" data-e-type=\"column\">\n\t\t\t<div class=\"elementor-widget-wrap elementor-element-populated\">\n\t\t\t\t\t\t<div class=\"elementor-element elementor-element-6db146d elementor-widget__width-initial elementor-invisible elementor-widget elementor-widget-text-editor\" data-id=\"6db146d\" data-element_type=\"widget\" data-e-type=\"widget\" data-settings=\"{&quot;_animation&quot;:&quot;nussFadeInUp&quot;}\" data-widget_type=\"text-editor.default\">\n\t\t\t\t\t\t\t\t\t<p>Nuestro <strong>restaurante en el lugar <\/strong>Dise\u00f1ado cuidadosamente y seleccionado meticulosamente, se erige como una joya culinaria en uno de los barrios con mayor riqueza cultural de Beijing, combinando sabores ancestrales con una presentaci\u00f3n moderna para crear una experiencia gastron\u00f3mica inolvidable.<\/p>\t\t\t\t\t\t\t\t<\/div>\n\t\t\t\t\t<\/div>\n\t\t<\/div>\n\t\t\t\t\t<\/div>\n\t\t<\/section>\n\t\t<div class=\"elementor-element elementor-element-bc8075d e-flex e-con-boxed e-con e-parent\" data-id=\"bc8075d\" data-element_type=\"container\" data-e-type=\"container\">\n\t\t\t\t\t<div class=\"e-con-inner\">\n\t\t\t\t<div class=\"elementor-element elementor-element-61a5276 elementor-widget elementor-widget-text-editor\" data-id=\"61a5276\" data-element_type=\"widget\" data-e-type=\"widget\" data-widget_type=\"text-editor.default\">\n\t\t\t\t\t\t\t\t\t<h3 data-spm-anchor-id=\"a2ty_o01.29997173.0.i53.1dedc921VWRwZn\">Una fusi\u00f3n de sabores arraigados en la tradici\u00f3n<\/h3><p data-spm-anchor-id=\"a2ty_o01.29997173.0.i52.1dedc921VWRwZn\">En el coraz\u00f3n de <strong>Restaurante del Hotel Oriental Vogue <\/strong> Respeta profundamente la diversidad de las tradiciones culinarias de China. Nuestros chefs se apasionan por preservar la autenticidad de los platos regionales, introduciendo sutiles innovaciones que reflejan la evoluci\u00f3n del gusto actual. Ya sea que desee la riqueza ahumada del pato pekin\u00e9s, el delicado equilibrio del dim sum canton\u00e9s o las especias picantes de la cocina de Sichuan, cada plato se prepara con t\u00e9cnicas de eficacia comprobada y los ingredientes locales m\u00e1s frescos, procedentes de proveedores de confianza de toda la regi\u00f3n.<\/p><p>Creemos que la comida no es s\u00f3lo alimento sino tambi\u00e9n narraci\u00f3n de historias: cada bocado lleva el legado de generaciones pasadas, servido en platos que honran tanto la historia como la artesan\u00eda.<\/p><h3>Un entorno elegante dise\u00f1ado para cada ocasi\u00f3n.<\/h3><p>Ubicado en el edificio estilo patio del hotel, bellamente restaurado, nuestro restaurante combina a la perfecci\u00f3n la est\u00e9tica tradicional con un dise\u00f1o elegante y moderno. El ambiente es c\u00e1lido y acogedor, con una iluminaci\u00f3n tenue, muebles de madera artesanales y sutiles detalles decorativos inspirados en el arte y la caligraf\u00eda cl\u00e1sicos chinos.<\/p><p>Ya sea que est\u00e9 disfrutando de un desayuno tranquilo antes de un d\u00eda de exploraci\u00f3n de los monumentos imperiales de Beijing, organizando un almuerzo de negocios con colegas o saboreando una cena rom\u00e1ntica bajo el suave resplandor de las linternas, nuestro espacio de comedor se adapta a cada estado de \u00e1nimo y ocasi\u00f3n.<\/p><h3>Men\u00fas variados que satisfacen paladares globales<\/h3><p>Si bien nuestras ra\u00edces se basan firmemente en la tradici\u00f3n culinaria china, comprendemos las necesidades del viajero global de hoy. Por eso, nuestro men\u00fa va m\u00e1s all\u00e1 de las especialidades locales e incluye una selecci\u00f3n de... <strong>platos internacionales <\/strong>, asegurando que incluso el paladar m\u00e1s aventurero o que busca comodidad encuentre algo para deleitarse. Desde abundantes desayunos occidentales hasta sushi de inspiraci\u00f3n japonesa, creaciones de pasta italiana y platos de fusi\u00f3n de inspiraci\u00f3n global, nuestra cocina est\u00e1 equipada para servir un mundo de sabores, todo ello manteniendo el mismo nivel de cuidado y calidad que define nuestra marca.<\/p><p>Para los hu\u00e9spedes preocupados por la salud, tambi\u00e9n ofrecemos una variedad de <strong>Opciones vegetarianas, veganas y bajas en calor\u00edas <\/strong>, cuidadosamente elaborado para mantener el sabor sin concesiones.<\/p><h3>Una muestra de la cultura local a trav\u00e9s de ofertas de temporada<\/h3><p>Nuestro men\u00fa evoluciona con las estaciones, reflejando los ritmos naturales de la agricultura y las preferencias cambiantes de los comensales m\u00e1s exigentes. Durante los meses de invierno, los comensales pueden disfrutar de reconfortantes sopas y guisos de cocci\u00f3n lenta, mientras que el verano trae platos m\u00e1s ligeros y refrescantes, con hierbas y verduras de temporada. Tambi\u00e9n organizamos... <strong>men\u00fas de degustaci\u00f3n de temporada <\/strong> y festivales culturales que resaltan las especialidades regionales, permitiendo a los hu\u00e9spedes sumergirse en el tapiz siempre cambiante de la cocina china.<\/p><h3>Un servicio excepcional que eleva la experiencia<\/h3><p>Lo que realmente distingue a nuestro restaurante no es solo el plato, sino c\u00f3mo se sirve. Nuestro atento personal multiling\u00fce est\u00e1 capacitado para anticiparse a sus necesidades, ofreciendo recomendaciones personalizadas y garantizando que cada detalle de su experiencia gastron\u00f3mica sea perfecto y memorable. Ya sea que est\u00e9 celebrando una ocasi\u00f3n especial, buscando un ambiente privado para cenar o simplemente buscando un lugar para relajarse despu\u00e9s de un largo d\u00eda de turismo, nuestro equipo se dedica a hacer que su visita sea excepcional.<\/p><h3>Perfectamente posicionado para la exploraci\u00f3n<\/h3><p>Estar ubicado en <strong>Distrito de Dongch\u00e9ng <\/strong>Nuestro restaurante est\u00e1 situado en una ubicaci\u00f3n ideal cerca de algunas de las atracciones m\u00e1s emblem\u00e1ticas de Pek\u00edn, incluido el <strong>Ciudad Prohibida <\/strong>, <strong>Plaza de Tiananm\u00e9n <\/strong>, y el encantador <strong>hutongs <\/strong> del antiguo Pek\u00edn. Muchos de nuestros hu\u00e9spedes eligen cenar con nosotros antes o despu\u00e9s de sus exploraciones, apreciando la comodidad de regresar a un ambiente familiar y acogedor donde pueden relajarse y recargar energ\u00edas.<\/p><p>Adem\u00e1s, nuestra ubicaci\u00f3n central nos convierte en una opci\u00f3n popular entre <strong>viajeros de negocios, turistas internacionales y residentes locales por igual <\/strong>, todos atra\u00eddos por la promesa de sabores aut\u00e9nticos servidos en un ambiente elegante pero \u00edntimo.<\/p><h3>Servicios de cortes\u00eda para mayor comodidad<\/h3><p>Para garantizar que su experiencia gastron\u00f3mica sea lo m\u00e1s sencilla posible, ofrecemos:<\/p><ul><li><strong>Servicio de habitaciones <\/strong> Para aquellos que prefieren cenar en la privacidad de su elegante habitaci\u00f3n.<\/li><li><strong>Comedores privados <\/strong> Para grupos peque\u00f1os, reuniones de negocios o celebraciones familiares.<\/li><li><strong>Men\u00fas de banquetes personalizables <\/strong> Para eventos especiales y grandes reuniones<\/li><li><strong>Experiencias de maridaje de t\u00e9s <\/strong> con t\u00e9s chinos de primera calidad de regiones reconocidas como Yunnan y Fujian<\/li><\/ul><h3>Por qu\u00e9 a los hu\u00e9spedes les encanta cenar en el Oriental Vogue Hotel<\/h3><p>Los viajeros elogian constantemente nuestro restaurante en rese\u00f1as en plataformas como <strong>TripAdvisor, Google Reviews y Booking.com <\/strong>Destacando la &quot;combinaci\u00f3n perfecta de tradici\u00f3n y modernidad&quot;, el &quot;servicio excepcional&quot; y &quot;uno de los mejores patos pekineses de la ciudad&quot;. Muchos de nuestros hu\u00e9spedes habituales consideran nuestro restaurante un punto culminante de su estancia; no solo un lugar para comer, sino un destino en s\u00ed mismo.<\/p><div class=\"py-2 my-3\"><hr \/><\/div><p><strong>Ven a probar la diferencia en el restaurante del Hotel Oriental Vogue <\/strong><\/p><p data-spm-anchor-id=\"a2ty_o01.29997173.0.i55.1dedc921VWRwZn\">Ya sea que sea hu\u00e9sped del hotel o simplemente est\u00e9 explorando las vibrantes calles de <strong>Distrito de Dongch\u00e9ng <\/strong>Te invitamos a vivir una experiencia gastron\u00f3mica que honra el pasado y abraza el futuro. En <strong>Restaurante del Hotel Oriental Vogue <\/strong>, cada comida es una historia contada a trav\u00e9s del sabor, cada plato un homenaje a la tierra que lo inspira y cada visita un recuerdo esperando ser creado.<\/p>\t\t\t\t\t\t\t\t<\/div>\n\t\t\t\t\t<\/div>\n\t\t\t\t<\/div>\n\t\t<div class=\"elementor-element elementor-element-7a1a2d5 e-flex e-con-boxed e-con e-parent\" data-id=\"7a1a2d5\" data-element_type=\"container\" data-e-type=\"container\">\n\t\t\t\t\t<div class=\"e-con-inner\">\n\t\t\t\t<div class=\"elementor-element elementor-element-9a23609 elementor-widget elementor-widget-nuss-image-gallery\" data-id=\"9a23609\" data-element_type=\"widget\" data-e-type=\"widget\" data-widget_type=\"nuss-image-gallery.default\">\n\t\t\t\t<div class=\"elementor-widget-container\">\n\t\t\t\t\t\t\t<div class=\"nuss-grid-wrapper\" data-grid=\"{&quot;type&quot;:&quot;grid&quot;,&quot;ratio&quot;:null,&quot;columns&quot;:3,&quot;gutter&quot;:30}\">\r\n\t\t\t<div class=\"nuss-grid lazy-grid\">\r\n\t\t\t\t<div class=\"grid-sizer\"><\/div>\r\n\r\n\t\t\t\t\t\t\t\t\t\t\t\t<div class=\"grid-item\">\r\n\t\t\t\t\t\t<div class=\"nuss-box\">\t\t<div class=\"nuss-image image\">\r\n\t\t\t<img decoding=\"async\"  src=\"https:\/\/orientalvoguehotel.com\/wp-content\/uploads\/2025\/07\/Oriental-Vogue-Hotel-94.webp\" alt=\"Hotel Oriental Vogue (94)\" \/>\t\t<\/div>\r\n\t\t\t\t<\/div>\t\t\t\t\t<\/div>\r\n\t\t\t\t\t\t<div class=\"grid-item\">\r\n\t\t\t\t\t\t<div class=\"nuss-box\">\t\t<div class=\"nuss-image image\">\r\n\t\t\t<img decoding=\"async\"  src=\"https:\/\/orientalvoguehotel.com\/wp-content\/uploads\/2025\/07\/Oriental-Vogue-Hotel-93.webp\" alt=\"Hotel Oriental Vogue (93)\" \/>\t\t<\/div>\r\n\t\t\t\t<\/div>\t\t\t\t\t<\/div>\r\n\t\t\t\t\t\t<div class=\"grid-item\">\r\n\t\t\t\t\t\t<div class=\"nuss-box\">\t\t<div class=\"nuss-image image\">\r\n\t\t\t<img decoding=\"async\"  src=\"https:\/\/orientalvoguehotel.com\/wp-content\/uploads\/2025\/07\/Oriental-Vogue-Hotel-92.webp\" alt=\"Hotel Oriental Vogue (92)\" \/>\t\t<\/div>\r\n\t\t\t\t<\/div>\t\t\t\t\t<\/div>\r\n\t\t\t\t\t\t<div class=\"grid-item\">\r\n\t\t\t\t\t\t<div class=\"nuss-box\">\t\t<div class=\"nuss-image image\">\r\n\t\t\t<img decoding=\"async\"  src=\"https:\/\/orientalvoguehotel.com\/wp-content\/uploads\/2025\/07\/Oriental-Vogue-Hotel-90.webp\" alt=\"Hotel Oriental Vogue (90)\" \/>\t\t<\/div>\r\n\t\t\t\t<\/div>\t\t\t\t\t<\/div>\r\n\t\t\t\t\t\t<div class=\"grid-item\">\r\n\t\t\t\t\t\t<div class=\"nuss-box\">\t\t<div class=\"nuss-image image\">\r\n\t\t\t<img decoding=\"async\"  src=\"https:\/\/orientalvoguehotel.com\/wp-content\/uploads\/2025\/07\/Oriental-Vogue-Hotel-89.webp\" alt=\"Hotel Oriental Vogue (89)\" \/>\t\t<\/div>\r\n\t\t\t\t<\/div>\t\t\t\t\t<\/div>\r\n\t\t\t\t\t\t<div class=\"grid-item\">\r\n\t\t\t\t\t\t<div class=\"nuss-box\">\t\t<div class=\"nuss-image image\">\r\n\t\t\t<img decoding=\"async\"  src=\"https:\/\/orientalvoguehotel.com\/wp-content\/uploads\/2025\/07\/Oriental-Vogue-Hotel-88.webp\" alt=\"Hotel Oriental Vogue (88)\" \/>\t\t<\/div>\r\n\t\t\t\t<\/div>\t\t\t\t\t<\/div>\r\n\t\t\t\t\t\t<div class=\"grid-item\">\r\n\t\t\t\t\t\t<div class=\"nuss-box\">\t\t<div class=\"nuss-image image\">\r\n\t\t\t<img decoding=\"async\"  src=\"https:\/\/orientalvoguehotel.com\/wp-content\/uploads\/2025\/07\/Oriental-Vogue-Hotel-85.webp\" alt=\"Hotel Oriental Vogue (85)\" \/>\t\t<\/div>\r\n\t\t\t\t<\/div>\t\t\t\t\t<\/div>\r\n\t\t\t\t\t\t<div class=\"grid-item\">\r\n\t\t\t\t\t\t<div class=\"nuss-box\">\t\t<div class=\"nuss-image image\">\r\n\t\t\t<img decoding=\"async\"  src=\"https:\/\/orientalvoguehotel.com\/wp-content\/uploads\/2025\/07\/Oriental-Vogue-Hotel-82.webp\" alt=\"Hotel Oriental Vogue (82)\" \/>\t\t<\/div>\r\n\t\t\t\t<\/div>\t\t\t\t\t<\/div>\r\n\t\t\t\t\t\t<div class=\"grid-item\">\r\n\t\t\t\t\t\t<div class=\"nuss-box\">\t\t<div class=\"nuss-image image\">\r\n\t\t\t<img decoding=\"async\"  src=\"https:\/\/orientalvoguehotel.com\/wp-content\/uploads\/2025\/07\/Oriental-Vogue-Hotel-83.webp\" alt=\"Hotel Oriental Vogue (83)\" \/>\t\t<\/div>\r\n\t\t\t\t<\/div>\t\t\t\t\t<\/div>\r\n\t\t\t\t\t\t<div class=\"grid-item\">\r\n\t\t\t\t\t\t<div class=\"nuss-box\">\t\t<div class=\"nuss-image image\">\r\n\t\t\t<img decoding=\"async\"  src=\"https:\/\/orientalvoguehotel.com\/wp-content\/uploads\/2025\/07\/Oriental-Vogue-Hotel-95.webp\" alt=\"Hotel Oriental Vogue (95)\" \/>\t\t<\/div>\r\n\t\t\t\t<\/div>\t\t\t\t\t<\/div>\r\n\t\t\t\t\t\t<div class=\"grid-item\">\r\n\t\t\t\t\t\t<div class=\"nuss-box\">\t\t<div class=\"nuss-image image\">\r\n\t\t\t<img decoding=\"async\"  src=\"https:\/\/orientalvoguehotel.com\/wp-content\/uploads\/2025\/07\/Oriental-Vogue-Hotel-107.webp\" alt=\"Hotel Oriental Vogue (107)\" \/>\t\t<\/div>\r\n\t\t\t\t<\/div>\t\t\t\t\t<\/div>\r\n\t\t\t\t\t\t<div class=\"grid-item\">\r\n\t\t\t\t\t\t<div class=\"nuss-box\">\t\t<div class=\"nuss-image image\">\r\n\t\t\t<img decoding=\"async\"  src=\"https:\/\/orientalvoguehotel.com\/wp-content\/uploads\/2025\/07\/Oriental-Vogue-Hotel-91.webp\" alt=\"Hotel Oriental Vogue (91)\" \/>\t\t<\/div>\r\n\t\t\t\t<\/div>\t\t\t\t\t<\/div>\r\n\t\t\t\t\t\t\t\r\n\t\t\t<\/div>\r\n\t\t<\/div>\r\n\t\t\t\t\t\t<\/div>\n\t\t\t\t<\/div>\n\t\t\t\t\t<\/div>\n\t\t\t\t<\/div>\n\t\t\t\t<\/div>","protected":false},"excerpt":{"rendered":"<p>Our on-site restaurant , thoughtfully designed and meticulously curated, stands as a culinary gem in one of Beijing\u2019s most culturally rich neighborhoods, blending time-honored flavors with modern presentation to create an unforgettable gastronomic experience. A Fusion of Flavors Rooted in Tradition At the heart of Oriental Vogue Hotel\u2019s restaurant is a deep respect for China\u2019s [&hellip;]<\/p>\n","protected":false},"author":1,"featured_media":0,"parent":0,"menu_order":0,"comment_status":"closed","ping_status":"closed","template":"elementor_header_footer","meta":{"footnotes":""},"class_list":["post-612","page","type-page","status-publish","hentry","post-no-thumbnail"],"_links":{"self":[{"href":"https:\/\/orientalvoguehotel.com\/es\/wp-json\/wp\/v2\/pages\/612","targetHints":{"allow":["GET"]}}],"collection":[{"href":"https:\/\/orientalvoguehotel.com\/es\/wp-json\/wp\/v2\/pages"}],"about":[{"href":"https:\/\/orientalvoguehotel.com\/es\/wp-json\/wp\/v2\/types\/page"}],"author":[{"embeddable":true,"href":"https:\/\/orientalvoguehotel.com\/es\/wp-json\/wp\/v2\/users\/1"}],"replies":[{"embeddable":true,"href":"https:\/\/orientalvoguehotel.com\/es\/wp-json\/wp\/v2\/comments?post=612"}],"version-history":[{"count":0,"href":"https:\/\/orientalvoguehotel.com\/es\/wp-json\/wp\/v2\/pages\/612\/revisions"}],"wp:attachment":[{"href":"https:\/\/orientalvoguehotel.com\/es\/wp-json\/wp\/v2\/media?parent=612"}],"curies":[{"name":"gracias","href":"https:\/\/api.w.org\/{rel}","templated":true}]}}