{"id":612,"date":"2021-03-26T10:04:13","date_gmt":"2021-03-26T10:04:13","guid":{"rendered":"http:\/\/localhost\/nuss\/?page_id=612"},"modified":"2025-07-05T08:40:56","modified_gmt":"2025-07-05T08:40:56","slug":"restaurant","status":"publish","type":"page","link":"https:\/\/orientalvoguehotel.com\/de\/restaurant\/","title":{"rendered":"Restaurant"},"content":{"rendered":"<div data-elementor-type=\"wp-page\" data-elementor-id=\"612\" class=\"elementor elementor-612\">\n\t\t\t\t\t\t<section class=\"elementor-section elementor-top-section elementor-element elementor-element-e2effe8 elementor-section-boxed elementor-section-gap-beside-yes elementor-section-height-default elementor-section-height-default elementor-section-column-vertical-align-stretch\" data-id=\"e2effe8\" data-element_type=\"section\" data-e-type=\"section\">\n\t\t\t\t\t\t<div class=\"elementor-container elementor-column-gap-extended\">\n\t\t\t\t\t<div class=\"elementor-column elementor-col-100 elementor-top-column elementor-element elementor-element-e18f688\" data-id=\"e18f688\" data-element_type=\"column\" data-e-type=\"column\">\n\t\t\t<div class=\"elementor-widget-wrap elementor-element-populated\">\n\t\t\t\t\t\t<div class=\"elementor-element elementor-element-6db146d elementor-widget__width-initial elementor-invisible elementor-widget elementor-widget-text-editor\" data-id=\"6db146d\" data-element_type=\"widget\" data-e-type=\"widget\" data-settings=\"{&quot;_animation&quot;:&quot;nussFadeInUp&quot;}\" data-widget_type=\"text-editor.default\">\n\t\t\t\t\t\t\t\t\t<p>Unser <strong>Restaurant vor Ort <\/strong>, sorgf\u00e4ltig gestaltet und sorgf\u00e4ltig kuratiert, ist ein kulinarisches Juwel in einem der kulturell reichsten Viertel Pekings und verbindet altehrw\u00fcrdige Aromen mit moderner Pr\u00e4sentation, um ein unvergessliches gastronomisches Erlebnis zu schaffen.<\/p>\t\t\t\t\t\t\t\t<\/div>\n\t\t\t\t\t<\/div>\n\t\t<\/div>\n\t\t\t\t\t<\/div>\n\t\t<\/section>\n\t\t<div class=\"elementor-element elementor-element-bc8075d e-flex e-con-boxed e-con e-parent\" data-id=\"bc8075d\" data-element_type=\"container\" data-e-type=\"container\">\n\t\t\t\t\t<div class=\"e-con-inner\">\n\t\t\t\t<div class=\"elementor-element elementor-element-61a5276 elementor-widget elementor-widget-text-editor\" data-id=\"61a5276\" data-element_type=\"widget\" data-e-type=\"widget\" data-widget_type=\"text-editor.default\">\n\t\t\t\t\t\t\t\t\t<h3 data-spm-anchor-id=\"a2ty_o01.29997173.0.i53.1dedc921VWRwZn\">Eine Fusion traditioneller Aromen<\/h3><p data-spm-anchor-id=\"a2ty_o01.29997173.0.i52.1dedc921VWRwZn\">Im Herzen von <strong>Restaurant des Oriental Vogue Hotels <\/strong> ist ein tiefer Respekt vor Chinas vielf\u00e4ltigen kulinarischen Traditionen. Unsere K\u00f6che legen gro\u00dfen Wert darauf, die Authentizit\u00e4t regionaler Gerichte zu bewahren und gleichzeitig subtile Innovationen einzuf\u00fchren, die den sich wandelnden Geschmacksvorstellungen von heute Rechnung tragen. Ob Sie sich nach dem rauchigen Geschmack der Pekingente, der delikaten Balance kantonesischer Dim Sum oder den feurigen Gew\u00fcrzen der Sichuan-K\u00fcche sehnen \u2013 jedes Gericht wird mit bew\u00e4hrten Techniken und den frischesten Zutaten von vertrauensw\u00fcrdigen Lieferanten aus der Region zubereitet.<\/p><p>Wir glauben, dass Essen nicht nur Nahrung ist, sondern auch Geschichten erz\u00e4hlt \u2013 jeder Bissen tr\u00e4gt das Erbe vergangener Generationen in sich und wird auf Tellern serviert, die sowohl der Geschichte als auch der Handwerkskunst Ehre erweisen.<\/p><h3>Ein elegantes Ambiente f\u00fcr jeden Anlass<\/h3><p>Unser Restaurant befindet sich im wundersch\u00f6n restaurierten Innenhofgeb\u00e4ude des Hotels und verbindet traditionelle \u00c4sthetik mit elegantem, modernem Design. Das Ambiente ist warm und einladend, gepr\u00e4gt von sanfter Beleuchtung, handgefertigten Holzm\u00f6beln und dezenten dekorativen Akzenten, inspiriert von klassischer chinesischer Kunst und Kalligrafie.<\/p><p>Ob Sie ein ruhiges Fr\u00fchst\u00fcck vor einem Tag voller Erkundungen der kaiserlichen Wahrzeichen Pekings genie\u00dfen, ein Gesch\u00e4ftsessen mit Kollegen veranstalten oder ein romantisches Abendessen im sanften Schein der Laternen auskosten, unser Speiseraum bietet f\u00fcr jede Stimmung und Gelegenheit das Richtige.<\/p><h3>Vielf\u00e4ltige Men\u00fcs f\u00fcr jeden Geschmack<\/h3><p>Obwohl unsere Wurzeln tief in der chinesischen kulinarischen Tradition liegen, verstehen wir die Bed\u00fcrfnisse des heutigen Weltreisenden. Deshalb umfasst unsere Speisekarte neben lokalen Spezialit\u00e4ten auch eine Auswahl an <strong>internationale Gerichte <\/strong>und stellt sicher, dass selbst der experimentierfreudigste oder anspruchsvollste Gaumen etwas findet, woran er sich erfreuen kann. Von herzhaften westlichen Fr\u00fchst\u00fccken bis hin zu japanisch inspiriertem Sushi, italienischen Pasta-Kreationen und Fusion-Gerichten aus aller Welt ist unsere K\u00fcche darauf eingerichtet, eine Welt voller Aromen zu servieren \u2013 und dabei immer das gleiche Ma\u00df an Sorgfalt und Qualit\u00e4t beizubehalten, das unsere Marke auszeichnet.<\/p><p>F\u00fcr gesundheitsbewusste G\u00e4ste bieten wir au\u00dferdem eine Auswahl an <strong>vegetarische, vegane und kalorienarme Optionen <\/strong>, sorgf\u00e4ltig hergestellt, um den Geschmack ohne Kompromisse zu erhalten.<\/p><h3>Ein Vorgeschmack auf die lokale Kultur durch saisonale Angebote<\/h3><p>Unsere Speisekarte entwickelt sich mit den Jahreszeiten und spiegelt die nat\u00fcrlichen Rhythmen der Landwirtschaft und die wechselnden Vorlieben anspruchsvoller G\u00e4ste wider. In den Wintermonaten k\u00f6nnen sich unsere G\u00e4ste mit w\u00e4rmenden Suppen und langsam gegarten Eint\u00f6pfen verw\u00f6hnen lassen, w\u00e4hrend der Sommer leichtere, erfrischende Gerichte mit saisonalen Kr\u00e4utern und Gem\u00fcse bietet. Wir bieten auch <strong>saisonale Degustationsmen\u00fcs <\/strong> und kulturelle Festivals, bei denen regionale Spezialit\u00e4ten im Mittelpunkt stehen und die G\u00e4ste in die sich st\u00e4ndig ver\u00e4ndernde Vielfalt der chinesischen K\u00fcche eintauchen k\u00f6nnen.<\/p><h3>Au\u00dfergew\u00f6hnlicher Service, der das Erlebnis steigert<\/h3><p>Was unser Restaurant wirklich auszeichnet, ist nicht nur der Inhalt, sondern auch die Art und Weise, wie es serviert wird. Unser aufmerksames, mehrsprachiges Personal geht auf Ihre W\u00fcnsche ein, gibt Ihnen individuelle Empfehlungen und sorgt daf\u00fcr, dass Ihr kulinarisches Erlebnis rundum reibungslos und unvergesslich wird. Ob Sie einen besonderen Anlass feiern, ein privates Abendessen genie\u00dfen oder einfach nach einem langen Sightseeing-Tag entspannen m\u00f6chten \u2013 unser Team ist bestrebt, Ihren Besuch zu einem unvergesslichen Erlebnis zu machen.<\/p><h3>Perfekt positioniert f\u00fcr die Erkundung<\/h3><p>Befindet sich in <strong>Bezirk Dongcheng <\/strong>Unser Restaurant liegt ideal in der N\u00e4he einiger der ber\u00fchmtesten Sehensw\u00fcrdigkeiten Pekings, darunter der <strong>Verbotene Stadt <\/strong>, <strong>Platz des Himmlischen Friedens <\/strong>und die charmante <strong>Hutongs <\/strong> des alten Peking. Viele unserer G\u00e4ste speisen vor oder nach ihren Erkundungstouren bei uns und sch\u00e4tzen die angenehme Atmosph\u00e4re, in eine vertraute, einladende Umgebung zur\u00fcckzukehren, in der sie entspannen und neue Kraft tanken k\u00f6nnen.<\/p><p>Dar\u00fcber hinaus sind wir aufgrund unserer zentralen Lage eine beliebte Wahl f\u00fcr <strong>Gesch\u00e4ftsreisende, internationale Touristen und Einheimische gleicherma\u00dfen <\/strong>, alle angezogen vom Versprechen authentischer Aromen, serviert in einem stilvollen und doch intimen Ambiente.<\/p><h3>Kostenlose Services f\u00fcr mehr Komfort<\/h3><p>Um sicherzustellen, dass Ihr kulinarisches Erlebnis so m\u00fchelos wie m\u00f6glich verl\u00e4uft, bieten wir:<\/p><ul><li><strong>Zimmerservice <\/strong> f\u00fcr diejenigen, die lieber in der Privatsph\u00e4re ihres elegant eingerichteten Zimmers speisen<\/li><li><strong>Private Essbereiche <\/strong> f\u00fcr kleine Gruppen, Gesch\u00e4ftstreffen oder Familienfeiern<\/li><li><strong>Anpassbare Bankettmen\u00fcs <\/strong> f\u00fcr besondere Anl\u00e4sse und gro\u00dfe Versammlungen<\/li><li><strong>Tee-Pairing-Erlebnisse <\/strong> mit erstklassigen chinesischen Tees aus renommierten Regionen wie Yunnan und Fujian<\/li><\/ul><h3>Warum G\u00e4ste das Essen im Oriental Vogue Hotel lieben<\/h3><p>Reisende loben unser Restaurant regelm\u00e4\u00dfig in Bewertungen auf Plattformen wie <strong>TripAdvisor, Google Reviews und Booking.com <\/strong>und hebt die \u201eperfekte Mischung aus Tradition und Moderne\u201c, den \u201eau\u00dfergew\u00f6hnlichen Service\u201c und \u201eeinige der besten Pekingenten der Stadt\u201c hervor. Viele Stammg\u00e4ste betrachten unser Restaurant als Highlight ihres Aufenthalts \u2013 nicht nur als einen Ort zum Essen, sondern ein Reiseziel an sich.<\/p><div class=\"py-2 my-3\"><hr \/><\/div><p><strong>Kommen Sie und erleben Sie den Unterschied im Restaurant des Oriental Vogue Hotels <\/strong><\/p><p data-spm-anchor-id=\"a2ty_o01.29997173.0.i55.1dedc921VWRwZn\">Ob Sie ein Gast des Hotels sind oder einfach nur die pulsierenden Stra\u00dfen von <strong>Bezirk Dongcheng <\/strong>Wir laden Sie ein, eine kulinarische Reise zu erleben, die die Vergangenheit ehrt und gleichzeitig die Zukunft begr\u00fc\u00dft. Bei <strong>Restaurant des Oriental Vogue Hotels <\/strong>, jede Mahlzeit ist eine Geschichte, die durch den Geschmack erz\u00e4hlt wird, jedes Gericht eine Hommage an das Land, das es inspiriert, und jeder Besuch eine Erinnerung, die darauf wartet, geschaffen zu werden.<\/p>\t\t\t\t\t\t\t\t<\/div>\n\t\t\t\t\t<\/div>\n\t\t\t\t<\/div>\n\t\t<div class=\"elementor-element elementor-element-7a1a2d5 e-flex e-con-boxed e-con e-parent\" data-id=\"7a1a2d5\" data-element_type=\"container\" data-e-type=\"container\">\n\t\t\t\t\t<div class=\"e-con-inner\">\n\t\t\t\t<div class=\"elementor-element elementor-element-9a23609 elementor-widget elementor-widget-nuss-image-gallery\" data-id=\"9a23609\" data-element_type=\"widget\" data-e-type=\"widget\" data-widget_type=\"nuss-image-gallery.default\">\n\t\t\t\t<div class=\"elementor-widget-container\">\n\t\t\t\t\t\t\t<div class=\"nuss-grid-wrapper\" data-grid=\"{&quot;type&quot;:&quot;grid&quot;,&quot;ratio&quot;:null,&quot;columns&quot;:3,&quot;gutter&quot;:30}\">\r\n\t\t\t<div class=\"nuss-grid lazy-grid\">\r\n\t\t\t\t<div class=\"grid-sizer\"><\/div>\r\n\r\n\t\t\t\t\t\t\t\t\t\t\t\t<div class=\"grid-item\">\r\n\t\t\t\t\t\t<div class=\"nuss-box\">\t\t<div class=\"nuss-image image\">\r\n\t\t\t<img decoding=\"async\"  src=\"https:\/\/orientalvoguehotel.com\/wp-content\/uploads\/2025\/07\/Oriental-Vogue-Hotel-94.webp\" alt=\"Oriental Vogue Hotel (94)\" \/>\t\t<\/div>\r\n\t\t\t\t<\/div>\t\t\t\t\t<\/div>\r\n\t\t\t\t\t\t<div class=\"grid-item\">\r\n\t\t\t\t\t\t<div class=\"nuss-box\">\t\t<div class=\"nuss-image image\">\r\n\t\t\t<img decoding=\"async\"  src=\"https:\/\/orientalvoguehotel.com\/wp-content\/uploads\/2025\/07\/Oriental-Vogue-Hotel-93.webp\" alt=\"Oriental Vogue Hotel (93)\" \/>\t\t<\/div>\r\n\t\t\t\t<\/div>\t\t\t\t\t<\/div>\r\n\t\t\t\t\t\t<div class=\"grid-item\">\r\n\t\t\t\t\t\t<div class=\"nuss-box\">\t\t<div class=\"nuss-image image\">\r\n\t\t\t<img decoding=\"async\"  src=\"https:\/\/orientalvoguehotel.com\/wp-content\/uploads\/2025\/07\/Oriental-Vogue-Hotel-92.webp\" alt=\"Oriental Vogue Hotel (92)\" \/>\t\t<\/div>\r\n\t\t\t\t<\/div>\t\t\t\t\t<\/div>\r\n\t\t\t\t\t\t<div class=\"grid-item\">\r\n\t\t\t\t\t\t<div class=\"nuss-box\">\t\t<div class=\"nuss-image image\">\r\n\t\t\t<img decoding=\"async\"  src=\"https:\/\/orientalvoguehotel.com\/wp-content\/uploads\/2025\/07\/Oriental-Vogue-Hotel-90.webp\" alt=\"Oriental Vogue Hotel (90)\" \/>\t\t<\/div>\r\n\t\t\t\t<\/div>\t\t\t\t\t<\/div>\r\n\t\t\t\t\t\t<div class=\"grid-item\">\r\n\t\t\t\t\t\t<div class=\"nuss-box\">\t\t<div class=\"nuss-image image\">\r\n\t\t\t<img decoding=\"async\"  src=\"https:\/\/orientalvoguehotel.com\/wp-content\/uploads\/2025\/07\/Oriental-Vogue-Hotel-89.webp\" alt=\"Oriental Vogue Hotel (89)\" \/>\t\t<\/div>\r\n\t\t\t\t<\/div>\t\t\t\t\t<\/div>\r\n\t\t\t\t\t\t<div class=\"grid-item\">\r\n\t\t\t\t\t\t<div class=\"nuss-box\">\t\t<div class=\"nuss-image image\">\r\n\t\t\t<img decoding=\"async\"  src=\"https:\/\/orientalvoguehotel.com\/wp-content\/uploads\/2025\/07\/Oriental-Vogue-Hotel-88.webp\" alt=\"Oriental Vogue Hotel (88)\" \/>\t\t<\/div>\r\n\t\t\t\t<\/div>\t\t\t\t\t<\/div>\r\n\t\t\t\t\t\t<div class=\"grid-item\">\r\n\t\t\t\t\t\t<div class=\"nuss-box\">\t\t<div class=\"nuss-image image\">\r\n\t\t\t<img decoding=\"async\"  src=\"https:\/\/orientalvoguehotel.com\/wp-content\/uploads\/2025\/07\/Oriental-Vogue-Hotel-85.webp\" alt=\"Oriental Vogue Hotel (85)\" \/>\t\t<\/div>\r\n\t\t\t\t<\/div>\t\t\t\t\t<\/div>\r\n\t\t\t\t\t\t<div class=\"grid-item\">\r\n\t\t\t\t\t\t<div class=\"nuss-box\">\t\t<div class=\"nuss-image image\">\r\n\t\t\t<img decoding=\"async\"  src=\"https:\/\/orientalvoguehotel.com\/wp-content\/uploads\/2025\/07\/Oriental-Vogue-Hotel-82.webp\" alt=\"Oriental Vogue Hotel (82)\" \/>\t\t<\/div>\r\n\t\t\t\t<\/div>\t\t\t\t\t<\/div>\r\n\t\t\t\t\t\t<div class=\"grid-item\">\r\n\t\t\t\t\t\t<div class=\"nuss-box\">\t\t<div class=\"nuss-image image\">\r\n\t\t\t<img decoding=\"async\"  src=\"https:\/\/orientalvoguehotel.com\/wp-content\/uploads\/2025\/07\/Oriental-Vogue-Hotel-83.webp\" alt=\"Oriental Vogue Hotel (83)\" \/>\t\t<\/div>\r\n\t\t\t\t<\/div>\t\t\t\t\t<\/div>\r\n\t\t\t\t\t\t<div class=\"grid-item\">\r\n\t\t\t\t\t\t<div class=\"nuss-box\">\t\t<div class=\"nuss-image image\">\r\n\t\t\t<img decoding=\"async\"  src=\"https:\/\/orientalvoguehotel.com\/wp-content\/uploads\/2025\/07\/Oriental-Vogue-Hotel-95.webp\" alt=\"Oriental Vogue Hotel (95)\" \/>\t\t<\/div>\r\n\t\t\t\t<\/div>\t\t\t\t\t<\/div>\r\n\t\t\t\t\t\t<div class=\"grid-item\">\r\n\t\t\t\t\t\t<div class=\"nuss-box\">\t\t<div class=\"nuss-image image\">\r\n\t\t\t<img decoding=\"async\"  src=\"https:\/\/orientalvoguehotel.com\/wp-content\/uploads\/2025\/07\/Oriental-Vogue-Hotel-107.webp\" alt=\"Oriental Vogue Hotel (107)\" \/>\t\t<\/div>\r\n\t\t\t\t<\/div>\t\t\t\t\t<\/div>\r\n\t\t\t\t\t\t<div class=\"grid-item\">\r\n\t\t\t\t\t\t<div class=\"nuss-box\">\t\t<div class=\"nuss-image image\">\r\n\t\t\t<img decoding=\"async\"  src=\"https:\/\/orientalvoguehotel.com\/wp-content\/uploads\/2025\/07\/Oriental-Vogue-Hotel-91.webp\" alt=\"Oriental Vogue Hotel (91)\" \/>\t\t<\/div>\r\n\t\t\t\t<\/div>\t\t\t\t\t<\/div>\r\n\t\t\t\t\t\t\t\r\n\t\t\t<\/div>\r\n\t\t<\/div>\r\n\t\t\t\t\t\t<\/div>\n\t\t\t\t<\/div>\n\t\t\t\t\t<\/div>\n\t\t\t\t<\/div>\n\t\t\t\t<\/div>","protected":false},"excerpt":{"rendered":"<p>Our on-site restaurant , thoughtfully designed and meticulously curated, stands as a culinary gem in one of Beijing\u2019s most culturally rich neighborhoods, blending time-honored flavors with modern presentation to create an unforgettable gastronomic experience. A Fusion of Flavors Rooted in Tradition At the heart of Oriental Vogue Hotel\u2019s restaurant is a deep respect for China\u2019s [&hellip;]<\/p>\n","protected":false},"author":1,"featured_media":0,"parent":0,"menu_order":0,"comment_status":"closed","ping_status":"closed","template":"elementor_header_footer","meta":{"footnotes":""},"class_list":["post-612","page","type-page","status-publish","hentry","post-no-thumbnail"],"_links":{"self":[{"href":"https:\/\/orientalvoguehotel.com\/de\/wp-json\/wp\/v2\/pages\/612","targetHints":{"allow":["GET"]}}],"collection":[{"href":"https:\/\/orientalvoguehotel.com\/de\/wp-json\/wp\/v2\/pages"}],"about":[{"href":"https:\/\/orientalvoguehotel.com\/de\/wp-json\/wp\/v2\/types\/page"}],"author":[{"embeddable":true,"href":"https:\/\/orientalvoguehotel.com\/de\/wp-json\/wp\/v2\/users\/1"}],"replies":[{"embeddable":true,"href":"https:\/\/orientalvoguehotel.com\/de\/wp-json\/wp\/v2\/comments?post=612"}],"version-history":[{"count":0,"href":"https:\/\/orientalvoguehotel.com\/de\/wp-json\/wp\/v2\/pages\/612\/revisions"}],"wp:attachment":[{"href":"https:\/\/orientalvoguehotel.com\/de\/wp-json\/wp\/v2\/media?parent=612"}],"curies":[{"name":"wp","href":"https:\/\/api.w.org\/{rel}","templated":true}]}}