{"id":2106,"date":"2021-03-25T04:08:26","date_gmt":"2021-03-25T04:08:26","guid":{"rendered":"http:\/\/localhost\/nuss\/?page_id=298"},"modified":"2025-07-05T07:43:50","modified_gmt":"2025-07-05T07:43:50","slug":"erlebnisse","status":"publish","type":"page","link":"https:\/\/orientalvoguehotel.com\/de\/erlebnisse\/","title":{"rendered":"Erlebnisse"},"content":{"rendered":"<div data-elementor-type=\"wp-page\" data-elementor-id=\"2106\" class=\"elementor elementor-2106\">\n\t\t\t\t\t\t<section class=\"elementor-section elementor-top-section elementor-element elementor-element-1954ffc elementor-section-boxed elementor-section-gap-beside-yes elementor-section-height-default elementor-section-height-default elementor-section-column-vertical-align-stretch\" data-id=\"1954ffc\" data-element_type=\"section\" data-e-type=\"section\">\n\t\t\t\t\t\t<div class=\"elementor-container elementor-column-gap-extended\">\n\t\t\t\t\t<div class=\"elementor-column elementor-col-100 elementor-top-column elementor-element elementor-element-86aebc5\" data-id=\"86aebc5\" data-element_type=\"column\" data-e-type=\"column\">\n\t\t\t<div class=\"elementor-widget-wrap elementor-element-populated\">\n\t\t\t\t\t\t<div class=\"elementor-element elementor-element-11803d1 elementor-widget__width-initial elementor-invisible elementor-widget elementor-widget-text-editor\" data-id=\"11803d1\" data-element_type=\"widget\" data-e-type=\"widget\" data-settings=\"{&quot;_animation&quot;:&quot;nussFadeInUp&quot;}\" data-widget_type=\"text-editor.default\">\n\t\t\t\t\t\t\t\t\t<p>Entdecken Sie, was G\u00e4ste \u00fcber das Oriental Vogue Hotel sagen \u2013 Eine Sammlung echter Kundenerfahrungen und Bewertungen<\/p>\t\t\t\t\t\t\t\t<\/div>\n\t\t\t\t\t<\/div>\n\t\t<\/div>\n\t\t\t\t\t<\/div>\n\t\t<\/section>\n\t\t<div class=\"elementor-element elementor-element-b76bace e-flex e-con-boxed e-con e-parent\" data-id=\"b76bace\" data-element_type=\"container\" data-e-type=\"container\">\n\t\t\t\t\t<div class=\"e-con-inner\">\n\t\t\t\t<div class=\"elementor-element elementor-element-90ef6c3 elementor-widget elementor-widget-text-editor\" data-id=\"90ef6c3\" data-element_type=\"widget\" data-e-type=\"widget\" data-widget_type=\"text-editor.default\">\n\t\t\t\t\t\t\t\t\t<p data-spm-anchor-id=\"a2ty_o01.29997173.0.i7.1dedc921VWRwZn\">Bei <strong>Oriental Vogue Hotel <\/strong>, gelegen in <strong>Nr. 36 Dongsi South Street, Bezirk Dongcheng, Peking <\/strong>Wir sind \u00fcberzeugt, dass unsere Exzellenz in den Erlebnissen und der Zufriedenheit unserer G\u00e4ste liegt. Eingebettet in einem der geschichtstr\u00e4chtigsten und kulturell reichsten Viertel Pekings bietet unser Boutique-Hotel mehr als nur stilvolle Unterk\u00fcnfte \u2013 es erm\u00f6glicht eine herzliche, unvergessliche Reise ins Herz der chinesischen Hauptstadt.<\/p><div class=\"my-2\">\u00a0<\/div><p>Im Laufe der Jahre haben Reisende aus aller Welt ihre begeisterten Erfahrungsberichte auf f\u00fchrenden Reiseplattformen wie <strong>TripAdvisor.com <\/strong>, <strong>Booking.com <\/strong>, <strong>Expedia <\/strong>und andere wichtige <strong>Online-Reiseb\u00fcros (OTAs) <\/strong>, und lobt nicht nur unser elegantes Design und unsere erstklassige Lage, sondern auch den au\u00dfergew\u00f6hnlichen Service und die Liebe zum Detail, die das Oriental Vogue-Erlebnis ausmachen.<\/p><div class=\"my-2\">\u00a0<\/div><h3><strong>Eine bevorzugte Wahl f\u00fcr anspruchsvolle Reisende <\/strong><\/h3><p>Mit konstant hohen Bewertungen und einer wachsenden Zahl positiver Bewertungen, <strong>Oriental Vogue Hotel <\/strong> hat sich seinen Ruf als Favorit unter Urlaubern und Gesch\u00e4ftsreisenden verdient. Auf <strong>TripAdvisor <\/strong>Das Hotel wird f\u00fcr seine \u201eperfekte Mischung aus modernem Luxus und traditionellem Charme\u201c gefeiert, wobei viele G\u00e4ste hervorheben, wie das Anwesen nahtlos zeitgen\u00f6ssischen Komfort mit klassischer chinesischer \u00c4sthetik verbindet.<\/p><div class=\"my-2\">\u00a0<\/div><p>Ein TripAdvisor-Rezensent schw\u00e4rmte:<\/p><blockquote><p><em>Die Lage ist perfekt \u2013 mitten in der Altstadt von Peking und doch nur wenige Minuten von wichtigen Sehensw\u00fcrdigkeiten wie der Verbotenen Stadt und dem Tiananmen-Platz entfernt. Die Zimmer waren makellos, stilvoll und unglaublich komfortabel. Das Personal hat alles getan, um unseren Aufenthalt perfekt zu machen. <\/em><\/p><\/blockquote><h3><strong>Au\u00dfergew\u00f6hnlicher Service, der einen bleibenden Eindruck hinterl\u00e4sst <\/strong><\/h3><p>G\u00e4ste loben h\u00e4ufig den aufmerksamen und zuvorkommenden Service, den sie w\u00e4hrend ihres gesamten Aufenthalts erhalten. Unser mehrsprachiges Personal ist rund um die Uhr f\u00fcr seine pers\u00f6nliche Betreuung bekannt \u2013 von der Organisation von Flughafentransfers und gef\u00fchrten Touren bis hin zur Empfehlung der besten Restaurants in den nahegelegenen Hutongs.<\/p><div class=\"my-2\">\u00a0<\/div><p>An <strong>Booking.com <\/strong>, lautet eine F\u00fcnf-Sterne-Bewertung:<\/p><blockquote><p><em>Dieses Hotel hat alle meine Erwartungen \u00fcbertroffen. Das Team an der Rezeption war unglaublich hilfsbereit, immer freundlich und hilfsbereit. Ich f\u00fchlte mich vom ersten Moment an herzlich willkommen. Das Fr\u00fchst\u00fcck war k\u00f6stlich und bot sowohl westliche als auch chinesische Gerichte \u2013 f\u00fcr jeden etwas dabei! <\/em><\/p><\/blockquote><p>Ein weiterer Gast auf <strong>Agoda <\/strong> hinzugef\u00fcgt:<\/p><blockquote><p><em>\u201eHervorragender Kundenservice! Sie haben mir sogar geholfen, einen verlorenen Gegenstand nach dem Check-out wiederzufinden. Nicht viele Hotels gehen heute noch so einen Schritt weiter.\u201c <\/em><\/p><\/blockquote><h3><strong>Komfort trifft Kultur im Herzen von Peking <\/strong><\/h3><p>Unsere strategische Lage in <strong>Bezirk Dongcheng <\/strong> ist weiterhin ein Highlight f\u00fcr Reisende, die in die lebendige Kultur Pekings eintauchen und gleichzeitig den einfachen Zugang zu modernen Annehmlichkeiten genie\u00dfen m\u00f6chten. Viele OTA-Rezensenten sch\u00e4tzen die N\u00e4he zu traditionellen <strong>Hutong-Viertel <\/strong>, <strong>antike Tempel <\/strong>, und lokale M\u00e4rkte, w\u00e4hrend Sie sich dennoch in der N\u00e4he von U-Bahn-Stationen und Taxist\u00e4nden befinden.<\/p><div class=\"my-2\">\u00a0<\/div><p>Ein begeisterter Google-Rezensent bemerkte:<\/p><blockquote><p><em>\u201eEine bessere Lage h\u00e4tte man sich nicht w\u00fcnschen k\u00f6nnen. Wir besuchten jeden Tag mehrere historische St\u00e4tten und kamen zur\u00fcck, um in einem ruhigen, wundersch\u00f6n gestalteten Hotel zu entspannen. Es ist die perfekte Mischung aus Authentizit\u00e4t und Komfort.\u201c <\/em><\/p><\/blockquote><h3><strong>Luxus, Komfort und durchdachte Annehmlichkeiten <\/strong><\/h3><p>Von elegant eingerichteten Zimmern mit hochwertiger Bettw\u00e4sche und modernen Badezimmern bis hin zu kostenlosem Highspeed-WLAN, Klimaanlage und Teezubereitungsm\u00f6glichkeiten \u2013 unsere Annehmlichkeiten sind auf den modernen Reisenden zugeschnitten. G\u00e4ste loben oft die Ruhe des Hotels trotz seiner zentralen Lage, die es zu einem idealen R\u00fcckzugsort nach einem Tag voller Erkundungstouren in Peking macht.<\/p><div class=\"my-2\">\u00a0<\/div><p>Ein k\u00fcrzlicher Gast auf <strong>Hotels.com <\/strong> schrieb:<\/p><blockquote><p><em>Das Zimmer war ger\u00e4umig, sauber und geschmackvoll eingerichtet. Ich war begeistert von der sanften Beleuchtung und den traditionellen Akzenten in der Einrichtung. Au\u00dferdem haben wir das kostenlose Mineralwasser, die Hausschuhe und das superschnelle Internet sehr gesch\u00e4tzt \u2013 perfekt f\u00fcr Arbeit und Freizeit. <\/em><\/p><\/blockquote><h3><strong>Warum Reisende immer wiederkommen <\/strong><\/h3><p>Ob es die <strong>tadellose Sauberkeit <\/strong>, Die <strong>zentrale und dennoch ruhige Lage <\/strong>oder die <strong>au\u00dfergew\u00f6hnliches Preis-Leistungs-Verh\u00e4ltnis <\/strong>, Stammg\u00e4ste und treue G\u00e4ste w\u00e4hlen weiterhin <strong>Oriental Vogue Hotel <\/strong> f\u00fcr ihren Aufenthalt in Peking. Unser Engagement f\u00fcr hohe Standards und unvergessliche Erlebnisse zeigt sich in jeder G\u00e4stebewertung, die wir erhalten.<\/p><div class=\"my-2\">\u00a0<\/div><p>Wir laden Sie ein, zu lesen, was andere \u00fcber uns gesagt haben auf <strong>TripAdvisor <\/strong>, <strong>Google Bewertungen <\/strong>und andere OTA-Plattformen \u2013 und erleben Sie dann den Unterschied von Oriental Vogue selbst. Lassen Sie uns Ihren Besuch in Peking in etwas Au\u00dfergew\u00f6hnliches verwandeln.<\/p><div class=\"my-2\">\u00a0<\/div><p data-spm-anchor-id=\"a2ty_o01.29997173.0.i8.1dedc921VWRwZn\">Buchen Sie Ihren Aufenthalt noch heute und werden Sie Teil unserer wachsenden Familie zufriedener G\u00e4ste, die nicht nur mit Souvenirs, sondern auch mit wertvollen Erinnerungen an ein wirklich bemerkenswertes Gastfreundschaftserlebnis im Herzen Pekings nach Hause zur\u00fcckkehren.<\/p>\t\t\t\t\t\t\t\t<\/div>\n\t\t\t\t\t<\/div>\n\t\t\t\t<\/div>\n\t\t\t\t<section class=\"elementor-section elementor-top-section elementor-element elementor-element-4d363e5d elementor-section-stretched elementor-section-boxed elementor-section-gap-beside-yes elementor-section-height-default elementor-section-height-default elementor-section-column-vertical-align-stretch\" data-id=\"4d363e5d\" data-element_type=\"section\" data-e-type=\"section\" data-settings=\"{&quot;background_background&quot;:&quot;classic&quot;,&quot;stretch_section&quot;:&quot;section-stretched&quot;}\">\n\t\t\t\t\t\t<div class=\"elementor-container elementor-column-gap-extended\">\n\t\t\t\t\t<div class=\"elementor-column elementor-col-100 elementor-top-column elementor-element elementor-element-534d7b08\" data-id=\"534d7b08\" data-element_type=\"column\" data-e-type=\"column\">\n\t\t\t<div class=\"elementor-widget-wrap elementor-element-populated\">\n\t\t\t\t\t\t<div class=\"elementor-element elementor-element-70c47e30 elementor-widget elementor-widget-heading\" data-id=\"70c47e30\" data-element_type=\"widget\" data-e-type=\"widget\" data-widget_type=\"heading.default\">\n\t\t\t\t\t<h2 class=\"elementor-heading-title elementor-size-default\">Verf\u00fcgbarkeit pr\u00fcfen <\/h2>\t\t\t\t<\/div>\n\t\t\t\t<div class=\"elementor-element elementor-element-3a38f6fc elementor-widget elementor-widget-text-editor\" data-id=\"3a38f6fc\" data-element_type=\"widget\" data-e-type=\"widget\" data-widget_type=\"text-editor.default\">\n\t\t\t\t\t\t\t\t\t<iframe border=\"0\" src=\"https:\/\/www.trip.com\/partners\/ad\/S4304456?Allianceid=5415915&#038;SID=231907929&#038;trip_sub1=\" style=\"width:900px;height:200px\" frameborder=\"0\" scrolling=\"no\" id=\"S4304456\"><\/iframe>\t\t\t\t\t\t\t\t<\/div>\n\t\t\t\t\t<\/div>\n\t\t<\/div>\n\t\t\t\t\t<\/div>\n\t\t<\/section>\n\t\t\t\t<\/div>","protected":false},"excerpt":{"rendered":"<p>Discover What Guests Are Saying About Oriental Vogue Hotel \u2013 A Collection of Real Customer Experiences &amp; Reviews At Oriental Vogue Hotel , located at No. 36 Dongsi South Street, Dongcheng District, Beijing , we believe that the true measure of our excellence lies in the experiences and satisfaction of our guests. Nestled in one [&hellip;]<\/p>\n","protected":false},"author":1,"featured_media":0,"parent":0,"menu_order":0,"comment_status":"closed","ping_status":"closed","template":"","meta":{"footnotes":""},"class_list":["post-2106","page","type-page","status-publish","hentry","post-no-thumbnail"],"_links":{"self":[{"href":"https:\/\/orientalvoguehotel.com\/de\/wp-json\/wp\/v2\/pages\/2106","targetHints":{"allow":["GET"]}}],"collection":[{"href":"https:\/\/orientalvoguehotel.com\/de\/wp-json\/wp\/v2\/pages"}],"about":[{"href":"https:\/\/orientalvoguehotel.com\/de\/wp-json\/wp\/v2\/types\/page"}],"author":[{"embeddable":true,"href":"https:\/\/orientalvoguehotel.com\/de\/wp-json\/wp\/v2\/users\/1"}],"replies":[{"embeddable":true,"href":"https:\/\/orientalvoguehotel.com\/de\/wp-json\/wp\/v2\/comments?post=2106"}],"version-history":[{"count":0,"href":"https:\/\/orientalvoguehotel.com\/de\/wp-json\/wp\/v2\/pages\/2106\/revisions"}],"wp:attachment":[{"href":"https:\/\/orientalvoguehotel.com\/de\/wp-json\/wp\/v2\/media?parent=2106"}],"curies":[{"name":"wp","href":"https:\/\/api.w.org\/{rel}","templated":true}]}}