{"id":2105,"date":"2021-03-24T07:25:45","date_gmt":"2021-03-24T07:25:45","guid":{"rendered":"http:\/\/localhost\/nuss\/?page_id=235"},"modified":"2025-12-04T10:48:24","modified_gmt":"2025-12-04T10:48:24","slug":"faqs","status":"publish","type":"page","link":"https:\/\/orientalvoguehotel.com\/de\/faqs\/","title":{"rendered":"FAQs"},"content":{"rendered":"<div data-elementor-type=\"wp-page\" data-elementor-id=\"2105\" class=\"elementor elementor-2105\">\n\t\t\t\t\t\t<section class=\"elementor-section elementor-top-section elementor-element elementor-element-2a96a73 elementor-section-boxed elementor-section-gap-beside-yes elementor-section-height-default elementor-section-height-default elementor-section-column-vertical-align-stretch\" data-id=\"2a96a73\" data-element_type=\"section\" data-e-type=\"section\">\n\t\t\t\t\t\t<div class=\"elementor-container elementor-column-gap-extended\">\n\t\t\t\t\t<div class=\"elementor-column elementor-col-100 elementor-top-column elementor-element elementor-element-98ef20c\" data-id=\"98ef20c\" data-element_type=\"column\" data-e-type=\"column\">\n\t\t\t<div class=\"elementor-widget-wrap elementor-element-populated\">\n\t\t\t\t\t\t<div class=\"elementor-element elementor-element-97088c0 elementor-widget__width-initial elementor-invisible elementor-widget elementor-widget-text-editor\" data-id=\"97088c0\" data-element_type=\"widget\" data-e-type=\"widget\" data-settings=\"{&quot;_animation&quot;:&quot;nussFadeInUp&quot;}\" data-widget_type=\"text-editor.default\">\n\t\t\t\t\t\t\t\t\t<p>Nachfolgend finden Sie eine Liste der am h\u00e4ufigsten von unseren G\u00e4sten gestellten Fragen.<\/p>\t\t\t\t\t\t\t\t<\/div>\n\t\t\t\t\t<\/div>\n\t\t<\/div>\n\t\t\t\t\t<\/div>\n\t\t<\/section>\n\t\t\t\t<section class=\"elementor-section elementor-top-section elementor-element elementor-element-b184647 elementor-section-gap-beside-no elementor-section-boxed elementor-section-height-default elementor-section-height-default elementor-section-column-vertical-align-stretch\" data-id=\"b184647\" data-element_type=\"section\" data-e-type=\"section\">\n\t\t\t\t\t\t<div class=\"elementor-container elementor-column-gap-extended\">\n\t\t\t\t\t<div class=\"elementor-column elementor-col-100 elementor-top-column elementor-element elementor-element-1d49749\" data-id=\"1d49749\" data-element_type=\"column\" data-e-type=\"column\">\n\t\t\t<div class=\"elementor-widget-wrap elementor-element-populated\">\n\t\t\t\t\t\t<div class=\"elementor-element elementor-element-b986a9e elementor-invisible elementor-widget elementor-widget-nuss-heading\" data-id=\"b986a9e\" data-element_type=\"widget\" data-e-type=\"widget\" data-settings=\"{&quot;_animation&quot;:&quot;nussFadeInUp&quot;}\" data-widget_type=\"nuss-heading.default\">\n\t\t\t\t<div class=\"elementor-widget-container\">\n\t\t\t\t\t\t\t<div class=\"nuss-modern-heading\">\r\n\t\t\t\r\n\t\t\t\t\t\t<div class=\"heading-primary-wrap\">\r\n\t\t\t\t<h4 class=\"heading-primary elementor-heading-title\">FAQ&#039;S<\/h4>\t\t\t<\/div>\r\n\t\t\r\n\t\t\t\t\t\t<div class=\"heading-divider-wrap\">\r\n\t\t\t\t<div class=\"heading-divider\" style=\"left: 0px;top: 6px\"><\/div>\r\n\t\t\t<\/div>\r\n\t\r\n\t\t\t\t\t<\/div>\r\n\t\t\t\t\t<\/div>\n\t\t\t\t<\/div>\n\t\t\t\t<div class=\"elementor-element elementor-element-50f0733 elementor-invisible elementor-widget elementor-widget-heading\" data-id=\"50f0733\" data-element_type=\"widget\" data-e-type=\"widget\" data-settings=\"{&quot;_animation&quot;:&quot;nussFadeInUp&quot;}\" data-widget_type=\"heading.default\">\n\t\t\t\t\t<h2 class=\"elementor-heading-title elementor-size-default\">Fragen &amp; Antworten<\/h2>\t\t\t\t<\/div>\n\t\t\t\t<div class=\"elementor-element elementor-element-d3ca5cf elementor-widget elementor-widget-text-editor\" data-id=\"d3ca5cf\" data-element_type=\"widget\" data-e-type=\"widget\" data-widget_type=\"text-editor.default\">\n\t\t\t\t\t\t\t\t\t<ol><li><p><strong>Wo befindet sich das Oriental Vogue Hotel?<\/strong><br \/>Das Hotel befindet sich in der Dongsi South Street Nr. 36, Bezirk Dongcheng, Peking, China, im Herzen der Stadt in der N\u00e4he wichtiger Sehensw\u00fcrdigkeiten wie der Verbotenen Stadt und dem Platz des Himmlischen Friedens.<\/p><\/li><li><p><strong>Wie weit ist das Hotel vom internationalen Flughafen Peking entfernt?<\/strong><br \/>Das Hotel liegt etwa 25\u201330 km vom internationalen Flughafen Beijing Capital entfernt, je nach Verkehr etwa 40\u201360 Minuten Fahrtzeit.<\/p><\/li><li><p><strong>Bietet das Oriental Vogue Hotel einen Flughafenshuttle an?<\/strong><br \/>Obwohl keine genauen Informationen verf\u00fcgbar sind, bieten viele Hotels in Peking auf Anfrage einen Flughafentransfer an. Wir empfehlen, sich zur Best\u00e4tigung direkt an das Hotel zu wenden.<\/p><\/li><li><p><strong>Wie sind die Check-in- und Check-out-Zeiten im Oriental Vogue Hotel?<\/strong><br \/>Der Check-in erfolgt in der Regel um 14:00 Uhr und der Check-out um 12:00 Uhr. Die genauen Zeiten k\u00f6nnen jedoch variieren. Bitte erkundigen Sie sich beim Hotel nach den genauen Zeiten.<\/p><\/li><li><p><strong>Gibt es beliebte Sehensw\u00fcrdigkeiten in der N\u00e4he des Hotels?<\/strong><br \/>Ja, das Hotel liegt in der N\u00e4he der Verbotenen Stadt, des Tiananmen-Platzes und der Wangfujing-Stra\u00dfe, die alle nicht weit entfernt oder mit \u00f6ffentlichen Verkehrsmitteln erreichbar sind.<\/p><\/li><li><p><strong>Bietet das Hotel kostenloses WLAN?<\/strong><br \/>Die meisten Hotels in Peking, einschlie\u00dflich derer im Bezirk Dongcheng, bieten ihren G\u00e4sten kostenloses WLAN. Weitere Informationen zu Konnektivit\u00e4t und Zugang erhalten Sie beim Oriental Vogue Hotel.<\/p><\/li><li><p><strong>Welche Zimmertypen sind im Oriental Vogue Hotel verf\u00fcgbar?<\/strong><br \/>Obwohl keine genauen Zimmerkategorien aufgef\u00fchrt sind, deuten Bewertungen auf ger\u00e4umige und saubere Zimmer mit angenehmem Ambiente hin, wahrscheinlich einschlie\u00dflich Standard-, Deluxe- und Suite-Optionen.<\/p><\/li><li><p><strong>Ist das Fr\u00fchst\u00fcck im Zimmerpreis inbegriffen?<\/strong><br \/>Ob das Fr\u00fchst\u00fcck inbegriffen ist, h\u00e4ngt vom Buchungspaket ab. Viele Hotels in Peking bieten Fr\u00fchst\u00fccksbuffets mit chinesischen und westlichen Optionen an. Bitte erkundigen Sie sich bei der Buchung beim Hotel oder der OTA.<\/p><\/li><li><p><strong>Verf\u00fcgt das Hotel \u00fcber ein eigenes Restaurant?<\/strong><br \/>In Hotels dieser Art ist es \u00fcblich, ein Restaurant vor Ort anzubieten. G\u00e4stebewertungen \u00e4hnlicher Unterk\u00fcnfte erw\u00e4hnen qualitativ hochwertige Speiseerlebnisse, daher ist dies wahrscheinlich verf\u00fcgbar.<\/p><\/li><li><p><strong>Ist das Oriental Vogue Hotel familienfreundlich?<\/strong><br \/>Hotels in dieser Gegend bieten oft Annehmlichkeiten f\u00fcr Familien mit Zustellbetten oder Kinderbetten. Die genauen Richtlinien sollten beim Hotel erfragt werden.<\/p><\/li><li><p><strong>Sind Haustiere im Hotel erlaubt?<\/strong><br \/>Die Haustierrichtlinien in Pekinger Hotels variieren stark. Die meisten Hotels erlauben keine Haustiere, es sei denn, es handelt sich um Assistenztiere. Erkundigen Sie sich beim Hotel nach den jeweiligen Richtlinien.<\/p><\/li><li><p><strong>Verf\u00fcgt das Hotel \u00fcber Parkm\u00f6glichkeiten?<\/strong><br \/>Viele Hotels im Zentrum Pekings bieten Parkpl\u00e4tze an, die Anzahl der Pl\u00e4tze kann jedoch begrenzt sein. Erkundigen Sie sich beim Oriental Vogue Hotel nach Verf\u00fcgbarkeit und Geb\u00fchren.<\/p><\/li><li><p><strong>Gibt es im Hotel ein Fitnesscenter oder Fitnessstudio?<\/strong><br \/>Mittelklasse- und gehobene Hotels in Peking verf\u00fcgen oft \u00fcber Fitnesscenter. \u00c4hnliche Hotels in der Umgebung bieten solche Annehmlichkeiten, daher lohnt es sich, dies zu \u00fcberpr\u00fcfen.<\/p><\/li><li><p><strong>Hat das Hotel ein Schwimmbad?<\/strong><br \/>Aus Platzgr\u00fcnden verf\u00fcgen nicht alle Hotels im Bezirk Dongcheng \u00fcber Pools. In Bewertungen von Hotels in der N\u00e4he werden keine Pools erw\u00e4hnt, daher ist dies unwahrscheinlich, sollte aber \u00fcberpr\u00fcft werden.<\/p><\/li><li><p><strong>Kann ich \u00fcber das Hotel Touren oder Ausfl\u00fcge buchen?<\/strong><br \/>Viele Hotels in Peking unterst\u00fctzen Sie bei der Buchung von Touren zu Sehensw\u00fcrdigkeiten wie der Chinesischen Mauer. G\u00e4stebewertungen \u00e4hnlicher Hotels deuten darauf hin, dass Concierge-Services dort weit verbreitet sind.<\/p><\/li><li><p><strong>Spricht das Hotelpersonal flie\u00dfend Englisch?<\/strong><br \/>Im Zentrum Pekings, insbesondere in der N\u00e4he von Touristengebieten, spricht das Personal oft einfaches bis flie\u00dfendes Englisch, obwohl in einigen Bewertungen gelegentliche Sprachbarrieren erw\u00e4hnt werden.<\/p><\/li><li><p><strong>Welche Stornierungsbedingungen gelten f\u00fcr Buchungen?<\/strong><br \/>Die Stornierungsbedingungen h\u00e4ngen vom Tarif und der genutzten Plattform (z. B. Booking.com) ab. \u00dcberpr\u00fcfen Sie die spezifischen Bedingungen zum Zeitpunkt der Reservierung.<\/p><\/li><li><p><strong>Gibt es besondere Annehmlichkeiten f\u00fcr Gesch\u00e4ftsreisende?<\/strong><br \/>Hotels in der N\u00e4he wie das Capital Hotel bieten Businesscenter und Tagungsr\u00e4ume. Das Oriental Vogue Hotel verf\u00fcgt aufgrund seiner Lage m\u00f6glicherweise \u00fcber \u00e4hnliche Einrichtungen.<\/p><\/li><li><p><strong>Wie bewerten G\u00e4ste ihre Erfahrungen im Oriental Vogue Hotel?<\/strong><br \/>Obwohl es keine detaillierten Bewertungen gibt, werden in den Bewertungen des Hotels ger\u00e4umige, saubere Zimmer und eine nette Atmosph\u00e4re erw\u00e4hnt, was auf positives Feedback schlie\u00dfen l\u00e4sst.<\/p><\/li><li><p><strong>Wie kann ich das Oriental Vogue Hotel f\u00fcr weitere Informationen kontaktieren?<\/strong><br \/>Kontaktdaten finden Sie in der Regel auf OTA-Plattformen oder der offiziellen Website des Hotels. F\u00fcr direkte Anfragen empfiehlt es sich, uns per E-Mail oder Telefon zu kontaktieren.<\/p><\/li><\/ol>\t\t\t\t\t\t\t\t<\/div>\n\t\t\t\t\t<\/div>\n\t\t<\/div>\n\t\t\t\t\t<\/div>\n\t\t<\/section>\n\t\t\t\t<\/div>","protected":false},"excerpt":{"rendered":"<p>Below, you will find a list of the questions most frequently asked by our guests. FAQ&#8217;S Questions &amp; Answers Where is Oriental Vogue Hotel located?The hotel is located at No. 36 Dongsi South Street, Dongcheng District, Beijing, China, in the heart of the city near major attractions like the Forbidden City and Tiananmen Square. How [&hellip;]<\/p>\n","protected":false},"author":1,"featured_media":0,"parent":0,"menu_order":0,"comment_status":"closed","ping_status":"closed","template":"","meta":{"footnotes":""},"class_list":["post-2105","page","type-page","status-publish","hentry","post-no-thumbnail"],"_links":{"self":[{"href":"https:\/\/orientalvoguehotel.com\/de\/wp-json\/wp\/v2\/pages\/2105","targetHints":{"allow":["GET"]}}],"collection":[{"href":"https:\/\/orientalvoguehotel.com\/de\/wp-json\/wp\/v2\/pages"}],"about":[{"href":"https:\/\/orientalvoguehotel.com\/de\/wp-json\/wp\/v2\/types\/page"}],"author":[{"embeddable":true,"href":"https:\/\/orientalvoguehotel.com\/de\/wp-json\/wp\/v2\/users\/1"}],"replies":[{"embeddable":true,"href":"https:\/\/orientalvoguehotel.com\/de\/wp-json\/wp\/v2\/comments?post=2105"}],"version-history":[{"count":0,"href":"https:\/\/orientalvoguehotel.com\/de\/wp-json\/wp\/v2\/pages\/2105\/revisions"}],"wp:attachment":[{"href":"https:\/\/orientalvoguehotel.com\/de\/wp-json\/wp\/v2\/media?parent=2105"}],"curies":[{"name":"wp","href":"https:\/\/api.w.org\/{rel}","templated":true}]}}