{"id":2104,"date":"2021-03-23T09:33:48","date_gmt":"2021-03-23T09:33:48","guid":{"rendered":"http:\/\/localhost\/nuss\/?page_id=167"},"modified":"2025-07-05T08:34:50","modified_gmt":"2025-07-05T08:34:50","slug":"unsere-geschichte","status":"publish","type":"page","link":"https:\/\/orientalvoguehotel.com\/de\/unsere-geschichte\/","title":{"rendered":"Unsere Geschichte"},"content":{"rendered":"<div data-elementor-type=\"wp-page\" data-elementor-id=\"2104\" class=\"elementor elementor-2104\">\n\t\t\t\t\t\t<section class=\"elementor-section elementor-top-section elementor-element elementor-element-8f5bb9d elementor-section-boxed elementor-section-gap-beside-yes elementor-section-height-default elementor-section-height-default elementor-section-column-vertical-align-stretch\" data-id=\"8f5bb9d\" data-element_type=\"section\" data-e-type=\"section\">\n\t\t\t\t\t\t<div class=\"elementor-container elementor-column-gap-extended\">\n\t\t\t\t\t<div class=\"elementor-column elementor-col-100 elementor-top-column elementor-element elementor-element-7ec4215\" data-id=\"7ec4215\" data-element_type=\"column\" data-e-type=\"column\">\n\t\t\t<div class=\"elementor-widget-wrap elementor-element-populated\">\n\t\t\t\t\t\t<div class=\"elementor-element elementor-element-edd9d03 elementor-widget__width-initial elementor-invisible elementor-widget elementor-widget-text-editor\" data-id=\"edd9d03\" data-element_type=\"widget\" data-e-type=\"widget\" data-settings=\"{&quot;_animation&quot;:&quot;nussFadeInUp&quot;}\" data-widget_type=\"text-editor.default\">\n\t\t\t\t\t\t\t\t\t<p>Das Hotel ist eine Reihe von Open-House-Hotels, die von der Vielfalt und Originalit\u00e4t der Stra\u00dfen und Szenen inspiriert sind, die uns umgeben.<\/p>\t\t\t\t\t\t\t\t<\/div>\n\t\t\t\t\t<\/div>\n\t\t<\/div>\n\t\t\t\t\t<\/div>\n\t\t<\/section>\n\t\t<div class=\"elementor-element elementor-element-5f16acb e-flex e-con-boxed e-con e-parent\" data-id=\"5f16acb\" data-element_type=\"container\" data-e-type=\"container\">\n\t\t\t\t\t<div class=\"e-con-inner\">\n\t\t\t\t<div class=\"elementor-element elementor-element-922b179 elementor-widget elementor-widget-text-editor\" data-id=\"922b179\" data-element_type=\"widget\" data-e-type=\"widget\" data-widget_type=\"text-editor.default\">\n\t\t\t\t\t\t\t\t\t<p data-spm-anchor-id=\"a2ty_o01.29997173.0.i44.1dedc921VWRwZn\">Bei <strong>Oriental Vogue Hotel <\/strong>, gelegen in <strong>Nr. 36 Dongsi South Street, Bezirk Dongcheng, Peking <\/strong>Unsere Geschichte ist gepr\u00e4gt von Tradition, Vision und einer tiefen Wertsch\u00e4tzung f\u00fcr kulturelles Erbe und moderne Eleganz. Wir sind nicht nur ein Hotel \u2013 wir sind eine lebendige Geschichte von Ost und West, in der jeder Korridor eine Geschichte erz\u00e4hlt und jedes Zimmer die Seele einer alten Stadt widerspiegelt, die sich der Zukunft zuwendet.<\/p><h3>Bescheidene Anf\u00e4nge, verwurzelt in der Kultur<\/h3><p>Die Idee f\u00fcr <strong>Oriental Vogue Hotel <\/strong> entstand aus der Leidenschaft, mehr als nur eine Unterkunft zu schaffen. Eingebettet in einem der geschichtstr\u00e4chtigsten Viertel Pekings \u2013<strong>Bezirk Dongcheng <\/strong>, bekannt f\u00fcr seine jahrhundertealten Hutongs, konfuzianischen Tempel und sein kaiserliches Erbe \u2013 das Hotel wurde als Zufluchtsort konzipiert, wo Reisende in die authentische chinesische Kultur eintauchen und gleichzeitig den Komfort moderner Gastfreundschaft genie\u00dfen k\u00f6nnen.<\/p><p>In den Anfangstagen sahen unsere Gr\u00fcnder Potenzial im ruhigen Charme von <strong>Dongsi S\u00fcdstra\u00dfe <\/strong>, ein Ort, der lange Zeit eine kulturelle Lebensader Pekings war, vom Mainstream-Tourismus jedoch relativ unber\u00fchrt blieb. Mit sorgf\u00e4ltiger Planung und Respekt f\u00fcr die architektonische Integrit\u00e4t des Viertels machten sie sich daran, ein traditionelles Geb\u00e4ude im Hofstil in ein Boutique-Hotel umzuwandeln, das die Vergangenheit ehrt und gleichzeitig den Bed\u00fcrfnissen des Weltreisenden von heute gerecht wird.<\/p><h3>Ein Name, der unsere Identit\u00e4t widerspiegelt<\/h3><p>Der Name <strong>\u201eOrientalische Vogue\u201c <\/strong> verk\u00f6rpert die Essenz unserer Identit\u00e4t: eine Mischung aus zeitloser \u00f6stlicher \u00c4sthetik und der Raffinesse modernen Designs. \u201eOriental\u201c steht f\u00fcr unsere tiefe Verwurzelung im chinesischen Erbe, w\u00e4hrend \u201eVogue\u201c f\u00fcr unser Engagement f\u00fcr Stil, Innovation und zukunftsweisenden Service steht. Diese einzigartige Dualit\u00e4t definiert unsere Identit\u00e4t \u2013 nicht nur als Hotel, sondern als Reiseziel, in dem Geschichte und Moderne harmonisch zusammenleben.<\/p><p>Jedes Detail des Hotels, von der kunstvollen Holzverarbeitung und dem kalligrafisch inspirierten Dekor bis hin zur eleganten Einrichtung und den hochmodernen Annehmlichkeiten, wurde sorgf\u00e4ltig ausgew\u00e4hlt, um diese Philosophie widerzuspiegeln. Wir wollten einen Ort schaffen, an dem unsere G\u00e4ste die W\u00e4rme der Tradition sp\u00fcren, ohne auf Komfort und Bequemlichkeit verzichten zu m\u00fcssen.<\/p><h3>Ein zweites Zuhause gestalten<\/h3><p>Von Anfang an war unsere Mission klar: Wir wollten ein wirklich umfassendes und personalisiertes Erlebnis bieten, das die Erwartungen eines typischen Hotelaufenthalts \u00fcbertrifft. Anstatt Massenmarkttrends zu folgen, konzentrierten wir uns auf <strong>Authentizit\u00e4t, Handwerkskunst und Nachhaltigkeit <\/strong>.<\/p><p>Unsere Zimmer und Suiten sind nicht nur zum Schlafen, sondern zum Erleben konzipiert. Lokale Handwerker fertigten viele Innenausstattungselemente in Handarbeit an, darunter ma\u00dfgefertigte M\u00f6bel, bestickte Textilien und dekorative Akzente, inspiriert von Motiven der Ming- und Qing-Dynastie. Auch die Gestaltung des Hotels folgt dem traditionellen <strong>Siheyuan (Hofhaus) <\/strong> Konzept, das ein Gef\u00fchl von Privatsph\u00e4re, Ruhe und Gemeinschaft schafft.<\/p><p>Dieser durchdachte Designansatz hat das Oriental Vogue Hotel zu einem Favoriten unter Reisenden gemacht, die eine bedeutungsvolle Verbindung zu den Orten suchen, die sie besuchen \u2013 nicht nur als Touristen, sondern auch als Kulturentdecker.<\/p><h3>Aufbau eines Erbes der Gastfreundschaft<\/h3><p>Im Laufe der Jahre haben wir G\u00e4ste aus aller Welt begr\u00fc\u00dft \u2013 Gesch\u00e4ftsleute, neugierige Abenteurer, Kunstliebhaber, Historiker und Familien, die Chinas Hauptstadt besser kennenlernen wollten. Jeder Gast bringt seine eigene Geschichte mit, und wir sind stolz darauf, Teil ihrer Reisegeschichte zu werden.<\/p><p>Unser Team ist sowohl in internationalen Servicestandards als auch in traditioneller chinesischer Etikette geschult und bem\u00fcht sich, jedem Besucher das Gef\u00fchl zu geben, nicht nur willkommen, sondern auch aufrichtig umsorgt zu sein. Ob es darum geht, ein verstecktes Juwel in einem nahegelegenen Teehaus zu empfehlen, Ihnen bei der Orientierung im U-Bahn-System zu helfen oder Ihnen bei Ihrer Ankunft einfach ein herzliches L\u00e4cheln zu schenken \u2013 unser Personal verk\u00f6rpert den Geist von <strong>Gastfreundschaft mit Herz <\/strong>.<\/p><h3>Zielgerichtet wachsen<\/h3><p>Mit dem Wachstum des Hotels hat sich auch unser Engagement f\u00fcr verantwortungsvollen Tourismus und gesellschaftliches Engagement weiterentwickelt. Wir m\u00f6chten der Nachbarschaft, die uns von Anfang an willkommen gehei\u00dfen hat, etwas zur\u00fcckgeben. Durch Partnerschaften mit lokalen Unternehmen, die Unterst\u00fctzung von Kulturerhaltungsprojekten und die Reduzierung unseres \u00f6kologischen Fu\u00dfabdrucks entwickeln wir uns kontinuierlich weiter und folgen dabei unseren Werten.<\/p><p>Dar\u00fcber hinaus haben wir unser Angebot um verbesserte Gesch\u00e4ftseinrichtungen, kuratierte kulturelle Erlebnisse und Wellness-orientierte Dienstleistungen erweitert \u2013 und sind dabei der urspr\u00fcnglichen Vision treu geblieben, mit der alles begann.<\/p><h3>Ausblick<\/h3><p>Heute, <strong>Oriental Vogue Hotel <\/strong> steht als Symbol daf\u00fcr, wie Tradition und Innovation zusammenkommen, um Luxus in der Reisebranche neu zu definieren. Wir sind stolz, Teil der sich st\u00e4ndig weiterentwickelnden Geschichte Pekings zu sein und freuen uns darauf, Generationen neuer G\u00e4ste willkommen zu hei\u00dfen, die nicht nur einen Platz zum Schlafen suchen, sondern einen Ort, an dem sie sich mit der Stadt, der Geschichte und mit sich selbst verbinden k\u00f6nnen.<\/p><p data-spm-anchor-id=\"a2ty_o01.29997173.0.i45.1dedc921VWRwZn\">Unsere Geschichte entfaltet sich weiter \u2013 Kapitel f\u00fcr Kapitel \u2013 genau hier im Herzen von <strong>Bezirk Dongcheng <\/strong>, wo uns jeder Sonnenaufgang \u00fcber den D\u00e4chern der Hutongs daran erinnert, woher wir kommen, und jeder zufriedene Gast uns inspiriert, wohin wir als n\u00e4chstes gehen.<\/p>\t\t\t\t\t\t\t\t<\/div>\n\t\t\t\t\t<\/div>\n\t\t\t\t<\/div>\n\t\t\t\t<\/div>","protected":false},"excerpt":{"rendered":"<p>The hotel is a series of open-house hotels inspired by the diversity and originality of the streets and scenes that surround us. At Oriental Vogue Hotel , located at No. 36 Dongsi South Street, Dongcheng District, Beijing , our story is one woven from tradition, vision, and a deep appreciation for both cultural heritage and [&hellip;]<\/p>\n","protected":false},"author":1,"featured_media":0,"parent":0,"menu_order":0,"comment_status":"closed","ping_status":"closed","template":"elementor_header_footer","meta":{"footnotes":""},"class_list":["post-2104","page","type-page","status-publish","hentry","post-no-thumbnail"],"_links":{"self":[{"href":"https:\/\/orientalvoguehotel.com\/de\/wp-json\/wp\/v2\/pages\/2104","targetHints":{"allow":["GET"]}}],"collection":[{"href":"https:\/\/orientalvoguehotel.com\/de\/wp-json\/wp\/v2\/pages"}],"about":[{"href":"https:\/\/orientalvoguehotel.com\/de\/wp-json\/wp\/v2\/types\/page"}],"author":[{"embeddable":true,"href":"https:\/\/orientalvoguehotel.com\/de\/wp-json\/wp\/v2\/users\/1"}],"replies":[{"embeddable":true,"href":"https:\/\/orientalvoguehotel.com\/de\/wp-json\/wp\/v2\/comments?post=2104"}],"version-history":[{"count":0,"href":"https:\/\/orientalvoguehotel.com\/de\/wp-json\/wp\/v2\/pages\/2104\/revisions"}],"wp:attachment":[{"href":"https:\/\/orientalvoguehotel.com\/de\/wp-json\/wp\/v2\/media?parent=2104"}],"curies":[{"name":"wp","href":"https:\/\/api.w.org\/{rel}","templated":true}]}}